{"id":1003,"date":"2025-09-28T01:26:07","date_gmt":"2025-09-28T01:26:07","guid":{"rendered":"https:\/\/uhmwpemanufacture.com\/?post_type=product&#038;p=1003"},"modified":"2025-09-28T01:29:32","modified_gmt":"2025-09-28T01:29:32","slug":"heavy-duty-crane-uhmwpe-outrigger-pad-jack-stabilizer-dealer","status":"publish","type":"product","link":"https:\/\/uhmwpemanufacture.com\/de\/heavy-duty-crane-uhmwpe-outrigger-pad-jack-stabilizer-dealer\/","title":{"rendered":"Schwerlastkran Uhmwpe Outrigger Pad Jack Stabilizer H\u00e4ndler"},"content":{"rendered":"<h2>Hochbelastbare UHMWPE-Auslegerpads f\u00fcr die Stabilit\u00e4t des Krans<\/h2>\n<p>Diese robusten UHMWPE-Kranabst\u00fctzungen bieten eine hervorragende Bodenabst\u00fctzung und viel Zirkulation f\u00fcr Kr\u00e4ne, Hebeb\u00f6cke und schwere Ger\u00e4te. Entwickelt aus hochfestem UHMWPE-Material, sind diese Auflagen leicht und dennoch sehr belastbar, unempfindlich gegen Br\u00fcche, Verbiegungen und Feuchtigkeitsaufnahme. Die quadratische Form mit ausgepr\u00e4gter Oberfl\u00e4che sorgt f\u00fcr eine gesch\u00fctzte Ablage, w\u00e4hrend die roten Tragegriffe den Transport und die Platzierung sehr einfach machen. Ideal f\u00fcr Baustellen, Hebevorg\u00e4nge und den industriellen Einsatz. Diese Stabilisierungspads sch\u00fctzen den Boden, erh\u00f6hen die Sicherheit und sorgen f\u00fcr eine zuverl\u00e4ssige Leistung unter schweren Tonnen.<\/p>","protected":false},"excerpt":{"rendered":"<p>Hochbelastbare UHMWPE-Auslegerpads bieten eine starke Bodenabst\u00fctzung f\u00fcr Kr\u00e4ne, Hebeb\u00f6cke und schwere Ger\u00e4te. Durch ihr geringes Gewicht, die hohe Tragf\u00e4higkeit und die roten Griffe f\u00fcr den einfachen Transport sorgen diese Abst\u00fctzplatten f\u00fcr sichere und stabile Hebevorg\u00e4nge im Bauwesen und in der Industrie.<\/p>","protected":false},"featured_media":1007,"template":"","meta":{"_gspb_post_css":""},"product_brand":[],"product_cat":[15,20],"product_tag":[103,104,102],"class_list":{"0":"post-1003","1":"product","2":"type-product","3":"status-publish","4":"has-post-thumbnail","6":"product_cat-uhmwpe-hdpe-sheets-plates","7":"product_cat-crane-outrigger-pads","8":"product_tag-crane-stabilizer-pad","9":"product_tag-heavy-duty-jack-pad","10":"product_tag-uhmwpe-outrigger-pad","12":"first","13":"instock","14":"shipping-taxable","15":"product-type-simple"},"_links":{"self":[{"href":"https:\/\/uhmwpemanufacture.com\/de\/wp-json\/wp\/v2\/product\/1003","targetHints":{"allow":["GET"]}}],"collection":[{"href":"https:\/\/uhmwpemanufacture.com\/de\/wp-json\/wp\/v2\/product"}],"about":[{"href":"https:\/\/uhmwpemanufacture.com\/de\/wp-json\/wp\/v2\/types\/product"}],"wp:featuredmedia":[{"embeddable":true,"href":"https:\/\/uhmwpemanufacture.com\/de\/wp-json\/wp\/v2\/media\/1007"}],"wp:attachment":[{"href":"https:\/\/uhmwpemanufacture.com\/de\/wp-json\/wp\/v2\/media?parent=1003"}],"wp:term":[{"taxonomy":"product_brand","embeddable":true,"href":"https:\/\/uhmwpemanufacture.com\/de\/wp-json\/wp\/v2\/product_brand?post=1003"},{"taxonomy":"product_cat","embeddable":true,"href":"https:\/\/uhmwpemanufacture.com\/de\/wp-json\/wp\/v2\/product_cat?post=1003"},{"taxonomy":"product_tag","embeddable":true,"href":"https:\/\/uhmwpemanufacture.com\/de\/wp-json\/wp\/v2\/product_tag?post=1003"}],"curies":[{"name":"wp","href":"https:\/\/api.w.org\/{rel}","templated":true}]}}