{"id":1034,"date":"2025-09-28T01:53:59","date_gmt":"2025-09-28T01:53:59","guid":{"rendered":"https:\/\/uhmwpemanufacture.com\/?post_type=product&#038;p=1034"},"modified":"2025-09-28T07:52:15","modified_gmt":"2025-09-28T07:52:15","slug":"customized-uhmwpe-crane-stacker-cribbing-blocks-wholesaler","status":"publish","type":"product","link":"https:\/\/uhmwpemanufacture.com\/de\/customized-uhmwpe-crane-stacker-cribbing-blocks-wholesaler\/","title":{"rendered":"Kundenspezifische UHMWPE-Kranstapler-Krippenbl\u00f6cke Gro\u00dfh\u00e4ndler"},"content":{"rendered":"<h2>Kundenspezifische UHMWPE-Kranstapler-Krippenbl\u00f6cke<\/h2>\n<p>Unsere ma\u00dfgefertigten UHMWPE-Kranstaplerkl\u00f6tze sind so konstruiert, dass sie Kr\u00e4nen, schweren Werkzeugen und Hebevorg\u00e4ngen au\u00dfergew\u00f6hnlichen Halt und Stabilit\u00e4t bieten. Diese aus ultrahochmolekularem Polyethylen hergestellten Bl\u00f6cke sind leicht, widerstandsf\u00e4hig und resistent gegen Wasser, Chemikalien und Verfall. Ihre hohe Schlagz\u00e4higkeit sorgt f\u00fcr eine lange Lebensdauer, w\u00e4hrend das nichtleitende Design die Sicherheit auf Arbeitspl\u00e4tzen erh\u00f6ht. Die intensiv gelbe Farbe erh\u00f6ht die Sichtbarkeit, und die eingebauten Vorrichtungen erleichtern das Aufnehmen und Aufstapeln. Diese Spreizkl\u00f6tze sind ideal f\u00fcr den Einsatz im Bauwesen, im Bergbau und in der Industrie. Sie sind zuverl\u00e4ssig, mehrfach verwendbar und f\u00fcr hohe Beanspruchung ausgelegt.<\/p>","protected":false},"excerpt":{"rendered":"<p>Kundenspezifische UHMWPE-Kranstaplerbl\u00f6cke bieten eine starke, stabile und leichte Unterst\u00fctzung f\u00fcr schwere Ausr\u00fcstung. Diese langlebigen Bl\u00f6cke sind wasser-, chemikalien- und korrosionsbest\u00e4ndig und zeichnen sich durch hohe Schlagfestigkeit, leuchtend gelbe Sichtbarkeit und einfache Handhabung f\u00fcr sichere und effiziente Hebevorg\u00e4nge aus.<\/p>","protected":false},"featured_media":1040,"template":"","meta":{"_gspb_post_css":""},"product_brand":[],"product_cat":[15,21],"product_tag":[114,115,113],"class_list":{"0":"post-1034","1":"product","2":"type-product","3":"status-publish","4":"has-post-thumbnail","6":"product_cat-uhmwpe-hdpe-sheets-plates","7":"product_cat-uhmwpe-fender-pads","8":"product_tag-crane-stacker-blocks","9":"product_tag-heavy-equipment-stabilizer","10":"product_tag-uhmwpe-cribbing-blocks","12":"first","13":"instock","14":"shipping-taxable","15":"product-type-simple"},"_links":{"self":[{"href":"https:\/\/uhmwpemanufacture.com\/de\/wp-json\/wp\/v2\/product\/1034","targetHints":{"allow":["GET"]}}],"collection":[{"href":"https:\/\/uhmwpemanufacture.com\/de\/wp-json\/wp\/v2\/product"}],"about":[{"href":"https:\/\/uhmwpemanufacture.com\/de\/wp-json\/wp\/v2\/types\/product"}],"wp:featuredmedia":[{"embeddable":true,"href":"https:\/\/uhmwpemanufacture.com\/de\/wp-json\/wp\/v2\/media\/1040"}],"wp:attachment":[{"href":"https:\/\/uhmwpemanufacture.com\/de\/wp-json\/wp\/v2\/media?parent=1034"}],"wp:term":[{"taxonomy":"product_brand","embeddable":true,"href":"https:\/\/uhmwpemanufacture.com\/de\/wp-json\/wp\/v2\/product_brand?post=1034"},{"taxonomy":"product_cat","embeddable":true,"href":"https:\/\/uhmwpemanufacture.com\/de\/wp-json\/wp\/v2\/product_cat?post=1034"},{"taxonomy":"product_tag","embeddable":true,"href":"https:\/\/uhmwpemanufacture.com\/de\/wp-json\/wp\/v2\/product_tag?post=1034"}],"curies":[{"name":"wp","href":"https:\/\/api.w.org\/{rel}","templated":true}]}}