{"id":1054,"date":"2025-09-28T02:40:40","date_gmt":"2025-09-28T02:40:40","guid":{"rendered":"https:\/\/uhmwpemanufacture.com\/?post_type=product&#038;p=1054"},"modified":"2025-09-28T02:40:40","modified_gmt":"2025-09-28T02:40:40","slug":"ground-protection-equipment-efficient-uhmwpe-quick-mats","status":"publish","type":"product","link":"https:\/\/uhmwpemanufacture.com\/de\/ground-protection-equipment-efficient-uhmwpe-quick-mats\/","title":{"rendered":"Bodenschutzger\u00e4te Efficient UHMWPE Quick Mats"},"content":{"rendered":"<h2>Bodenverteidigungsausr\u00fcstung mit UHMWPE-Schnellmatten<\/h2>\n<p>Unsere UHMWPE-Schnelllaufmatten wurden f\u00fcr einen effektiven Bodenschutz entwickelt und bieten eine sichere und gesch\u00fctzte Oberfl\u00e4che f\u00fcr schwere Fahrzeuge, Maschinen und den Fu\u00dfg\u00e4ngerverkehr. Hergestellt aus ultrahochmolekularem Polyethylen sind diese Bodenbel\u00e4ge leicht, langlebig und immun gegen Einfl\u00fcsse, Wasser und Chemikalien. Die ausgepr\u00e4gte Oberfl\u00e4che garantiert eine hervorragende Traktion und verringert das Risiko des Ausrutschens, w\u00e4hrend ihre ineinandergreifende und mobile Anordnung eine schnelle Verlegung und Beseitigung erm\u00f6glicht. Diese Matten eignen sich f\u00fcr den Bau, die Landschaftsgestaltung, Veranstaltungen und Energiearbeiten und sichern Rasen, Erde und empfindliche Bodenoberfl\u00e4chen. Sie sind in verschiedenen Farbt\u00f6nen und Abmessungen erh\u00e4ltlich und bieten eine zuverl\u00e4ssige und wiederverwertbare L\u00f6sung f\u00fcr kurzfristige Zug\u00e4nglichkeit und Bodenstabilit\u00e4t.<\/p>","protected":false},"excerpt":{"rendered":"<p class=\"sr-only\"><span style=\"font-size: 16px;\">Bodenschutzmatten aus UHMWPE bieten starke, wiederverwendbare Oberfl\u00e4chen f\u00fcr schwere Maschinen, Fahrzeuge und Veranstaltungen. Mit ihrer rutschfesten Textur und ihrem geringen Gewicht sorgen sie f\u00fcr einen sicheren, stabilen Zugang auf weichem oder unebenem Boden und sch\u00fctzen gleichzeitig Boden und Gras.<\/span><\/p>","protected":false},"featured_media":1057,"template":"","meta":{"_gspb_post_css":""},"product_brand":[],"product_cat":[24,25],"product_tag":[122,121,120],"class_list":{"0":"post-1054","1":"product","2":"type-product","3":"status-publish","4":"has-post-thumbnail","6":"product_cat-ground-protection-road-mats","7":"product_cat-quick-mats","8":"product_tag-access-mats","9":"product_tag-ground-protection-equipment","10":"product_tag-uhmwpe-quick-mats","12":"first","13":"instock","14":"shipping-taxable","15":"product-type-simple"},"_links":{"self":[{"href":"https:\/\/uhmwpemanufacture.com\/de\/wp-json\/wp\/v2\/product\/1054","targetHints":{"allow":["GET"]}}],"collection":[{"href":"https:\/\/uhmwpemanufacture.com\/de\/wp-json\/wp\/v2\/product"}],"about":[{"href":"https:\/\/uhmwpemanufacture.com\/de\/wp-json\/wp\/v2\/types\/product"}],"wp:featuredmedia":[{"embeddable":true,"href":"https:\/\/uhmwpemanufacture.com\/de\/wp-json\/wp\/v2\/media\/1057"}],"wp:attachment":[{"href":"https:\/\/uhmwpemanufacture.com\/de\/wp-json\/wp\/v2\/media?parent=1054"}],"wp:term":[{"taxonomy":"product_brand","embeddable":true,"href":"https:\/\/uhmwpemanufacture.com\/de\/wp-json\/wp\/v2\/product_brand?post=1054"},{"taxonomy":"product_cat","embeddable":true,"href":"https:\/\/uhmwpemanufacture.com\/de\/wp-json\/wp\/v2\/product_cat?post=1054"},{"taxonomy":"product_tag","embeddable":true,"href":"https:\/\/uhmwpemanufacture.com\/de\/wp-json\/wp\/v2\/product_tag?post=1054"}],"curies":[{"name":"wp","href":"https:\/\/api.w.org\/{rel}","templated":true}]}}