{"id":1116,"date":"2025-09-28T03:57:21","date_gmt":"2025-09-28T03:57:21","guid":{"rendered":"https:\/\/uhmwpemanufacture.com\/?post_type=product&#038;p=1116"},"modified":"2025-09-28T03:57:21","modified_gmt":"2025-09-28T03:57:21","slug":"custom-duty-dura-base-mats-uhmwpe-ground-protection-mat","status":"publish","type":"product","link":"https:\/\/uhmwpemanufacture.com\/de\/custom-duty-dura-base-mats-uhmwpe-ground-protection-mat\/","title":{"rendered":"Custom Duty Dura Base Mats UHMWPE Bodenschutzmatte"},"content":{"rendered":"<h2>Kundenspezifische Aufgabe Dura Base Mats UHMWPE Bodenabwehrmatte<\/h2>\n<p>Ma\u00dfgeschneiderte UHMWPE Dura Base Matten bieten hochbelastbare Bodensicherheit f\u00fcr Geb\u00e4ude, Anl\u00e4sse und industrielle Arbeiten. Diese Bodenbel\u00e4ge sind mit einer haltbaren, strukturierten Oberfl\u00e4che f\u00fcr maximale Griffigkeit ausgestattet und halten schwere Lasten aus, reduzieren die Bodenbelastung und vermeiden Oberfl\u00e4chensch\u00e4den. Sie sind leicht zu montieren und mehrfach verwendbar und eignen sich ideal f\u00fcr den Aufbau von kurzfristigen Verkehrswegen, Arbeitssystemen oder Zugangswegen in schwierigen Umgebungen. Sie sind witterungs-, chemikalien- und sto\u00dfbest\u00e4ndig und sorgen f\u00fcr dauerhafte Effizienz bei gleichzeitiger Sicherheit und Stabilit\u00e4t. Sie sind in verschiedenen Gr\u00f6\u00dfen und Dicken erh\u00e4ltlich, um den unterschiedlichen Anforderungen zahlreicher Industriezweige an die Bodenverteidigung gerecht zu werden.<\/p>","protected":false},"excerpt":{"rendered":"<p>Ma\u00dfgeschneiderte UHMWPE Dura Base Matten bieten einen starken Bodenschutz mit einer strukturierten Oberfl\u00e4che f\u00fcr Traktion. Ideal f\u00fcr schwere Lasten, tempor\u00e4re Stra\u00dfen und industrielle Anwendungen.<\/p>","protected":false},"featured_media":1118,"template":"","meta":{"_gspb_post_css":""},"product_brand":[],"product_cat":[24,27],"product_tag":[140,139,138],"class_list":{"0":"post-1116","1":"product","2":"type-product","3":"status-publish","4":"has-post-thumbnail","6":"product_cat-ground-protection-road-mats","7":"product_cat-dura-mats","8":"product_tag-dura-base-mats","9":"product_tag-ground-protection","10":"product_tag-uhmwpe-mats","12":"first","13":"instock","14":"shipping-taxable","15":"product-type-simple"},"_links":{"self":[{"href":"https:\/\/uhmwpemanufacture.com\/de\/wp-json\/wp\/v2\/product\/1116","targetHints":{"allow":["GET"]}}],"collection":[{"href":"https:\/\/uhmwpemanufacture.com\/de\/wp-json\/wp\/v2\/product"}],"about":[{"href":"https:\/\/uhmwpemanufacture.com\/de\/wp-json\/wp\/v2\/types\/product"}],"wp:featuredmedia":[{"embeddable":true,"href":"https:\/\/uhmwpemanufacture.com\/de\/wp-json\/wp\/v2\/media\/1118"}],"wp:attachment":[{"href":"https:\/\/uhmwpemanufacture.com\/de\/wp-json\/wp\/v2\/media?parent=1116"}],"wp:term":[{"taxonomy":"product_brand","embeddable":true,"href":"https:\/\/uhmwpemanufacture.com\/de\/wp-json\/wp\/v2\/product_brand?post=1116"},{"taxonomy":"product_cat","embeddable":true,"href":"https:\/\/uhmwpemanufacture.com\/de\/wp-json\/wp\/v2\/product_cat?post=1116"},{"taxonomy":"product_tag","embeddable":true,"href":"https:\/\/uhmwpemanufacture.com\/de\/wp-json\/wp\/v2\/product_tag?post=1116"}],"curies":[{"name":"wp","href":"https:\/\/api.w.org\/{rel}","templated":true}]}}