{"id":1126,"date":"2025-09-28T06:03:34","date_gmt":"2025-09-28T06:03:34","guid":{"rendered":"https:\/\/uhmwpemanufacture.com\/?post_type=product&#038;p=1126"},"modified":"2025-09-28T06:03:34","modified_gmt":"2025-09-28T06:03:34","slug":"custom-anti-slip-wear-resistant-uhmwpe-amphimats-vendor","status":"publish","type":"product","link":"https:\/\/uhmwpemanufacture.com\/de\/custom-anti-slip-wear-resistant-uhmwpe-amphimats-vendor\/","title":{"rendered":"Benutzerdefinierte Anti-Rutsch-Verschlei\u00df resistent Uhmwpe Amphimats Verk\u00e4ufer"},"content":{"rendered":"<h2>Ma\u00dfgeschneiderte Anti-Rutsch-Anlage auf immun UHMWPE Amphimats Lieferant<\/h2>\n<p>Diese ma\u00dfgefertigten UHMWPE-Amphibitionsmatten wurden f\u00fcr maximale Widerstandsf\u00e4higkeit und Sicherheit entwickelt und bieten eine bemerkenswerte Verschlei\u00dffestigkeit und lange Lebensdauer. Entwickelt mit einer rutschfesten Oberfl\u00e4che, bieten sie zuverl\u00e4ssigen Halt f\u00fcr schwere Ger\u00e4te, Autos und kurzlebige Zugangsmittel, auch in schwierigen Umgebungen. Dank ihres leichten und dennoch soliden Rahmens sind sie sehr leicht zu transportieren und zu installieren, was eine effiziente Einrichtung der Website gew\u00e4hrleistet. Diese Bodenbel\u00e4ge eignen sich perfekt f\u00fcr Baustellen, Veranstaltungen im Freien und Versorgungsprojekte. Sie sch\u00fctzen den Boden vor Sch\u00e4den und sorgen f\u00fcr sichere Arbeitsbedingungen. Als zuverl\u00e4ssiger Anbieter liefern wir Qualit\u00e4tsprodukte, die auf Ihre Bed\u00fcrfnisse zugeschnitten sind.<\/p>","protected":false},"excerpt":{"rendered":"<p>Ma\u00dfgefertigte UHMWPE-Amphibitionsmatten mit rutschfestem Design gew\u00e4hrleisten Verschlei\u00dffestigkeit und Stabilit\u00e4t f\u00fcr schweres Ger\u00e4t. Sie sind einfach zu installieren und sch\u00fctzen Bodenoberfl\u00e4chen bei Bau-, Veranstaltungs- und Versorgungsprojekten und bieten eine zuverl\u00e4ssige Langzeitleistung.<\/p>","protected":false},"featured_media":1127,"template":"","meta":{"_gspb_post_css":""},"product_brand":[],"product_cat":[24,28],"product_tag":[72,142,143],"class_list":{"0":"post-1126","1":"product","2":"type-product","3":"status-publish","4":"has-post-thumbnail","6":"product_cat-ground-protection-road-mats","7":"product_cat-amphi-mats","8":"product_tag-ground-protection-mats","9":"product_tag-uhmwpe-amphimats","10":"product_tag-wear-resistant-mats","12":"first","13":"instock","14":"shipping-taxable","15":"product-type-simple"},"_links":{"self":[{"href":"https:\/\/uhmwpemanufacture.com\/de\/wp-json\/wp\/v2\/product\/1126","targetHints":{"allow":["GET"]}}],"collection":[{"href":"https:\/\/uhmwpemanufacture.com\/de\/wp-json\/wp\/v2\/product"}],"about":[{"href":"https:\/\/uhmwpemanufacture.com\/de\/wp-json\/wp\/v2\/types\/product"}],"wp:featuredmedia":[{"embeddable":true,"href":"https:\/\/uhmwpemanufacture.com\/de\/wp-json\/wp\/v2\/media\/1127"}],"wp:attachment":[{"href":"https:\/\/uhmwpemanufacture.com\/de\/wp-json\/wp\/v2\/media?parent=1126"}],"wp:term":[{"taxonomy":"product_brand","embeddable":true,"href":"https:\/\/uhmwpemanufacture.com\/de\/wp-json\/wp\/v2\/product_brand?post=1126"},{"taxonomy":"product_cat","embeddable":true,"href":"https:\/\/uhmwpemanufacture.com\/de\/wp-json\/wp\/v2\/product_cat?post=1126"},{"taxonomy":"product_tag","embeddable":true,"href":"https:\/\/uhmwpemanufacture.com\/de\/wp-json\/wp\/v2\/product_tag?post=1126"}],"curies":[{"name":"wp","href":"https:\/\/api.w.org\/{rel}","templated":true}]}}