{"id":1134,"date":"2025-09-28T06:12:44","date_gmt":"2025-09-28T06:12:44","guid":{"rendered":"https:\/\/uhmwpemanufacture.com\/?post_type=product&#038;p=1134"},"modified":"2025-09-28T06:12:44","modified_gmt":"2025-09-28T06:12:44","slug":"custom-boron-uhmwpe-plastic-sheet-boron-borated-wholesaler","status":"publish","type":"product","link":"https:\/\/uhmwpemanufacture.com\/de\/custom-boron-uhmwpe-plastic-sheet-boron-borated-wholesaler\/","title":{"rendered":"Benutzerdefinierte Bor Uhmwpe Kunststoff Blatt Bor Borated Gro\u00dfh\u00e4ndler"},"content":{"rendered":"<h2>Benutzerdefinierte Bor Uhmwpe Kunststoff Blatt Bor Borated Gro\u00dfh\u00e4ndler<\/h2>\n<p>Diese ma\u00dfgeschneiderten UHMWPE-Amphibitionsmatten wurden f\u00fcr maximale Haltbarkeit und Sicherheit entwickelt und bieten eine au\u00dfergew\u00f6hnliche Verschlei\u00dffestigkeit und lange Lebensdauer. Sie sind mit einer rutschfesten Oberfl\u00e4che ausgestattet und bieten eine zuverl\u00e4ssige Bodenabst\u00fctzung f\u00fcr schwere Ger\u00e4te, Fahrzeuge und kurzzeitige Zugangswege, selbst in schwierigen Umgebungen. Dank ihrer leichten und dennoch stabilen Struktur sind sie sehr leicht zu transportieren und aufzustellen, was eine effiziente Baustelleneinrichtung gew\u00e4hrleistet. Diese Bodenbel\u00e4ge eignen sich perfekt f\u00fcr Bau- und Baustellen, f\u00fcr Veranstaltungen im Freien und f\u00fcr Arbeiten im Energiesektor. Sie sch\u00fctzen den Boden vor Sch\u00e4den und sorgen f\u00fcr stabile Arbeitsbedingungen. Als vertrauensw\u00fcrdiger Lieferant bieten wir Ihnen erstklassige, auf Ihre Bed\u00fcrfnisse zugeschnittene Dienstleistungen.<\/p>","protected":false},"excerpt":{"rendered":"<p>Ma\u00dfgefertigte UHMWPE-Amphibitionsmatten mit rutschfestem Design gew\u00e4hrleisten Verschlei\u00dffestigkeit und Stabilit\u00e4t f\u00fcr schweres Ger\u00e4t. Sie sind einfach zu installieren und sch\u00fctzen Bodenoberfl\u00e4chen bei Bau-, Veranstaltungs- und Versorgungsprojekten und bieten eine zuverl\u00e4ssige Langzeitleistung.<\/p>","protected":false},"featured_media":1138,"template":"","meta":{"_gspb_post_css":""},"product_brand":[],"product_cat":[15,19],"product_tag":[72,142,143],"class_list":{"0":"post-1134","1":"product","2":"type-product","3":"status-publish","4":"has-post-thumbnail","6":"product_cat-uhmwpe-hdpe-sheets-plates","7":"product_cat-lead-boron-polyethylene-plates","8":"product_tag-ground-protection-mats","9":"product_tag-uhmwpe-amphimats","10":"product_tag-wear-resistant-mats","12":"first","13":"instock","14":"shipping-taxable","15":"product-type-simple"},"_links":{"self":[{"href":"https:\/\/uhmwpemanufacture.com\/de\/wp-json\/wp\/v2\/product\/1134","targetHints":{"allow":["GET"]}}],"collection":[{"href":"https:\/\/uhmwpemanufacture.com\/de\/wp-json\/wp\/v2\/product"}],"about":[{"href":"https:\/\/uhmwpemanufacture.com\/de\/wp-json\/wp\/v2\/types\/product"}],"wp:featuredmedia":[{"embeddable":true,"href":"https:\/\/uhmwpemanufacture.com\/de\/wp-json\/wp\/v2\/media\/1138"}],"wp:attachment":[{"href":"https:\/\/uhmwpemanufacture.com\/de\/wp-json\/wp\/v2\/media?parent=1134"}],"wp:term":[{"taxonomy":"product_brand","embeddable":true,"href":"https:\/\/uhmwpemanufacture.com\/de\/wp-json\/wp\/v2\/product_brand?post=1134"},{"taxonomy":"product_cat","embeddable":true,"href":"https:\/\/uhmwpemanufacture.com\/de\/wp-json\/wp\/v2\/product_cat?post=1134"},{"taxonomy":"product_tag","embeddable":true,"href":"https:\/\/uhmwpemanufacture.com\/de\/wp-json\/wp\/v2\/product_tag?post=1134"}],"curies":[{"name":"wp","href":"https:\/\/api.w.org\/{rel}","templated":true}]}}