{"id":1141,"date":"2025-09-28T06:16:13","date_gmt":"2025-09-28T06:16:13","guid":{"rendered":"https:\/\/uhmwpemanufacture.com\/?post_type=product&#038;p=1141"},"modified":"2025-09-28T06:16:13","modified_gmt":"2025-09-28T06:16:13","slug":"heavy-engineering-machinery-uhmwpe-plate-crane-wholesaler","status":"publish","type":"product","link":"https:\/\/uhmwpemanufacture.com\/de\/heavy-engineering-machinery-uhmwpe-plate-crane-wholesaler\/","title":{"rendered":"Schwermaschinenbau UHMWPE-Plattenkran Gro\u00dfh\u00e4ndler"},"content":{"rendered":"<h2>Schwermaschinenbau Ausr\u00fcstung UHMWPE Platte Kran H\u00e4ndler<\/h2>\n<p>Diese hochbelastbaren UHMWPE-Platten wurden f\u00fcr Kran- und Maschinenanwendungen entwickelt und bieten eine au\u00dfergew\u00f6hnliche Loseverteilung, Nutzungsresistenz und dauerhafte Widerstandsf\u00e4higkeit. Mit hoher Einflussst\u00e4rke und Korrosionsschutzeigenschaften sorgen sie f\u00fcr Sicherheit im Bauwesen, im Bergbau und im Schwerlastbereich. Sie sind leicht und dennoch solide und lassen sich dank der integrierten Griffe leicht handhaben. Ihre antihaftbeschichtete und witterungsbest\u00e4ndige Oberfl\u00e4che erm\u00f6glicht einen zuverl\u00e4ssigen Einsatz unter schwierigen Bedingungen und verhindert Bodensch\u00e4den, w\u00e4hrend sie gleichzeitig schwere Lasten tragen. Ideal f\u00fcr Spezialisten, Ger\u00e4tevermieter und H\u00e4ndler, die zuverl\u00e4ssige L\u00f6sungen f\u00fcr die Bodenabst\u00fctzung suchen.<\/p>","protected":false},"excerpt":{"rendered":"<p>Kranplatten aus UHMWPE f\u00fcr den Schwermaschinenbau sind f\u00fcr maximale Stabilit\u00e4t und Haltbarkeit ausgelegt. Diese leichten und dennoch robusten Platten sind sto\u00dffest, wasserbest\u00e4ndig und chemikalienbest\u00e4ndig und eignen sich daher ideal f\u00fcr Kr\u00e4ne, Ausleger und Hebevorrichtungen in schwierigen Umgebungen.<\/p>","protected":false},"featured_media":0,"template":"","meta":{"_gspb_post_css":""},"product_brand":[],"product_cat":[15,20],"product_tag":[145,146,144],"class_list":{"0":"post-1141","1":"product","2":"type-product","3":"status-publish","5":"product_cat-uhmwpe-hdpe-sheets-plates","6":"product_cat-crane-outrigger-pads","7":"product_tag-heavy-machinery-support","8":"product_tag-outrigger-mats","9":"product_tag-uhmwpe-crane-pads","11":"first","12":"instock","13":"shipping-taxable","14":"product-type-simple"},"_links":{"self":[{"href":"https:\/\/uhmwpemanufacture.com\/de\/wp-json\/wp\/v2\/product\/1141","targetHints":{"allow":["GET"]}}],"collection":[{"href":"https:\/\/uhmwpemanufacture.com\/de\/wp-json\/wp\/v2\/product"}],"about":[{"href":"https:\/\/uhmwpemanufacture.com\/de\/wp-json\/wp\/v2\/types\/product"}],"wp:attachment":[{"href":"https:\/\/uhmwpemanufacture.com\/de\/wp-json\/wp\/v2\/media?parent=1141"}],"wp:term":[{"taxonomy":"product_brand","embeddable":true,"href":"https:\/\/uhmwpemanufacture.com\/de\/wp-json\/wp\/v2\/product_brand?post=1141"},{"taxonomy":"product_cat","embeddable":true,"href":"https:\/\/uhmwpemanufacture.com\/de\/wp-json\/wp\/v2\/product_cat?post=1141"},{"taxonomy":"product_tag","embeddable":true,"href":"https:\/\/uhmwpemanufacture.com\/de\/wp-json\/wp\/v2\/product_tag?post=1141"}],"curies":[{"name":"wp","href":"https:\/\/api.w.org\/{rel}","templated":true}]}}