{"id":1148,"date":"2025-09-28T06:20:59","date_gmt":"2025-09-28T06:20:59","guid":{"rendered":"https:\/\/uhmwpemanufacture.com\/?post_type=product&#038;p=1148"},"modified":"2025-09-28T06:20:59","modified_gmt":"2025-09-28T06:20:59","slug":"custom-uhmwpe-pom-hdpe-nylon-polyethylene-sheet-wholesaler","status":"publish","type":"product","link":"https:\/\/uhmwpemanufacture.com\/de\/custom-uhmwpe-pom-hdpe-nylon-polyethylene-sheet-wholesaler\/","title":{"rendered":"Benutzerdefinierte Uhmwpe Pom Hdpe Nylon Polyethylen Blatt Gro\u00dfh\u00e4ndler"},"content":{"rendered":"<h2>Benutzerdefinierte Uhmwpe Pom Hdpe Nylon Polyethylen Blatt H\u00e4ndler<\/h2>\n<p>Unsere ma\u00dfgefertigten UHMWPE-, POM-, HDPE- und Nylonplatten bieten eine bemerkenswerte Verschlei\u00dffestigkeit, Effektz\u00e4higkeit und Z\u00e4higkeit f\u00fcr eine Vielzahl von industriellen Anwendungen. Mit geringem Abrieb und hoher chemischer Best\u00e4ndigkeit eignen sich diese Platten f\u00fcr Design, Lebensmittelverarbeitung, mechanische Teile sowie Bau- und Konstruktionsanwendungen. Sie sind in zahlreichen Abmessungen und Dicken erh\u00e4ltlich und bieten eine verl\u00e4ssliche Effizienz bei anspruchsvollen Problemen. Als vertrauensw\u00fcrdiger Gro\u00dfh\u00e4ndler liefern wir erstklassige Produkte zu erschwinglichen Preisen und mit regelm\u00e4\u00dfiger Belieferung, um die unterschiedlichen Kundenanforderungen zu erf\u00fcllen.<\/p>","protected":false},"excerpt":{"rendered":"<p>Kundenspezifische Platten aus UHMWPE, POM, HDPE, Nylon und Polyethylen mit hoher Festigkeit, Verschlei\u00dffestigkeit und chemischer Stabilit\u00e4t. Geeignet f\u00fcr technische, bauliche und industrielle Anwendungen. In verschiedenen Gr\u00f6\u00dfen, Farben und Dicken erh\u00e4ltlich, um unterschiedliche Fertigungsanforderungen zu erf\u00fcllen.<\/p>","protected":false},"featured_media":1151,"template":"","meta":{"_gspb_post_css":""},"product_brand":[],"product_cat":[23],"product_tag":[59,69,56],"class_list":{"0":"post-1148","1":"product","2":"type-product","3":"status-publish","4":"has-post-thumbnail","6":"product_cat-nylon-sheets","7":"product_tag-hdpe-sheet","8":"product_tag-nylon-sheet","9":"product_tag-uhmwpe-sheet","11":"first","12":"instock","13":"shipping-taxable","14":"product-type-simple"},"_links":{"self":[{"href":"https:\/\/uhmwpemanufacture.com\/de\/wp-json\/wp\/v2\/product\/1148","targetHints":{"allow":["GET"]}}],"collection":[{"href":"https:\/\/uhmwpemanufacture.com\/de\/wp-json\/wp\/v2\/product"}],"about":[{"href":"https:\/\/uhmwpemanufacture.com\/de\/wp-json\/wp\/v2\/types\/product"}],"wp:featuredmedia":[{"embeddable":true,"href":"https:\/\/uhmwpemanufacture.com\/de\/wp-json\/wp\/v2\/media\/1151"}],"wp:attachment":[{"href":"https:\/\/uhmwpemanufacture.com\/de\/wp-json\/wp\/v2\/media?parent=1148"}],"wp:term":[{"taxonomy":"product_brand","embeddable":true,"href":"https:\/\/uhmwpemanufacture.com\/de\/wp-json\/wp\/v2\/product_brand?post=1148"},{"taxonomy":"product_cat","embeddable":true,"href":"https:\/\/uhmwpemanufacture.com\/de\/wp-json\/wp\/v2\/product_cat?post=1148"},{"taxonomy":"product_tag","embeddable":true,"href":"https:\/\/uhmwpemanufacture.com\/de\/wp-json\/wp\/v2\/product_tag?post=1148"}],"curies":[{"name":"wp","href":"https:\/\/api.w.org\/{rel}","templated":true}]}}