{"id":1154,"date":"2025-09-28T06:26:46","date_gmt":"2025-09-28T06:26:46","guid":{"rendered":"https:\/\/uhmwpemanufacture.com\/?post_type=product&#038;p=1154"},"modified":"2025-09-28T06:26:46","modified_gmt":"2025-09-28T06:26:46","slug":"uhmwpe-coal-bunker-lining-plate-injection-molded-parts-dealer","status":"publish","type":"product","link":"https:\/\/uhmwpemanufacture.com\/de\/uhmwpe-coal-bunker-lining-plate-injection-molded-parts-dealer\/","title":{"rendered":"UHMWPE Kohle Bunker Auskleidung Platte Spritzgussteile H\u00e4ndler"},"content":{"rendered":"<h2>UHMWPE Kohle Bunker Zellul\u00e4re Auskleidung Platte Injektion gebaut Komponenten Lieferant<\/h2>\n<p>Unsere UHMWPE-Kohlebunkerauskleidungsplatten sind f\u00fcr den harten Einsatz in der Mineralienindustrie entwickelt worden. Mit hoher Verschlei\u00dffestigkeit, Selbstschmierung und hervorragender Schlagz\u00e4higkeit vermeiden sie Materialverstopfungen und reduzieren die Ausfallzeiten bei der Wartung. Diese pr\u00e4zisionsgespritzten Platten sind sehr einfach zu montieren und bieten erstklassigen Schutz vor Abrieb und Korrosion. Sie eignen sich ideal f\u00fcr Kohlebunker, Schurren, Silos und Trichter, verl\u00e4ngern die Lebensdauer der Werkzeuge und sorgen f\u00fcr einen reibungsloseren Massengutumschlag. Diese in der Industrie bew\u00e4hrten Auskleidungen bieten Langlebigkeit und Effizienz in den h\u00e4rtesten Umgebungen, was sie zu einem unverzichtbaren Hilfsmittel f\u00fcr Bergbau- und Verarbeitungsanwendungen macht.<\/p>","protected":false},"excerpt":{"rendered":"<p>UHMWPE-Kohlebunkerauskleidungsplatten bieten hohe Verschlei\u00dffestigkeit, Schlagfestigkeit und Selbstschmierung. Sie sind ideal f\u00fcr Schurren, Silos und Bunker und sorgen f\u00fcr einen reibungslosen Sch\u00fcttgutumschlag, reduzieren Verstopfungen und verl\u00e4ngern die Lebensdauer der Anlagen durch einfache Installation und Haltbarkeit.<\/p>","protected":false},"featured_media":1157,"template":"","meta":{"_gspb_post_css":""},"product_brand":[],"product_cat":[15,22],"product_tag":[149,148,147],"class_list":{"0":"post-1154","1":"product","2":"type-product","3":"status-publish","4":"has-post-thumbnail","6":"product_cat-uhmwpe-hdpe-sheets-plates","7":"product_cat-coal-bunker-limit-plates","8":"product_tag-chute-lining-plate","9":"product_tag-injection-molded-parts","10":"product_tag-uhmwpe-coal-bunker-liner","12":"first","13":"instock","14":"shipping-taxable","15":"product-type-simple"},"_links":{"self":[{"href":"https:\/\/uhmwpemanufacture.com\/de\/wp-json\/wp\/v2\/product\/1154","targetHints":{"allow":["GET"]}}],"collection":[{"href":"https:\/\/uhmwpemanufacture.com\/de\/wp-json\/wp\/v2\/product"}],"about":[{"href":"https:\/\/uhmwpemanufacture.com\/de\/wp-json\/wp\/v2\/types\/product"}],"wp:featuredmedia":[{"embeddable":true,"href":"https:\/\/uhmwpemanufacture.com\/de\/wp-json\/wp\/v2\/media\/1157"}],"wp:attachment":[{"href":"https:\/\/uhmwpemanufacture.com\/de\/wp-json\/wp\/v2\/media?parent=1154"}],"wp:term":[{"taxonomy":"product_brand","embeddable":true,"href":"https:\/\/uhmwpemanufacture.com\/de\/wp-json\/wp\/v2\/product_brand?post=1154"},{"taxonomy":"product_cat","embeddable":true,"href":"https:\/\/uhmwpemanufacture.com\/de\/wp-json\/wp\/v2\/product_cat?post=1154"},{"taxonomy":"product_tag","embeddable":true,"href":"https:\/\/uhmwpemanufacture.com\/de\/wp-json\/wp\/v2\/product_tag?post=1154"}],"curies":[{"name":"wp","href":"https:\/\/api.w.org\/{rel}","templated":true}]}}