{"id":1170,"date":"2025-09-28T06:39:29","date_gmt":"2025-09-28T06:39:29","guid":{"rendered":"https:\/\/uhmwpemanufacture.com\/?post_type=product&#038;p=1170"},"modified":"2025-09-28T07:52:03","modified_gmt":"2025-09-28T07:52:03","slug":"reliability-uhmw-pe-cribbing-blocks-heavy-load-applications","status":"publish","type":"product","link":"https:\/\/uhmwpemanufacture.com\/de\/reliability-uhmw-pe-cribbing-blocks-heavy-load-applications\/","title":{"rendered":"Zuverl\u00e4ssigkeit UHMW-PE Spreizsperren f\u00fcr Schwerlastanwendungen"},"content":{"rendered":"<h2>Zuverl\u00e4ssigkeit UHMW-PE Spreizsperren f\u00fcr Schwerlastanwendungen<\/h2>\n<p>UHMW-PE-Krippenbl\u00f6cke sind f\u00fcr au\u00dfergew\u00f6hnliche Ausdauer, Widerstandsf\u00e4higkeit und Sicherheit bei Schwerlastanwendungen konzipiert. Diese Bl\u00f6cke wurden f\u00fcr den Bau, den Bergbau und den Katastrophenschutz entwickelt und halten Verschlei\u00df, St\u00f6\u00dfen und extremen Witterungsbedingungen stand, w\u00e4hrend sie gleichzeitig eine hervorragende Tonnenverteilung aufweisen. Ihr leichtes und dennoch haltbares Ger\u00fcst sorgt f\u00fcr eine einfache Handhabung und doppelte Verwendung ohne Absplitterung oder Rissbildung. Dank ihrer nicht absorbierenden und chemikalienbest\u00e4ndigen Eigenschaften eignen sie sich hervorragend f\u00fcr Au\u00dfenbereiche, in denen Feuchtigkeit, \u00d6le oder Chemikalien vorkommen. Sie eignen sich perfekt zur Stabilisierung von Kr\u00e4nen, Fahrzeugen und Ausr\u00fcstungen und bieten unverw\u00fcstliche Zuverl\u00e4ssigkeit bei anspruchsvollen Problemen.<\/p>","protected":false},"excerpt":{"rendered":"<p>UHMW-PE-Sicherungsbl\u00f6cke bieten zuverl\u00e4ssige Festigkeit und Stabilit\u00e4t f\u00fcr Anwendungen mit schweren Lasten. Sie sind leicht, langlebig und chemikalienbest\u00e4ndig und bieten sicheren Halt f\u00fcr Kr\u00e4ne, Lastwagen und Maschinen im Bauwesen, im Bergbau und in der Industrie.<\/p>","protected":false},"featured_media":1173,"template":"","meta":{"_gspb_post_css":""},"product_brand":[],"product_cat":[15,21],"product_tag":[154,153,113],"class_list":{"0":"post-1170","1":"product","2":"type-product","3":"status-publish","4":"has-post-thumbnail","6":"product_cat-uhmwpe-hdpe-sheets-plates","7":"product_cat-uhmwpe-fender-pads","8":"product_tag-crane-stabilizer-blocks","9":"product_tag-heavy-load-support","10":"product_tag-uhmwpe-cribbing-blocks","12":"first","13":"instock","14":"shipping-taxable","15":"product-type-simple"},"_links":{"self":[{"href":"https:\/\/uhmwpemanufacture.com\/de\/wp-json\/wp\/v2\/product\/1170","targetHints":{"allow":["GET"]}}],"collection":[{"href":"https:\/\/uhmwpemanufacture.com\/de\/wp-json\/wp\/v2\/product"}],"about":[{"href":"https:\/\/uhmwpemanufacture.com\/de\/wp-json\/wp\/v2\/types\/product"}],"wp:featuredmedia":[{"embeddable":true,"href":"https:\/\/uhmwpemanufacture.com\/de\/wp-json\/wp\/v2\/media\/1173"}],"wp:attachment":[{"href":"https:\/\/uhmwpemanufacture.com\/de\/wp-json\/wp\/v2\/media?parent=1170"}],"wp:term":[{"taxonomy":"product_brand","embeddable":true,"href":"https:\/\/uhmwpemanufacture.com\/de\/wp-json\/wp\/v2\/product_brand?post=1170"},{"taxonomy":"product_cat","embeddable":true,"href":"https:\/\/uhmwpemanufacture.com\/de\/wp-json\/wp\/v2\/product_cat?post=1170"},{"taxonomy":"product_tag","embeddable":true,"href":"https:\/\/uhmwpemanufacture.com\/de\/wp-json\/wp\/v2\/product_tag?post=1170"}],"curies":[{"name":"wp","href":"https:\/\/api.w.org\/{rel}","templated":true}]}}