{"id":1175,"date":"2025-09-28T06:42:45","date_gmt":"2025-09-28T06:42:45","guid":{"rendered":"https:\/\/uhmwpemanufacture.com\/?post_type=product&#038;p=1175"},"modified":"2025-09-28T06:42:45","modified_gmt":"2025-09-28T06:42:45","slug":"resistant-uhmwpe-plate-natural-peek-board-plastic-exporter","status":"publish","type":"product","link":"https:\/\/uhmwpemanufacture.com\/de\/resistant-uhmwpe-plate-natural-peek-board-plastic-exporter\/","title":{"rendered":"Widerstandsf\u00e4hige Uhmwpe-Platte Nat\u00fcrliche PEEK-Platte Kunststoff Exporteur"},"content":{"rendered":"<h2>Immune Uhmwpe Platte Natural PEEK Board Plastic Merchant<\/h2>\n<p>Unsere widerstandsf\u00e4higen UHMWPE-Platten und nat\u00fcrlichen PEEK-Board-Produkte bieten eine ph\u00e4nomenale Widerstandsf\u00e4higkeit und Effizienz in einer Vielzahl von Anwendungen. Diese Design-Kunststoffe sind f\u00fcr hohe Beanspruchung, starken Verschlei\u00df und anspruchsvolle Umgebungen ausgelegt und bieten eine hervorragende Best\u00e4ndigkeit gegen Chemikalien, Reibung und Feuchtigkeit. Mit ihrer ausgezeichneten Bearbeitbarkeit und Stabilit\u00e4t sind sie optimal f\u00fcr industrielle Bauteile, mechanische Komponenten und Pr\u00e4zisionsarmaturen geeignet. Erh\u00e4ltlich in Platten, Stangen und kundenspezifischen Formen, erf\u00fcllen sie die vielf\u00e4ltigen Anforderungen von Branchen wie der Automobilindustrie, dem Bergbau, der Luft- und Raumfahrt und der Lebensmittelverarbeitung. Dank ihrer zuverl\u00e4ssigen Qualit\u00e4t und langen Lebensdauer sind sie eine vertrauensw\u00fcrdige Wahl f\u00fcr globale Vertreter.<\/p>\n<h2>Trick-Attribute<\/h2>\n<p>Hohe Verschlei\u00df- und Schlagfestigkeit<\/p>\n<p>Hervorragende chemische Stabilit\u00e4t<\/p>\n<p>Hervorragende Bearbeitbarkeit und Anpassungsf\u00e4higkeit<\/p>\n<p>Unempfindlich gegen Feuchtigkeit und Korrosion<\/p>\n<p>Erh\u00e4ltlich in zahlreichen Formen und Gr\u00f6\u00dfen<\/p>","protected":false},"excerpt":{"rendered":"<p>Widerstandsf\u00e4hige UHMWPE-Platten und nat\u00fcrliche PEEK-Platten bieten hervorragende Festigkeit, Verschlei\u00dffestigkeit und chemische Stabilit\u00e4t. Diese Kunststoffe eignen sich perfekt f\u00fcr industrielle Komponenten, Maschinen und technische Anwendungen und bieten eine lange Lebensdauer und zuverl\u00e4ssige Leistung bei anspruchsvollen Anwendungen.<\/p>","protected":false},"featured_media":1178,"template":"","meta":{"_gspb_post_css":""},"product_brand":[],"product_cat":[15,17],"product_tag":[157,156,155],"class_list":{"0":"post-1175","1":"product","2":"type-product","3":"status-publish","4":"has-post-thumbnail","6":"product_cat-uhmwpe-hdpe-sheets-plates","7":"product_cat-uhmwpe-sheets","8":"product_tag-engineering-plastics","9":"product_tag-peek-board","10":"product_tag-uhmwpe-plate","12":"first","13":"instock","14":"shipping-taxable","15":"product-type-simple"},"_links":{"self":[{"href":"https:\/\/uhmwpemanufacture.com\/de\/wp-json\/wp\/v2\/product\/1175","targetHints":{"allow":["GET"]}}],"collection":[{"href":"https:\/\/uhmwpemanufacture.com\/de\/wp-json\/wp\/v2\/product"}],"about":[{"href":"https:\/\/uhmwpemanufacture.com\/de\/wp-json\/wp\/v2\/types\/product"}],"wp:featuredmedia":[{"embeddable":true,"href":"https:\/\/uhmwpemanufacture.com\/de\/wp-json\/wp\/v2\/media\/1178"}],"wp:attachment":[{"href":"https:\/\/uhmwpemanufacture.com\/de\/wp-json\/wp\/v2\/media?parent=1175"}],"wp:term":[{"taxonomy":"product_brand","embeddable":true,"href":"https:\/\/uhmwpemanufacture.com\/de\/wp-json\/wp\/v2\/product_brand?post=1175"},{"taxonomy":"product_cat","embeddable":true,"href":"https:\/\/uhmwpemanufacture.com\/de\/wp-json\/wp\/v2\/product_cat?post=1175"},{"taxonomy":"product_tag","embeddable":true,"href":"https:\/\/uhmwpemanufacture.com\/de\/wp-json\/wp\/v2\/product_tag?post=1175"}],"curies":[{"name":"wp","href":"https:\/\/api.w.org\/{rel}","templated":true}]}}