{"id":1187,"date":"2025-09-28T06:52:59","date_gmt":"2025-09-28T06:52:59","guid":{"rendered":"https:\/\/uhmwpemanufacture.com\/?post_type=product&#038;p=1187"},"modified":"2025-09-28T06:52:59","modified_gmt":"2025-09-28T06:52:59","slug":"uhmwpe-temporary-road-construction-mud-ground-quick-mat","status":"publish","type":"product","link":"https:\/\/uhmwpemanufacture.com\/de\/uhmwpe-temporary-road-construction-mud-ground-quick-mat\/","title":{"rendered":"Uhmwpe Tempor\u00e4re Stra\u00dfenbau Schlamm Boden Schnell Matte"},"content":{"rendered":"<h2>UHMWPE Tempor\u00e4re Fahrbahn Bau und Konstruktion Schlamm Boden Schnell Matte<\/h2>\n<p>Die kurzlebigen UHMWPE-Stra\u00dfenmatten wurden entwickelt, um eine sichere und stabile Bodenunterst\u00fctzung in schwierigen Umgebungen zu bieten. Dank ihrer hohen Belastbarkeit und Nutzungsresistenz verhindern diese Bodenbel\u00e4ge, dass Ger\u00e4te im Schlamm oder auf weichem Untergrund versinken. Sie sind leicht und dennoch stabil und k\u00f6nnen schnell eingesetzt werden, um tempor\u00e4re Stra\u00dfen, Arbeitsb\u00fchnen oder Zugangswege f\u00fcr Veranstaltungen zu schaffen. Die rutschfeste, unverwechselbare Oberfl\u00e4che garantiert zuverl\u00e4ssigen Halt, w\u00e4hrend ihre chemische Best\u00e4ndigkeit sie f\u00fcr den Einsatz auf dem Bau, auf \u00d6lfeldern, im Bergbau und im Au\u00dfenbereich geeignet macht. Recycelbar und sehr leicht zu reinigen, bieten diese Bodenbel\u00e4ge erschwingliche, umweltfreundliche Dienste f\u00fcr die Bodensicherheit gesuchte Anwendungen.<\/p>","protected":false},"excerpt":{"rendered":"<p>Behelfsm\u00e4\u00dfige UHMWPE-Stra\u00dfenmatten bieten starken Halt auf Schlamm, Sand und weichem Terrain. Leicht zu verlegen, rutschfest, wiederverwendbar und ideal f\u00fcr Bau, Bergbau und Veranstaltungen.<\/p>","protected":false},"featured_media":1191,"template":"","meta":{"_gspb_post_css":""},"product_brand":[],"product_cat":[24,25],"product_tag":[160,162,161],"class_list":{"0":"post-1187","1":"product","2":"type-product","3":"status-publish","4":"has-post-thumbnail","6":"product_cat-ground-protection-road-mats","7":"product_cat-quick-mats","8":"product_tag-construction-access-mats","9":"product_tag-temporary-ground-protection","10":"product_tag-uhmwpe-road-mats","12":"first","13":"instock","14":"shipping-taxable","15":"product-type-simple"},"_links":{"self":[{"href":"https:\/\/uhmwpemanufacture.com\/de\/wp-json\/wp\/v2\/product\/1187","targetHints":{"allow":["GET"]}}],"collection":[{"href":"https:\/\/uhmwpemanufacture.com\/de\/wp-json\/wp\/v2\/product"}],"about":[{"href":"https:\/\/uhmwpemanufacture.com\/de\/wp-json\/wp\/v2\/types\/product"}],"wp:featuredmedia":[{"embeddable":true,"href":"https:\/\/uhmwpemanufacture.com\/de\/wp-json\/wp\/v2\/media\/1191"}],"wp:attachment":[{"href":"https:\/\/uhmwpemanufacture.com\/de\/wp-json\/wp\/v2\/media?parent=1187"}],"wp:term":[{"taxonomy":"product_brand","embeddable":true,"href":"https:\/\/uhmwpemanufacture.com\/de\/wp-json\/wp\/v2\/product_brand?post=1187"},{"taxonomy":"product_cat","embeddable":true,"href":"https:\/\/uhmwpemanufacture.com\/de\/wp-json\/wp\/v2\/product_cat?post=1187"},{"taxonomy":"product_tag","embeddable":true,"href":"https:\/\/uhmwpemanufacture.com\/de\/wp-json\/wp\/v2\/product_tag?post=1187"}],"curies":[{"name":"wp","href":"https:\/\/api.w.org\/{rel}","templated":true}]}}