{"id":1195,"date":"2025-09-28T06:57:49","date_gmt":"2025-09-28T06:57:49","guid":{"rendered":"https:\/\/uhmwpemanufacture.com\/?post_type=product&#038;p=1195"},"modified":"2025-09-28T06:57:49","modified_gmt":"2025-09-28T06:57:49","slug":"custom-professional-plastic-injection-molding-pp-pe-product","status":"publish","type":"product","link":"https:\/\/uhmwpemanufacture.com\/de\/custom-professional-plastic-injection-molding-pp-pe-product\/","title":{"rendered":"Benutzerdefinierte professionelle Kunststoff-Spritzgie\u00dfen Pp Pe Produkt"},"content":{"rendered":"<h2>Personalisiertes professionelles Kunststoff-Spritzgie\u00dfen PP PE Produkt<\/h2>\n<p>Unsere kundenspezifischen PP- und PE-Spritzgie\u00dfartikel sind f\u00fcr Pr\u00e4zision, Langlebigkeit und Komfort in zahlreichen Branchen konzipiert. Sie werden mit fortschrittlicher Spritzgusstechnologie hergestellt und gew\u00e4hrleisten regelm\u00e4\u00dfige Leistung und hervorragende Beschichtungsqualit\u00e4t. Diese Kunststoffteile sind leicht und dennoch solide, verschlei\u00dffest, sto\u00dffest und chemikalienbest\u00e4ndig und eignen sich daher f\u00fcr Anwendungen in der Automobilindustrie, Elektronik, Produktverpackung und Industrie. Ma\u00dfgeschneiderte Abhilfema\u00dfnahmen k\u00f6nnen in verschiedenen Formen, Abmessungen und Farbt\u00f6nen hergestellt werden, um spezielle Kundenanforderungen zu erf\u00fcllen. Diese Formteile eignen sich f\u00fcr die Gro\u00dfserienproduktion und bieten hohe Leistung, Kosteneffizienz und Zuverl\u00e4ssigkeit, die in den gew\u00fcnschten Umgebungen gefragt sind.<\/p>","protected":false},"excerpt":{"rendered":"<p>Kundenspezifische PP- und PE-Kunststoffspritzgussprodukte mit hoher Pr\u00e4zision, Haltbarkeit und Chemikalienbest\u00e4ndigkeit. Erh\u00e4ltlich in verschiedenen Formen, Gr\u00f6\u00dfen und Farben, ideal f\u00fcr Automobil-, Elektronik-, Verpackungs- und Industrieanwendungen, die zuverl\u00e4ssige Leistung erfordern.<\/p>","protected":false},"featured_media":1201,"template":"","meta":{"_gspb_post_css":""},"product_brand":[],"product_cat":[35],"product_tag":[165,163,164],"class_list":{"0":"post-1195","1":"product","2":"type-product","3":"status-publish","4":"has-post-thumbnail","6":"product_cat-pp-pe-products","7":"product_tag-custom-plastic-products","8":"product_tag-plastic-injection-molding","9":"product_tag-pp-pe-molded-parts","11":"first","12":"instock","13":"shipping-taxable","14":"product-type-simple"},"_links":{"self":[{"href":"https:\/\/uhmwpemanufacture.com\/de\/wp-json\/wp\/v2\/product\/1195","targetHints":{"allow":["GET"]}}],"collection":[{"href":"https:\/\/uhmwpemanufacture.com\/de\/wp-json\/wp\/v2\/product"}],"about":[{"href":"https:\/\/uhmwpemanufacture.com\/de\/wp-json\/wp\/v2\/types\/product"}],"wp:featuredmedia":[{"embeddable":true,"href":"https:\/\/uhmwpemanufacture.com\/de\/wp-json\/wp\/v2\/media\/1201"}],"wp:attachment":[{"href":"https:\/\/uhmwpemanufacture.com\/de\/wp-json\/wp\/v2\/media?parent=1195"}],"wp:term":[{"taxonomy":"product_brand","embeddable":true,"href":"https:\/\/uhmwpemanufacture.com\/de\/wp-json\/wp\/v2\/product_brand?post=1195"},{"taxonomy":"product_cat","embeddable":true,"href":"https:\/\/uhmwpemanufacture.com\/de\/wp-json\/wp\/v2\/product_cat?post=1195"},{"taxonomy":"product_tag","embeddable":true,"href":"https:\/\/uhmwpemanufacture.com\/de\/wp-json\/wp\/v2\/product_tag?post=1195"}],"curies":[{"name":"wp","href":"https:\/\/api.w.org\/{rel}","templated":true}]}}