{"id":1220,"date":"2025-09-28T07:10:25","date_gmt":"2025-09-28T07:10:25","guid":{"rendered":"https:\/\/uhmwpemanufacture.com\/?post_type=product&#038;p=1220"},"modified":"2025-09-28T07:11:06","modified_gmt":"2025-09-28T07:11:06","slug":"manufacturer-portable-court-floor-tiles-ice-hockey-mat","status":"publish","type":"product","link":"https:\/\/uhmwpemanufacture.com\/de\/manufacturer-portable-court-floor-tiles-ice-hockey-mat\/","title":{"rendered":"Hersteller Tragbare Bodenfliesen Eishockeymatte"},"content":{"rendered":"<h2>Maker Portable Court Bodenfliesen Eishockeymatte<\/h2>\n<p>Unsere Keramikfliesen f\u00fcr tragbare Spielfelder und Eishockey-Bodenbel\u00e4ge sind bequem, robust und leicht zu verlegen. Die aus hochwertigen Produkten hergestellten Keramikfliesen bieten eine glatte, sichere und rutschfeste Oberfl\u00e4che, die echtem Eis \u00e4hnelt und somit ideal f\u00fcr Hockeytraining, Schlittschuhlaufen und Multisportarten geeignet ist. Das leichte, modulare Design erm\u00f6glicht einen schnellen Auf- und Abbau, ideal f\u00fcr kurzlebige Pl\u00e4tze, Heimtraining oder spezielle Veranstaltungen. Sie sind unempfindlich gegen Witterungseinfl\u00fcsse, St\u00f6\u00dfe und Abnutzung und gew\u00e4hrleisten eine zuverl\u00e4ssige Leistung im Innen- und Au\u00dfenbereich. Als vertrauensw\u00fcrdiger Lieferant bieten wir anpassbare Abmessungen und Farbt\u00f6ne, um die unterschiedlichsten Anforderungen an Vorf\u00fchrung und Freizeit zu erf\u00fcllen.<\/p>","protected":false},"excerpt":{"rendered":"<p>Tragbare Bodenplatten und Eishockeymatten bieten eine glatte, haltbare und rutschfeste Oberfl\u00e4che f\u00fcr Training und Spiele. Sie sind einfach zu verlegen und witterungsbest\u00e4ndig. Sie eignen sich ideal f\u00fcr das Training zu Hause, f\u00fcr tempor\u00e4re Pl\u00e4tze und f\u00fcr professionelle Veranstaltungen und bieten zuverl\u00e4ssige Leistung f\u00fcr drinnen und drau\u00dfen.<\/p>","protected":false},"featured_media":1224,"template":"","meta":{"_gspb_post_css":""},"product_brand":[],"product_cat":[29,31],"product_tag":[171,172,173],"class_list":{"0":"post-1220","1":"product","2":"type-product","3":"status-publish","4":"has-post-thumbnail","6":"product_cat-ice-rink-products","7":"product_cat-hockey-practice-shooting-pads","8":"product_tag-ice-hockey-mat","9":"product_tag-portable-court-tiles","10":"product_tag-sports-flooring-manufacturer","12":"first","13":"instock","14":"shipping-taxable","15":"product-type-simple"},"_links":{"self":[{"href":"https:\/\/uhmwpemanufacture.com\/de\/wp-json\/wp\/v2\/product\/1220","targetHints":{"allow":["GET"]}}],"collection":[{"href":"https:\/\/uhmwpemanufacture.com\/de\/wp-json\/wp\/v2\/product"}],"about":[{"href":"https:\/\/uhmwpemanufacture.com\/de\/wp-json\/wp\/v2\/types\/product"}],"wp:featuredmedia":[{"embeddable":true,"href":"https:\/\/uhmwpemanufacture.com\/de\/wp-json\/wp\/v2\/media\/1224"}],"wp:attachment":[{"href":"https:\/\/uhmwpemanufacture.com\/de\/wp-json\/wp\/v2\/media?parent=1220"}],"wp:term":[{"taxonomy":"product_brand","embeddable":true,"href":"https:\/\/uhmwpemanufacture.com\/de\/wp-json\/wp\/v2\/product_brand?post=1220"},{"taxonomy":"product_cat","embeddable":true,"href":"https:\/\/uhmwpemanufacture.com\/de\/wp-json\/wp\/v2\/product_cat?post=1220"},{"taxonomy":"product_tag","embeddable":true,"href":"https:\/\/uhmwpemanufacture.com\/de\/wp-json\/wp\/v2\/product_tag?post=1220"}],"curies":[{"name":"wp","href":"https:\/\/api.w.org\/{rel}","templated":true}]}}