{"id":1259,"date":"2025-09-28T07:32:13","date_gmt":"2025-09-28T07:32:13","guid":{"rendered":"https:\/\/uhmwpemanufacture.com\/?post_type=product&#038;p=1259"},"modified":"2025-09-28T07:32:13","modified_gmt":"2025-09-28T07:32:13","slug":"high-strength-anti-slip-outrigger-pads-customizable-hdpe","status":"publish","type":"product","link":"https:\/\/uhmwpemanufacture.com\/de\/high-strength-anti-slip-outrigger-pads-customizable-hdpe\/","title":{"rendered":"Hochfeste, rutschfeste Auslegerpads Anpassbare HDPE"},"content":{"rendered":"<h2>Hochfeste Anti-Rutsch-Polster f\u00fcr Ausleger einstellbar HDPE<\/h2>\n<p>Unsere hochbelastbaren HDPE-Auslegerpads sind f\u00fcr die sichere und zuverl\u00e4ssige Unterst\u00fctzung von Kr\u00e4nen, Aufz\u00fcgen und schweren Maschinen konzipiert. Sie sind mit einer langlebigen, rutschfesten Oberfl\u00e4che ausgestattet, die auch auf weichem oder unregelm\u00e4\u00dfigem Boden eine sichere Positionierung gew\u00e4hrleistet. Die leichte, aber dennoch harte Bauweise und Konstruktion macht es einfach, mit ihnen umzugehen und sie zu transportieren, w\u00e4hrend sie gleichzeitig eine au\u00dfergew\u00f6hnliche Tragf\u00e4higkeit aufweisen. Sie sind unempfindlich gegen Wasser, Chemikalien und extreme Witterungseinfl\u00fcsse und eignen sich daher f\u00fcr den Einsatz in beliebten Umgebungen. Sie sind in verschiedenen Gr\u00f6\u00dfen, Dichten und Formen erh\u00e4ltlich und bieten sichere, effektive und wiederverwendbare L\u00f6sungen f\u00fcr Anwendungen im Bauwesen, in der Industrie und im Energiesektor.<\/p>","protected":false},"excerpt":{"rendered":"<p>Hochfeste HDPE-Auslegerpads mit rutschfester Oberfl\u00e4che sorgen f\u00fcr eine stabile Abst\u00fctzung von Kr\u00e4nen und schweren Maschinen. Sie sind leicht, langlebig und witterungsbest\u00e4ndig und lassen sich in Gr\u00f6\u00dfe und Form anpassen. Sie bieten sichere, wiederverwendbare L\u00f6sungen f\u00fcr Bau- und Industrieprojekte.<\/p>","protected":false},"featured_media":1264,"template":"","meta":{"_gspb_post_css":""},"product_brand":[],"product_cat":[15,20],"product_tag":[187,186,185],"class_list":{"0":"post-1259","1":"product","2":"type-product","3":"status-publish","4":"has-post-thumbnail","6":"product_cat-uhmwpe-hdpe-sheets-plates","7":"product_cat-crane-outrigger-pads","8":"product_tag-anti-slip-ground-pads","9":"product_tag-crane-stabilizer-pads","10":"product_tag-hdpe-outrigger-pads","12":"first","13":"instock","14":"shipping-taxable","15":"product-type-simple"},"_links":{"self":[{"href":"https:\/\/uhmwpemanufacture.com\/de\/wp-json\/wp\/v2\/product\/1259","targetHints":{"allow":["GET"]}}],"collection":[{"href":"https:\/\/uhmwpemanufacture.com\/de\/wp-json\/wp\/v2\/product"}],"about":[{"href":"https:\/\/uhmwpemanufacture.com\/de\/wp-json\/wp\/v2\/types\/product"}],"wp:featuredmedia":[{"embeddable":true,"href":"https:\/\/uhmwpemanufacture.com\/de\/wp-json\/wp\/v2\/media\/1264"}],"wp:attachment":[{"href":"https:\/\/uhmwpemanufacture.com\/de\/wp-json\/wp\/v2\/media?parent=1259"}],"wp:term":[{"taxonomy":"product_brand","embeddable":true,"href":"https:\/\/uhmwpemanufacture.com\/de\/wp-json\/wp\/v2\/product_brand?post=1259"},{"taxonomy":"product_cat","embeddable":true,"href":"https:\/\/uhmwpemanufacture.com\/de\/wp-json\/wp\/v2\/product_cat?post=1259"},{"taxonomy":"product_tag","embeddable":true,"href":"https:\/\/uhmwpemanufacture.com\/de\/wp-json\/wp\/v2\/product_tag?post=1259"}],"curies":[{"name":"wp","href":"https:\/\/api.w.org\/{rel}","templated":true}]}}