{"id":1268,"date":"2025-09-28T07:34:37","date_gmt":"2025-09-28T07:34:37","guid":{"rendered":"https:\/\/uhmwpemanufacture.com\/?post_type=product&#038;p=1268"},"modified":"2025-09-28T07:34:37","modified_gmt":"2025-09-28T07:34:37","slug":"high-durability-nylon-low-friction-plastic-rods-wholesaler","status":"publish","type":"product","link":"https:\/\/uhmwpemanufacture.com\/de\/high-durability-nylon-low-friction-plastic-rods-wholesaler\/","title":{"rendered":"Hochbest\u00e4ndige Nylon-Kunststoffst\u00e4be mit geringer Reibung Gro\u00dfh\u00e4ndler"},"content":{"rendered":"<h2>Hochfeste Nylon-Kunststoffstangen mit geringer Reibung H\u00e4ndler<\/h2>\n<p>Unsere Nylon-Kunststoffstangen sind auf hohe Belastbarkeit und hervorragende reibungsarme Effizienz ausgelegt, was sie zu einer verl\u00e4sslichen Wahl f\u00fcr anspruchsvolle industrielle Anwendungen macht. Diese Stangen zeichnen sich durch erstklassige Verschlei\u00dffestigkeit, hohe Zugfestigkeit und Schlagz\u00e4higkeit aus und gew\u00e4hrleisten eine lange Lebensdauer unter hohen Tonnen und st\u00e4ndigem Gebrauch. Dank ihrer hervorragenden Bearbeitbarkeit k\u00f6nnen sie schnell gek\u00fcrzt, gebohrt oder zu kundenspezifischen Elementen wie Buchsen, Ausr\u00fcstungen, Rollen und Lagern geformt werden. Unempfindlich gegen Chemikalien und Feuchtigkeit, bleiben die Nylonstangen auch in schwierigen Umgebungen stabil. Als zuverl\u00e4ssiger H\u00e4ndler bieten wir Nylonstangen in verschiedenen Gr\u00f6\u00dfen, L\u00e4ngen und Farben an, um die unterschiedlichsten Fertigungsanforderungen zu erf\u00fcllen.<\/p>","protected":false},"excerpt":{"rendered":"<p>Nylon-Kunststoffstangen bieten hohe Haltbarkeit, geringe Reibung und ausgezeichnete Verschlei\u00dffestigkeit. Sie sind ideal f\u00fcr Buchsen, Zahnr\u00e4der, Rollen und Lager und bieten Festigkeit, Bearbeitbarkeit und Stabilit\u00e4t in industriellen Anwendungen. Erh\u00e4ltlich in verschiedenen Gr\u00f6\u00dfen bei einem vertrauensw\u00fcrdigen Gro\u00dfh\u00e4ndler.<\/p>","protected":false},"featured_media":1274,"template":"","meta":{"_gspb_post_css":""},"product_brand":[],"product_cat":[15],"product_tag":[190,189,188],"class_list":{"0":"post-1268","1":"product","2":"type-product","3":"status-publish","4":"has-post-thumbnail","6":"product_cat-uhmwpe-hdpe-sheets-plates","7":"product_tag-industrial-nylon-rods","8":"product_tag-low-friction-rods","9":"product_tag-nylon-plastic-rods","11":"first","12":"instock","13":"shipping-taxable","14":"product-type-simple"},"_links":{"self":[{"href":"https:\/\/uhmwpemanufacture.com\/de\/wp-json\/wp\/v2\/product\/1268","targetHints":{"allow":["GET"]}}],"collection":[{"href":"https:\/\/uhmwpemanufacture.com\/de\/wp-json\/wp\/v2\/product"}],"about":[{"href":"https:\/\/uhmwpemanufacture.com\/de\/wp-json\/wp\/v2\/types\/product"}],"wp:featuredmedia":[{"embeddable":true,"href":"https:\/\/uhmwpemanufacture.com\/de\/wp-json\/wp\/v2\/media\/1274"}],"wp:attachment":[{"href":"https:\/\/uhmwpemanufacture.com\/de\/wp-json\/wp\/v2\/media?parent=1268"}],"wp:term":[{"taxonomy":"product_brand","embeddable":true,"href":"https:\/\/uhmwpemanufacture.com\/de\/wp-json\/wp\/v2\/product_brand?post=1268"},{"taxonomy":"product_cat","embeddable":true,"href":"https:\/\/uhmwpemanufacture.com\/de\/wp-json\/wp\/v2\/product_cat?post=1268"},{"taxonomy":"product_tag","embeddable":true,"href":"https:\/\/uhmwpemanufacture.com\/de\/wp-json\/wp\/v2\/product_tag?post=1268"}],"curies":[{"name":"wp","href":"https:\/\/api.w.org\/{rel}","templated":true}]}}