{"id":1285,"date":"2025-09-28T07:44:07","date_gmt":"2025-09-28T07:44:07","guid":{"rendered":"https:\/\/uhmwpemanufacture.com\/?post_type=product&#038;p=1285"},"modified":"2025-09-28T07:44:07","modified_gmt":"2025-09-28T07:44:07","slug":"uhmwpe-tarpaulin-pe-material-for-lighting-cut-extruded","status":"publish","type":"product","link":"https:\/\/uhmwpemanufacture.com\/de\/uhmwpe-tarpaulin-pe-material-for-lighting-cut-extruded\/","title":{"rendered":"UHMWPE Plane PE Material f\u00fcr Beleuchtung geschnitten &amp; extrudiert"},"content":{"rendered":"<h2>UHMWPE Plane PE Material f\u00fcr Beleuchtung geschnitten &amp; extrudiert<\/h2>\n<p>Unser PE-Produkt UHMWPE-Plane wurde f\u00fcr h\u00f6chste Robustheit, Flexibilit\u00e4t und Widerstandsf\u00e4higkeit gegen raue Bedingungen entwickelt. Das aus ultrahochmolekularem Polyethylen hergestellte Produkt zeichnet sich durch hervorragende Rei\u00dffestigkeit, Abriebfestigkeit und Wetterbest\u00e4ndigkeit aus. Dieses f\u00fcr Beleuchtungsanwendungen geeignete Produkt kann speziell zugeschnitten und extrudiert werden, um kundenspezifische Anforderungen zu erf\u00fcllen. Es bietet dauerhaften Schutz gegen UV-Strahlen, Feuchtigkeit und Chemikalien und ist somit ideal f\u00fcr den Innen- und Au\u00dfenbereich. Leicht und dennoch solide, garantiert es eine einfache Handhabung und Installation. Eine funktionelle L\u00f6sung f\u00fcr den Handel, das Baugewerbe und gewerbliche Aufgaben, die eine zuverl\u00e4ssige Abdeckung und Auskleidung erfordern.<\/p>","protected":false},"excerpt":{"rendered":"<p>UHMWPE-Planen aus PE-Material bieten eine hervorragende Haltbarkeit und Wetterbest\u00e4ndigkeit. Es l\u00e4sst sich leicht zuschneiden und extrudieren und ist ideal f\u00fcr Beleuchtungs-, Bau- und Industrieanwendungen. Es bietet UV-, Feuchtigkeits- und Chemikalienschutz mit lang anhaltender Leistung im Innen- und Au\u00dfenbereich.<\/p>","protected":false},"featured_media":1291,"template":"","meta":{"_gspb_post_css":""},"product_brand":[],"product_cat":[15,18],"product_tag":[196,195,194],"class_list":{"0":"post-1285","1":"product","2":"type-product","3":"status-publish","4":"has-post-thumbnail","6":"product_cat-uhmwpe-hdpe-sheets-plates","7":"product_cat-hdpe-sheets","8":"product_tag-extruded-plastic-material","9":"product_tag-pe-sheet-material","10":"product_tag-uhmwpe-tarpaulin","12":"first","13":"instock","14":"shipping-taxable","15":"product-type-simple"},"_links":{"self":[{"href":"https:\/\/uhmwpemanufacture.com\/de\/wp-json\/wp\/v2\/product\/1285","targetHints":{"allow":["GET"]}}],"collection":[{"href":"https:\/\/uhmwpemanufacture.com\/de\/wp-json\/wp\/v2\/product"}],"about":[{"href":"https:\/\/uhmwpemanufacture.com\/de\/wp-json\/wp\/v2\/types\/product"}],"wp:featuredmedia":[{"embeddable":true,"href":"https:\/\/uhmwpemanufacture.com\/de\/wp-json\/wp\/v2\/media\/1291"}],"wp:attachment":[{"href":"https:\/\/uhmwpemanufacture.com\/de\/wp-json\/wp\/v2\/media?parent=1285"}],"wp:term":[{"taxonomy":"product_brand","embeddable":true,"href":"https:\/\/uhmwpemanufacture.com\/de\/wp-json\/wp\/v2\/product_brand?post=1285"},{"taxonomy":"product_cat","embeddable":true,"href":"https:\/\/uhmwpemanufacture.com\/de\/wp-json\/wp\/v2\/product_cat?post=1285"},{"taxonomy":"product_tag","embeddable":true,"href":"https:\/\/uhmwpemanufacture.com\/de\/wp-json\/wp\/v2\/product_tag?post=1285"}],"curies":[{"name":"wp","href":"https:\/\/api.w.org\/{rel}","templated":true}]}}