{"id":1294,"date":"2025-09-28T07:52:35","date_gmt":"2025-09-28T07:52:35","guid":{"rendered":"https:\/\/uhmwpemanufacture.com\/?post_type=product&#038;p=1294"},"modified":"2025-09-28T07:52:35","modified_gmt":"2025-09-28T07:52:35","slug":"heavy-duty-uhmwpe-cribbing-blocks-crane-outrigger-pads-crane","status":"publish","type":"product","link":"https:\/\/uhmwpemanufacture.com\/de\/heavy-duty-uhmwpe-cribbing-blocks-crane-outrigger-pads-crane\/","title":{"rendered":"Hochbelastbare UHMWPE-Krippenbl\u00f6cke Kranauslegerpads Kran"},"content":{"rendered":"<h2>Hochbelastbare UHMWPE-Krippenbl\u00f6cke Kranauslegerpads<\/h2>\n<p>Unsere hochbelastbaren UHMWPE-Krippenbl\u00f6cke und Kranauslegerpads sind so konstruiert, dass sie eine hervorragende Tragf\u00e4higkeit und Sicherheit f\u00fcr Kr\u00e4ne und schwere Maschinen bieten. Sie werden aus ultrahochmolekularem Polyethylen hergestellt, sind leicht, widerstandsf\u00e4hig und resistent gegen Wasser, Chemikalien und extremes Klima. Die rutschfeste Oberfl\u00e4che sorgt f\u00fcr eine sichere Positionierung, w\u00e4hrend die hohe Widerstandsf\u00e4higkeit ein Brechen oder Absplittern unter schweren Tonnen verhindert. Diese leicht zu handhabenden und wiederverwertbaren Unterlagen sch\u00fctzen die Bodenfl\u00e4chen und verl\u00e4ngern die Lebensdauer der Ger\u00e4te. Sie eignen sich perfekt f\u00fcr das Baugewerbe, den Bergbau und industrielle Schulungsma\u00dfnahmen und bieten eine zuverl\u00e4ssige, dauerhafte Unterst\u00fctzung in anspruchsvollen Umgebungen.<\/p>","protected":false},"excerpt":{"rendered":"<p>Hochbelastbare UHMWPE-Krippenbl\u00f6cke und Auslegerpads bieten starke, stabile Unterst\u00fctzung f\u00fcr Kr\u00e4ne und schwere Maschinen. Sie sind leicht, langlebig und witterungsbest\u00e4ndig, verf\u00fcgen \u00fcber rutschfeste Oberfl\u00e4chen und eine hohe Schlagfestigkeit und gew\u00e4hrleisten sicheres und zuverl\u00e4ssiges Heben in anspruchsvollen Umgebungen.<\/p>","protected":false},"featured_media":1295,"template":"","meta":{"_gspb_post_css":""},"product_brand":[],"product_cat":[15,21],"product_tag":[197,198,113],"class_list":{"0":"post-1294","1":"product","2":"type-product","3":"status-publish","4":"has-post-thumbnail","6":"product_cat-uhmwpe-hdpe-sheets-plates","7":"product_cat-uhmwpe-fender-pads","8":"product_tag-crane-outrigger-pads","9":"product_tag-heavy-machinery-stabilizer","10":"product_tag-uhmwpe-cribbing-blocks","12":"first","13":"instock","14":"shipping-taxable","15":"product-type-simple"},"_links":{"self":[{"href":"https:\/\/uhmwpemanufacture.com\/de\/wp-json\/wp\/v2\/product\/1294","targetHints":{"allow":["GET"]}}],"collection":[{"href":"https:\/\/uhmwpemanufacture.com\/de\/wp-json\/wp\/v2\/product"}],"about":[{"href":"https:\/\/uhmwpemanufacture.com\/de\/wp-json\/wp\/v2\/types\/product"}],"wp:featuredmedia":[{"embeddable":true,"href":"https:\/\/uhmwpemanufacture.com\/de\/wp-json\/wp\/v2\/media\/1295"}],"wp:attachment":[{"href":"https:\/\/uhmwpemanufacture.com\/de\/wp-json\/wp\/v2\/media?parent=1294"}],"wp:term":[{"taxonomy":"product_brand","embeddable":true,"href":"https:\/\/uhmwpemanufacture.com\/de\/wp-json\/wp\/v2\/product_brand?post=1294"},{"taxonomy":"product_cat","embeddable":true,"href":"https:\/\/uhmwpemanufacture.com\/de\/wp-json\/wp\/v2\/product_cat?post=1294"},{"taxonomy":"product_tag","embeddable":true,"href":"https:\/\/uhmwpemanufacture.com\/de\/wp-json\/wp\/v2\/product_tag?post=1294"}],"curies":[{"name":"wp","href":"https:\/\/api.w.org\/{rel}","templated":true}]}}