{"id":1327,"date":"2025-09-28T08:14:47","date_gmt":"2025-09-28T08:14:47","guid":{"rendered":"https:\/\/uhmwpemanufacture.com\/?post_type=product&#038;p=1327"},"modified":"2025-09-28T08:14:47","modified_gmt":"2025-09-28T08:14:47","slug":"high-performance-outdoor-hockey-rink-pe-sheet-wholesaler","status":"publish","type":"product","link":"https:\/\/uhmwpemanufacture.com\/de\/high-performance-outdoor-hockey-rink-pe-sheet-wholesaler\/","title":{"rendered":"Hochwertige PE-Platten f\u00fcr den Au\u00dfenbereich von Hockeypl\u00e4tzen Gro\u00dfh\u00e4ndler"},"content":{"rendered":"<h2>Hocheffiziente PE-Folie f\u00fcr den Au\u00dfenbereich von Hockeypl\u00e4tzen Gro\u00dfh\u00e4ndler<\/h2>\n<p>Unsere leistungsstarken PE-Folien f\u00fcr den Au\u00dfenbereich von Eishockeybahnen sind so konzipiert, dass sie ein reibungsloses Gleiten, Robustheit und Sicherheit f\u00fcr professionelles und privates Schlittschuhlaufen bieten. Die aus kostenintensivem Polyethylen hergestellten Bahnen bieten eine ausgezeichnete Widerstandsf\u00e4higkeit gegen Einwirkungen, geringe Reibung und Witterungsbest\u00e4ndigkeit und gew\u00e4hrleisten einen zuverl\u00e4ssigen Einsatz im Au\u00dfenbereich. Ihre robuste Struktur h\u00e4lt starker Beanspruchung und UV-Bestrahlung stand, w\u00e4hrend die einfach zu installierenden Platten eine schnelle Konfiguration und Wartung erm\u00f6glichen. Sie eignen sich f\u00fcr Eishockeypl\u00e4tze, Trainingszentren und Freizeitanlagen und sorgen f\u00fcr eine lang anhaltende Effizienz. Als zuverl\u00e4ssiger H\u00e4ndler bieten wir anpassbare Abmessungen und Dichten an, um die unterschiedlichsten Anforderungen an die Eisbahn zu erf\u00fcllen.<\/p>","protected":false},"excerpt":{"rendered":"<p>Hochleistungs-PE-Folien f\u00fcr den Au\u00dfenbereich von Eishockeypl\u00e4tzen bieten reibungsloses Gleiten, Haltbarkeit und Wetterbest\u00e4ndigkeit. Mit geringer Reibung und Schlagz\u00e4higkeit sind sie ideal f\u00fcr Eisbahnen, Training und Freizeitnutzung. Ma\u00dfgefertigte Gr\u00f6\u00dfen sind bei einem vertrauensw\u00fcrdigen Gro\u00dfh\u00e4ndler erh\u00e4ltlich und garantieren zuverl\u00e4ssige Leistung.<\/p>","protected":false},"featured_media":1333,"template":"","meta":{"_gspb_post_css":""},"product_brand":[],"product_cat":[29,30],"product_tag":[205,206,207],"class_list":{"0":"post-1327","1":"product","2":"type-product","3":"status-publish","4":"has-post-thumbnail","6":"product_cat-ice-rink-products","7":"product_cat-hockey-ice-rink-dasher-boards","8":"product_tag-hockey-rink-pe-sheet","9":"product_tag-outdoor-skating-panels","10":"product_tag-polyethylene-rink-boards","12":"first","13":"instock","14":"shipping-taxable","15":"product-type-simple"},"_links":{"self":[{"href":"https:\/\/uhmwpemanufacture.com\/de\/wp-json\/wp\/v2\/product\/1327","targetHints":{"allow":["GET"]}}],"collection":[{"href":"https:\/\/uhmwpemanufacture.com\/de\/wp-json\/wp\/v2\/product"}],"about":[{"href":"https:\/\/uhmwpemanufacture.com\/de\/wp-json\/wp\/v2\/types\/product"}],"wp:featuredmedia":[{"embeddable":true,"href":"https:\/\/uhmwpemanufacture.com\/de\/wp-json\/wp\/v2\/media\/1333"}],"wp:attachment":[{"href":"https:\/\/uhmwpemanufacture.com\/de\/wp-json\/wp\/v2\/media?parent=1327"}],"wp:term":[{"taxonomy":"product_brand","embeddable":true,"href":"https:\/\/uhmwpemanufacture.com\/de\/wp-json\/wp\/v2\/product_brand?post=1327"},{"taxonomy":"product_cat","embeddable":true,"href":"https:\/\/uhmwpemanufacture.com\/de\/wp-json\/wp\/v2\/product_cat?post=1327"},{"taxonomy":"product_tag","embeddable":true,"href":"https:\/\/uhmwpemanufacture.com\/de\/wp-json\/wp\/v2\/product_tag?post=1327"}],"curies":[{"name":"wp","href":"https:\/\/api.w.org\/{rel}","templated":true}]}}