{"id":1360,"date":"2025-09-28T08:35:44","date_gmt":"2025-09-28T08:35:44","guid":{"rendered":"https:\/\/uhmwpemanufacture.com\/?post_type=product&#038;p=1360"},"modified":"2025-09-28T08:35:44","modified_gmt":"2025-09-28T08:35:44","slug":"uhmwpe-hdpe-temporary-construction-track-road-dura-mat","status":"publish","type":"product","link":"https:\/\/uhmwpemanufacture.com\/de\/uhmwpe-hdpe-temporary-construction-track-road-dura-mat\/","title":{"rendered":"UHMWPE HDPE Tempor\u00e4re Baustra\u00dfe Dura Mat"},"content":{"rendered":"<h2>UHMWPE HDPE Provisorische Baustra\u00dfe Fahrbahn Dura-Bodenbelag<\/h2>\n<p>Unsere kurzlebigen UHMWPE- und HDPE-Baustra\u00dfenmatten sind so konzipiert, dass sie einen soliden, stabilen und wiederverwendbaren Bodenschutz f\u00fcr schwere Ger\u00e4te, Lastwagen und Arbeitsteams bieten. Die aus Hochleistungspolyethylen hergestellten Matten zeichnen sich durch hohe Belastbarkeit, Widerstandsf\u00e4higkeit und chemische Best\u00e4ndigkeit aus und garantieren eine hohe Widerstandsf\u00e4higkeit in harten Bauumgebungen. Die rutschfeste Oberfl\u00e4che verbessert die Traktion und Sicherheit auf schlampigem, ungleichm\u00e4\u00dfigem oder weichem Boden. Sie sind leicht und einfach zu verlegen und k\u00f6nnen schnell f\u00fcr kurzzeitig zug\u00e4ngliche Stra\u00dfen, Arbeitssysteme oder Veranstaltungsorte eingesetzt werden. Diese Bodenbel\u00e4ge sch\u00fctzen den Boden, reduzieren Sch\u00e4den und unterst\u00fctzen effiziente Abl\u00e4ufe auf Baustellen und bei Industrieprojekten.<\/p>","protected":false},"excerpt":{"rendered":"<p>UHMWPE- und HDPE-Dura-Matten f\u00fcr tempor\u00e4re Bauma\u00dfnahmen bieten stabilen Bodenschutz f\u00fcr schwere Maschinen. Mit ihren rutschfesten Oberfl\u00e4chen, der hohen Belastbarkeit und der einfachen Installation sind sie ideal f\u00fcr die Schaffung sicherer Zufahrtswege, Arbeitsplattformen und Bereitstellungsfl\u00e4chen auf weichem oder unebenem Gel\u00e4nde.<\/p>","protected":false},"featured_media":1361,"template":"","meta":{"_gspb_post_css":""},"product_brand":[],"product_cat":[24,27],"product_tag":[216,76,217],"class_list":{"0":"post-1360","1":"product","2":"type-product","3":"status-publish","4":"has-post-thumbnail","6":"product_cat-ground-protection-road-mats","7":"product_cat-dura-mats","8":"product_tag-construction-track-mats","9":"product_tag-temporary-road-mats","10":"product_tag-uhmwpe-hdpe-mats","12":"first","13":"instock","14":"shipping-taxable","15":"product-type-simple"},"_links":{"self":[{"href":"https:\/\/uhmwpemanufacture.com\/de\/wp-json\/wp\/v2\/product\/1360","targetHints":{"allow":["GET"]}}],"collection":[{"href":"https:\/\/uhmwpemanufacture.com\/de\/wp-json\/wp\/v2\/product"}],"about":[{"href":"https:\/\/uhmwpemanufacture.com\/de\/wp-json\/wp\/v2\/types\/product"}],"wp:featuredmedia":[{"embeddable":true,"href":"https:\/\/uhmwpemanufacture.com\/de\/wp-json\/wp\/v2\/media\/1361"}],"wp:attachment":[{"href":"https:\/\/uhmwpemanufacture.com\/de\/wp-json\/wp\/v2\/media?parent=1360"}],"wp:term":[{"taxonomy":"product_brand","embeddable":true,"href":"https:\/\/uhmwpemanufacture.com\/de\/wp-json\/wp\/v2\/product_brand?post=1360"},{"taxonomy":"product_cat","embeddable":true,"href":"https:\/\/uhmwpemanufacture.com\/de\/wp-json\/wp\/v2\/product_cat?post=1360"},{"taxonomy":"product_tag","embeddable":true,"href":"https:\/\/uhmwpemanufacture.com\/de\/wp-json\/wp\/v2\/product_tag?post=1360"}],"curies":[{"name":"wp","href":"https:\/\/api.w.org\/{rel}","templated":true}]}}