{"id":1406,"date":"2025-09-28T09:08:09","date_gmt":"2025-09-28T09:08:09","guid":{"rendered":"https:\/\/uhmwpemanufacture.com\/?post_type=product&#038;p=1406"},"modified":"2025-09-28T09:08:09","modified_gmt":"2025-09-28T09:08:09","slug":"portable-uhmwpe-plastic-cribbing-blocks-crane-outrigger-pads","status":"publish","type":"product","link":"https:\/\/uhmwpemanufacture.com\/de\/portable-uhmwpe-plastic-cribbing-blocks-crane-outrigger-pads\/","title":{"rendered":"Tragbare UHMWPE-Kunststoff-Krippenbl\u00f6cke Kranausleger-Pads"},"content":{"rendered":"<h2>Tragbare UHMWPE-Kunststoff-Krippenbl\u00f6cke Kranausleger-Pads<\/h2>\n<p>Unsere tragbaren UHMWPE-Kunststoffkl\u00f6tze und Kranausleger sind so konstruiert, dass sie \u00fcberragende Festigkeit, Stabilit\u00e4t und Haltbarkeit f\u00fcr schwere Hebearbeiten bieten. Sie werden aus ultrahochmolekularem Polyethylen hergestellt und sind wasser-, chemikalien- und witterungsbest\u00e4ndig, was eine langfristige Leistung auf anspruchsvollen Baustellen gew\u00e4hrleistet. Die leichte und dennoch stabile Struktur erm\u00f6glicht eine einfache Handhabung, w\u00e4hrend die rutschfeste Oberfl\u00e4che eine sichere Platzierung unter Kr\u00e4nen, Auslegern und schweren Maschinen erm\u00f6glicht. Diese Bl\u00f6cke sind f\u00fcr den wiederholten Einsatz konzipiert und sch\u00fctzen Bodenoberfl\u00e4chen, verringern den Verschlei\u00df von Ger\u00e4ten und erh\u00f6hen die allgemeine Sicherheit auf der Baustelle. Ideal f\u00fcr Bau-, Bergbau- und Industrieanwendungen, die eine zuverl\u00e4ssige Lastabst\u00fctzung erfordern.<\/p>","protected":false},"excerpt":{"rendered":"<p>Tragbare UHMWPE-Abst\u00fctzbl\u00f6cke und Auslegerpads bieten eine dauerhafte, leichte Unterst\u00fctzung f\u00fcr Kr\u00e4ne und schwere Maschinen. Mit ihren rutschfesten Oberfl\u00e4chen und ihrer Witterungsbest\u00e4ndigkeit sorgen sie f\u00fcr Stabilit\u00e4t, sch\u00fctzen den Boden und bieten eine sichere Hebeleistung im Bauwesen und in der Industrie.<\/p>","protected":false},"featured_media":1411,"template":"","meta":{"_gspb_post_css":""},"product_brand":[],"product_cat":[15,21],"product_tag":[197,232,113],"class_list":{"0":"post-1406","1":"product","2":"type-product","3":"status-publish","4":"has-post-thumbnail","6":"product_cat-uhmwpe-hdpe-sheets-plates","7":"product_cat-uhmwpe-fender-pads","8":"product_tag-crane-outrigger-pads","9":"product_tag-portable-support-pads","10":"product_tag-uhmwpe-cribbing-blocks","12":"first","13":"instock","14":"shipping-taxable","15":"product-type-simple"},"_links":{"self":[{"href":"https:\/\/uhmwpemanufacture.com\/de\/wp-json\/wp\/v2\/product\/1406","targetHints":{"allow":["GET"]}}],"collection":[{"href":"https:\/\/uhmwpemanufacture.com\/de\/wp-json\/wp\/v2\/product"}],"about":[{"href":"https:\/\/uhmwpemanufacture.com\/de\/wp-json\/wp\/v2\/types\/product"}],"wp:featuredmedia":[{"embeddable":true,"href":"https:\/\/uhmwpemanufacture.com\/de\/wp-json\/wp\/v2\/media\/1411"}],"wp:attachment":[{"href":"https:\/\/uhmwpemanufacture.com\/de\/wp-json\/wp\/v2\/media?parent=1406"}],"wp:term":[{"taxonomy":"product_brand","embeddable":true,"href":"https:\/\/uhmwpemanufacture.com\/de\/wp-json\/wp\/v2\/product_brand?post=1406"},{"taxonomy":"product_cat","embeddable":true,"href":"https:\/\/uhmwpemanufacture.com\/de\/wp-json\/wp\/v2\/product_cat?post=1406"},{"taxonomy":"product_tag","embeddable":true,"href":"https:\/\/uhmwpemanufacture.com\/de\/wp-json\/wp\/v2\/product_tag?post=1406"}],"curies":[{"name":"wp","href":"https:\/\/api.w.org\/{rel}","templated":true}]}}