{"id":1429,"date":"2025-09-28T09:24:10","date_gmt":"2025-09-28T09:24:10","guid":{"rendered":"https:\/\/uhmwpemanufacture.com\/?post_type=product&#038;p=1429"},"modified":"2025-09-28T09:24:10","modified_gmt":"2025-09-28T09:24:10","slug":"custom-eco-friendly-high-quality-uhmwpe-sheet-manufacturer","status":"publish","type":"product","link":"https:\/\/uhmwpemanufacture.com\/de\/custom-eco-friendly-high-quality-uhmwpe-sheet-manufacturer\/","title":{"rendered":"Benutzerdefinierte umweltfreundliche hohe Qualit\u00e4t Uhmwpe Blatt Hersteller"},"content":{"rendered":"<h2>Hersteller von umweltfreundlichen UHMWPE-Platten in Premiumqualit\u00e4t nach Ma\u00df<\/h2>\n<p>Unsere ma\u00dfgefertigten gr\u00fcnen UHMWPE-Platten sind f\u00fcr bemerkenswerte Effizienz und Nachhaltigkeit geschaffen. Hergestellt aus hochmolekularem Polyethylen, bieten diese Platten eine hervorragende Verschlei\u00dffestigkeit, geringe Reibung und eine hohe Effektivit\u00e4t. Ihre ungiftigen, recycelbaren Eigenschaften machen sie optimal f\u00fcr Branchen, die umweltfreundliche L\u00f6sungen suchen, ohne auf hohe Qualit\u00e4t zu verzichten. Diese Platten eignen sich perfekt f\u00fcr Auskleidungen, Bearbeitungen und dauerhafte Designprojekte und gew\u00e4hrleisten eine lange Lebensdauer auch in rauen Umgebungen. Als vertrauensw\u00fcrdiger Hersteller bieten wir anpassbare Gr\u00f6\u00dfen, Dicken und Farbt\u00f6ne an, um Ihre genauen Anforderungen zu erf\u00fcllen und sowohl industrielle als auch umweltfreundliche Anwendungen zu unterst\u00fctzen.<\/p>","protected":false},"excerpt":{"rendered":"<p>Kundenspezifische, umweltfreundliche UHMWPE-Platten bieten eine hervorragende Verschlei\u00dffestigkeit, Schlagfestigkeit und geringe Reibung. Sie sind ungiftig und recycelbar und eignen sich ideal f\u00fcr Auskleidungen, Bearbeitungen und industrielle Anwendungen. Erh\u00e4ltlich in anpassbaren Gr\u00f6\u00dfen und Farben, um verschiedene Anwendungsanforderungen zu erf\u00fcllen.<\/p>","protected":false},"featured_media":1432,"template":"","meta":{"_gspb_post_css":""},"product_brand":[],"product_cat":[15,17],"product_tag":[238,239,56],"class_list":{"0":"post-1429","1":"product","2":"type-product","3":"status-publish","4":"has-post-thumbnail","6":"product_cat-uhmwpe-hdpe-sheets-plates","7":"product_cat-uhmwpe-sheets","8":"product_tag-eco-friendly-plastic","9":"product_tag-industrial-lining","10":"product_tag-uhmwpe-sheet","12":"first","13":"instock","14":"shipping-taxable","15":"product-type-simple"},"_links":{"self":[{"href":"https:\/\/uhmwpemanufacture.com\/de\/wp-json\/wp\/v2\/product\/1429","targetHints":{"allow":["GET"]}}],"collection":[{"href":"https:\/\/uhmwpemanufacture.com\/de\/wp-json\/wp\/v2\/product"}],"about":[{"href":"https:\/\/uhmwpemanufacture.com\/de\/wp-json\/wp\/v2\/types\/product"}],"wp:featuredmedia":[{"embeddable":true,"href":"https:\/\/uhmwpemanufacture.com\/de\/wp-json\/wp\/v2\/media\/1432"}],"wp:attachment":[{"href":"https:\/\/uhmwpemanufacture.com\/de\/wp-json\/wp\/v2\/media?parent=1429"}],"wp:term":[{"taxonomy":"product_brand","embeddable":true,"href":"https:\/\/uhmwpemanufacture.com\/de\/wp-json\/wp\/v2\/product_brand?post=1429"},{"taxonomy":"product_cat","embeddable":true,"href":"https:\/\/uhmwpemanufacture.com\/de\/wp-json\/wp\/v2\/product_cat?post=1429"},{"taxonomy":"product_tag","embeddable":true,"href":"https:\/\/uhmwpemanufacture.com\/de\/wp-json\/wp\/v2\/product_tag?post=1429"}],"curies":[{"name":"wp","href":"https:\/\/api.w.org\/{rel}","templated":true}]}}