{"id":1435,"date":"2025-09-28T09:28:22","date_gmt":"2025-09-28T09:28:22","guid":{"rendered":"https:\/\/uhmwpemanufacture.com\/?post_type=product&#038;p=1435"},"modified":"2025-09-28T09:28:22","modified_gmt":"2025-09-28T09:28:22","slug":"custom-hdpe-heavy-duty-road-mats-temporary-access-road-mats","status":"publish","type":"product","link":"https:\/\/uhmwpemanufacture.com\/de\/custom-hdpe-heavy-duty-road-mats-temporary-access-road-mats\/","title":{"rendered":"Kundenspezifische HDPE-Stra\u00dfenmatten f\u00fcr hohe Beanspruchung Vor\u00fcbergehende Stra\u00dfenmatten"},"content":{"rendered":"<h2>Ma\u00dfgeschneiderte robuste HDPE-Fahrbahnmatten Vor\u00fcbergehend befahrbare Fahrbahnmatten<\/h2>\n<p>Personalisierte HDPE-Stra\u00dfenmatten bieten zuverl\u00e4ssigen Bodenschutz und vor\u00fcbergehende Zug\u00e4nglichkeit f\u00fcr Bau-, \u00d6lfeld- und schwere Ger\u00e4teprojekte. Diese aus hochdichtem Polyethylen entwickelten Matten widerstehen dem Verfall, Chemikalien und extremen Klimabedingungen, w\u00e4hrend sie schwere Tonnen aushalten, ohne zu rei\u00dfen. Die ausgepr\u00e4gte Anti-Rutsch-Oberfl\u00e4che sorgt f\u00fcr Sicherheit auf unebenem, unregelm\u00e4\u00dfigem oder empfindlichem Terrain. Sie sind leicht und dennoch hart und lassen sich einfach transportieren, aufstellen und wiederverwenden, was sie zu einer umweltfreundlichen L\u00f6sung f\u00fcr den Schutz von Schmutz, Gras und Arbeitsbereichen macht. Diese Matten eignen sich perfekt f\u00fcr den Aufbau stabiler, kurzfristiger Stra\u00dfen, Arbeitsplattformen und gelegentlicher Zugangswege und bieten St\u00e4rke und Haltbarkeit f\u00fcr anspruchsvolle kommerzielle Anwendungen.<\/p>","protected":false},"excerpt":{"rendered":"<p>Ma\u00dfgefertigte HDPE-Stra\u00dfenmatten f\u00fcr den Schwerlastverkehr bieten stabilen Bodenschutz f\u00fcr schwere Maschinen und Fahrzeuge. Mit ihren rutschfesten Oberfl\u00e4chen und ihrer hohen Belastbarkeit sind sie wiederverwendbar, witterungsbest\u00e4ndig und ideal f\u00fcr Baustellen, \u00d6lfelder und tempor\u00e4re Zufahrtswege auf weichem oder unebenem Gel\u00e4nde.<\/p>","protected":false},"featured_media":1437,"template":"","meta":{"_gspb_post_css":""},"product_brand":[],"product_cat":[24,27],"product_tag":[73,240,241],"class_list":{"0":"post-1435","1":"product","2":"type-product","3":"status-publish","4":"has-post-thumbnail","6":"product_cat-ground-protection-road-mats","7":"product_cat-dura-mats","8":"product_tag-hdpe-road-mats","9":"product_tag-heavy-duty-ground-mats","10":"product_tag-temporary-access-mats","12":"first","13":"instock","14":"shipping-taxable","15":"product-type-simple"},"_links":{"self":[{"href":"https:\/\/uhmwpemanufacture.com\/de\/wp-json\/wp\/v2\/product\/1435","targetHints":{"allow":["GET"]}}],"collection":[{"href":"https:\/\/uhmwpemanufacture.com\/de\/wp-json\/wp\/v2\/product"}],"about":[{"href":"https:\/\/uhmwpemanufacture.com\/de\/wp-json\/wp\/v2\/types\/product"}],"wp:featuredmedia":[{"embeddable":true,"href":"https:\/\/uhmwpemanufacture.com\/de\/wp-json\/wp\/v2\/media\/1437"}],"wp:attachment":[{"href":"https:\/\/uhmwpemanufacture.com\/de\/wp-json\/wp\/v2\/media?parent=1435"}],"wp:term":[{"taxonomy":"product_brand","embeddable":true,"href":"https:\/\/uhmwpemanufacture.com\/de\/wp-json\/wp\/v2\/product_brand?post=1435"},{"taxonomy":"product_cat","embeddable":true,"href":"https:\/\/uhmwpemanufacture.com\/de\/wp-json\/wp\/v2\/product_cat?post=1435"},{"taxonomy":"product_tag","embeddable":true,"href":"https:\/\/uhmwpemanufacture.com\/de\/wp-json\/wp\/v2\/product_tag?post=1435"}],"curies":[{"name":"wp","href":"https:\/\/api.w.org\/{rel}","templated":true}]}}