{"id":1573,"date":"2025-10-09T01:24:19","date_gmt":"2025-10-09T01:24:19","guid":{"rendered":"https:\/\/uhmwpemanufacture.com\/?post_type=product&#038;p=1573"},"modified":"2025-10-09T01:24:19","modified_gmt":"2025-10-09T01:24:19","slug":"uhmwpe-stabilizer-crane-mat-polyethylene-outrigger-pads","status":"publish","type":"product","link":"https:\/\/uhmwpemanufacture.com\/de\/uhmwpe-stabilizer-crane-mat-polyethylene-outrigger-pads\/","title":{"rendered":"UHMWPE-Stabilisator-Kranmatte Polyethylen-Auslegerpads"},"content":{"rendered":"<h2>UHMWPE-Stabilisator-Kranmatte Polyethylen-Auslegerpads<\/h2>\n<p>Diese UHMWPE-Stabilisator-Kranbodenbel\u00e4ge und Auslegerpads bieten hervorragende Ausdauer, Sicherheit und Haltbarkeit f\u00fcr schwere Hebearbeiten. Sie werden aus ultrahochmolekularem Polyethylen hergestellt und bieten eine au\u00dfergew\u00f6hnliche Lastzirkulation, Widerstandsf\u00e4higkeit und Wetterfestigkeit. Mit ihrem geringen Gewicht und ihrer hohen Belastbarkeit vermeiden sie Bodensch\u00e4den und erh\u00f6hen die Sicherheit der Ausr\u00fcstung auf Baustellen, \u00d6lfeldern und in Krananlagen. Mit ihren rutschfesten Oberfl\u00e4chen, der einfachen Handhabung und der hervorragenden Absorption von Einfl\u00fcssen gew\u00e4hrleisten sie eine zuverl\u00e4ssige Unterst\u00fctzung unter extremen Tonnen, w\u00e4hrend sie gleichzeitig eine lange Lebensdauer und eine sehr einfache Handhabung bieten.<\/p>","protected":false},"excerpt":{"rendered":"<p>UHMWPE-Stabilisierungskranmatten aus Polyethylen bieten eine hervorragende Lastabst\u00fctzung, Verschlei\u00dffestigkeit und Stabilit\u00e4t. Leicht, langlebig und einfach zu handhaben f\u00fcr schwere Hebe- und Bauarbeiten.<\/p>","protected":false},"featured_media":1581,"template":"","meta":{"_gspb_post_css":""},"product_brand":[],"product_cat":[15,20],"product_tag":[261,262,63],"class_list":{"0":"post-1573","1":"product","2":"type-product","3":"status-publish","4":"has-post-thumbnail","6":"product_cat-uhmwpe-hdpe-sheets-plates","7":"product_cat-crane-outrigger-pads","8":"product_tag-crane-mats","9":"product_tag-stabilizer-pad","10":"product_tag-uhmwpe-outrigger-pads","12":"first","13":"instock","14":"shipping-taxable","15":"product-type-simple"},"_links":{"self":[{"href":"https:\/\/uhmwpemanufacture.com\/de\/wp-json\/wp\/v2\/product\/1573","targetHints":{"allow":["GET"]}}],"collection":[{"href":"https:\/\/uhmwpemanufacture.com\/de\/wp-json\/wp\/v2\/product"}],"about":[{"href":"https:\/\/uhmwpemanufacture.com\/de\/wp-json\/wp\/v2\/types\/product"}],"wp:featuredmedia":[{"embeddable":true,"href":"https:\/\/uhmwpemanufacture.com\/de\/wp-json\/wp\/v2\/media\/1581"}],"wp:attachment":[{"href":"https:\/\/uhmwpemanufacture.com\/de\/wp-json\/wp\/v2\/media?parent=1573"}],"wp:term":[{"taxonomy":"product_brand","embeddable":true,"href":"https:\/\/uhmwpemanufacture.com\/de\/wp-json\/wp\/v2\/product_brand?post=1573"},{"taxonomy":"product_cat","embeddable":true,"href":"https:\/\/uhmwpemanufacture.com\/de\/wp-json\/wp\/v2\/product_cat?post=1573"},{"taxonomy":"product_tag","embeddable":true,"href":"https:\/\/uhmwpemanufacture.com\/de\/wp-json\/wp\/v2\/product_tag?post=1573"}],"curies":[{"name":"wp","href":"https:\/\/api.w.org\/{rel}","templated":true}]}}