{"id":1594,"date":"2025-10-09T01:40:19","date_gmt":"2025-10-09T01:40:19","guid":{"rendered":"https:\/\/uhmwpemanufacture.com\/?post_type=product&#038;p=1594"},"modified":"2025-10-09T01:40:19","modified_gmt":"2025-10-09T01:40:19","slug":"uhmw-pe-sheet-plate-wear-resistant-liner-support-wholesaler","status":"publish","type":"product","link":"https:\/\/uhmwpemanufacture.com\/de\/uhmw-pe-sheet-plate-wear-resistant-liner-support-wholesaler\/","title":{"rendered":"UHMW-PE-Platte Verschlei\u00dffeste Liner Support Gro\u00dfh\u00e4ndler"},"content":{"rendered":"<h2>UHMW-PE-Platte Verschlei\u00dffeste Auskleidung Unterst\u00fctzung Gro\u00dfh\u00e4ndler<\/h2>\n<p>UHMW-PE-Platten werden f\u00fcr au\u00dfergew\u00f6hnliche Verschlei\u00dffestigkeit, Schlagz\u00e4higkeit und reduzierte Reibung hergestellt. Diese Auskleidungen und St\u00fctzplatten wurden f\u00fcr anspruchsvolle Industrieumgebungen entwickelt und bieten eine hervorragende chemische Best\u00e4ndigkeit, Rostschutz und eine lange Lebensdauer. Sie eignen sich perfekt f\u00fcr Rutschen, Beh\u00e4lter, F\u00f6rderb\u00e4nder und LKW-Ladefl\u00e4chen und verringern Produktablagerungen und den Verschlei\u00df der Ausr\u00fcstung. Ihre selbstschmierende Oberfl\u00e4che gew\u00e4hrleistet einen reibungslosen Betrieb unter schweren Tonnen und extremen Temperaturen. UHMW-PE-Platten, die in individuellen Gr\u00f6\u00dfen und Farbt\u00f6nen angeboten werden, sind die ideale Wahl f\u00fcr leistungsstarke kommerzielle Zellenauskleidungen und Schutzdienstleistungen.<\/p>","protected":false},"excerpt":{"rendered":"<p>UHMW-PE-Platten bieten hervorragende Verschlei\u00dffestigkeit, geringe Reibung und hohe Schlagfestigkeit. Sie eignen sich ideal f\u00fcr Auskleidungen, St\u00fctzen und industriellen Schutz und gew\u00e4hrleisten eine lang anhaltende Leistung und einen reibungslosen Betrieb unter schweren Lasten in rauen Umgebungen.<\/p>","protected":false},"featured_media":1595,"template":"","meta":{"_gspb_post_css":""},"product_brand":[],"product_cat":[15,17],"product_tag":[268,56,267],"class_list":{"0":"post-1594","1":"product","2":"type-product","3":"status-publish","4":"has-post-thumbnail","6":"product_cat-uhmwpe-hdpe-sheets-plates","7":"product_cat-uhmwpe-sheets","8":"product_tag-industrial-plastic","9":"product_tag-uhmwpe-sheet","10":"product_tag-wear-liner","12":"first","13":"instock","14":"shipping-taxable","15":"product-type-simple"},"_links":{"self":[{"href":"https:\/\/uhmwpemanufacture.com\/de\/wp-json\/wp\/v2\/product\/1594","targetHints":{"allow":["GET"]}}],"collection":[{"href":"https:\/\/uhmwpemanufacture.com\/de\/wp-json\/wp\/v2\/product"}],"about":[{"href":"https:\/\/uhmwpemanufacture.com\/de\/wp-json\/wp\/v2\/types\/product"}],"wp:featuredmedia":[{"embeddable":true,"href":"https:\/\/uhmwpemanufacture.com\/de\/wp-json\/wp\/v2\/media\/1595"}],"wp:attachment":[{"href":"https:\/\/uhmwpemanufacture.com\/de\/wp-json\/wp\/v2\/media?parent=1594"}],"wp:term":[{"taxonomy":"product_brand","embeddable":true,"href":"https:\/\/uhmwpemanufacture.com\/de\/wp-json\/wp\/v2\/product_brand?post=1594"},{"taxonomy":"product_cat","embeddable":true,"href":"https:\/\/uhmwpemanufacture.com\/de\/wp-json\/wp\/v2\/product_cat?post=1594"},{"taxonomy":"product_tag","embeddable":true,"href":"https:\/\/uhmwpemanufacture.com\/de\/wp-json\/wp\/v2\/product_tag?post=1594"}],"curies":[{"name":"wp","href":"https:\/\/api.w.org\/{rel}","templated":true}]}}