{"id":1604,"date":"2025-10-09T01:51:52","date_gmt":"2025-10-09T01:51:52","guid":{"rendered":"https:\/\/uhmwpemanufacture.com\/?post_type=product&#038;p=1604"},"modified":"2025-10-09T01:51:52","modified_gmt":"2025-10-09T01:51:52","slug":"premium-hdpe-synthetic-ice-panels-high-glide-manufacturer","status":"publish","type":"product","link":"https:\/\/uhmwpemanufacture.com\/de\/premium-hdpe-synthetic-ice-panels-high-glide-manufacturer\/","title":{"rendered":"Premium HDPE Kunststoffeisplatten Hohe Gleitf\u00e4higkeit Hersteller"},"content":{"rendered":"<h2>Premium HDPE Kunststoffeisplatten Hohe Gleitf\u00e4higkeit Hersteller<\/h2>\n<p>Die HDPE-Synthetik-Eisplatten von Costs wurden entwickelt, um ein glattes, gleitfreudiges Eislauferlebnis zu bieten, das dem von echtem Eis entspricht. Diese aus hochdichtem Polyethylen hergestellten Platten bieten eine au\u00dfergew\u00f6hnliche Z\u00e4higkeit, geringere Reibung und Widerstandsf\u00e4higkeit gegen Anziehen, Klima und St\u00f6\u00dfe. Sie eignen sich perfekt f\u00fcr Innen- und Au\u00dfenbahnen, Trainingseinrichtungen und Freizeitzentren und erm\u00f6glichen ganzj\u00e4hriges Eislaufen ohne K\u00fchlung. Die leicht aufzubauende und zu erhaltende Verflechtung sorgt f\u00fcr eine nahtlose Oberfl\u00e4che mit konstanter Effizienz. Diese Kunsteisplatten eignen sich perfekt f\u00fcr Eishockey, Schlittschuhlaufen und Freizeitaktivit\u00e4ten und bieten eine erschwingliche, umweltfreundliche Eislaufoption.<\/p>","protected":false},"excerpt":{"rendered":"<p class=\"sr-only\"><span style=\"font-size: 16px;\">Hochwertige HDPE-Kunststoffeisplatten bieten eine glatte, gleitf\u00e4hige Oberfl\u00e4che f\u00fcr das ganze Jahr \u00fcber zum Schlittschuhlaufen. Sie sind langlebig, witterungsbest\u00e4ndig und einfach zu installieren und bieten realistische Eisleistung f\u00fcr Eishockey, Eiskunstlauf und Training in der Halle oder im Freien.<\/span><\/p>","protected":false},"featured_media":1610,"template":"","meta":{"_gspb_post_css":""},"product_brand":[],"product_cat":[29,32],"product_tag":[273,274,272],"class_list":{"0":"post-1604","1":"product","2":"type-product","3":"status-publish","4":"has-post-thumbnail","6":"product_cat-ice-rink-products","7":"product_cat-ice-synthetic-panels","8":"product_tag-hdpe-panels","9":"product_tag-skating-rink","10":"product_tag-synthetic-ice","12":"first","13":"instock","14":"shipping-taxable","15":"product-type-simple"},"_links":{"self":[{"href":"https:\/\/uhmwpemanufacture.com\/de\/wp-json\/wp\/v2\/product\/1604","targetHints":{"allow":["GET"]}}],"collection":[{"href":"https:\/\/uhmwpemanufacture.com\/de\/wp-json\/wp\/v2\/product"}],"about":[{"href":"https:\/\/uhmwpemanufacture.com\/de\/wp-json\/wp\/v2\/types\/product"}],"wp:featuredmedia":[{"embeddable":true,"href":"https:\/\/uhmwpemanufacture.com\/de\/wp-json\/wp\/v2\/media\/1610"}],"wp:attachment":[{"href":"https:\/\/uhmwpemanufacture.com\/de\/wp-json\/wp\/v2\/media?parent=1604"}],"wp:term":[{"taxonomy":"product_brand","embeddable":true,"href":"https:\/\/uhmwpemanufacture.com\/de\/wp-json\/wp\/v2\/product_brand?post=1604"},{"taxonomy":"product_cat","embeddable":true,"href":"https:\/\/uhmwpemanufacture.com\/de\/wp-json\/wp\/v2\/product_cat?post=1604"},{"taxonomy":"product_tag","embeddable":true,"href":"https:\/\/uhmwpemanufacture.com\/de\/wp-json\/wp\/v2\/product_tag?post=1604"}],"curies":[{"name":"wp","href":"https:\/\/api.w.org\/{rel}","templated":true}]}}