{"id":1617,"date":"2025-10-09T02:00:30","date_gmt":"2025-10-09T02:00:30","guid":{"rendered":"https:\/\/uhmwpemanufacture.com\/?post_type=product&#038;p=1617"},"modified":"2025-10-09T02:00:30","modified_gmt":"2025-10-09T02:00:30","slug":"gravel-road-road-heavy-duty-track-mats-roadway-access-mats","status":"publish","type":"product","link":"https:\/\/uhmwpemanufacture.com\/de\/gravel-road-road-heavy-duty-track-mats-roadway-access-mats\/","title":{"rendered":"Schotterpistenmatten Schwerlastmatten Fahrbahnmatten"},"content":{"rendered":"<h2>Schotterpiste Stabile Gleismatten Bodenbel\u00e4ge f\u00fcr Autobahnzufahrten<\/h2>\n<p>Schotterstra\u00dfen- und Schwerlastfahrbahnbel\u00e4ge bieten eine solide, stabile und wiederverwertbare Bodensicherheit f\u00fcr schweres Ger\u00e4t und Lastkraftwagen. Diese aus hochdichtem Polyethylen (HDPE) hergestellten Stra\u00dfenbel\u00e4ge halten extremen Belastungen stand, verhindern Bodensch\u00e4den und sorgen f\u00fcr eine risikofreie Befahrung weicher oder unregelm\u00e4\u00dfiger Oberfl\u00e4chen. Sie sind ideal f\u00fcr Baustellen, \u00d6lfelder, Anl\u00e4sse und provisorische Autobahnen und verf\u00fcgen \u00fcber rutschfeste Oberfl\u00e4chen und einfach ineinander greifende Verbindungen f\u00fcr eine schnelle Verlegung. Langlebig, witterungsbest\u00e4ndig und leicht zu reinigen, sind diese Bodenbel\u00e4ge eine zuverl\u00e4ssige Option f\u00fcr die Schaffung stabiler Arbeitsfl\u00e4chen in schwierigen Umgebungen.<\/p>","protected":false},"excerpt":{"rendered":"<p>Strapazierf\u00e4hige Schotterpistenmatten bieten starken, stabilen Bodenschutz f\u00fcr schwere Fahrzeuge und Ger\u00e4te. Sie sind aus strapazierf\u00e4higem HDPE gefertigt und widerstehen St\u00f6\u00dfen, Witterungseinfl\u00fcssen und Abnutzung und sind ideal f\u00fcr Baustellen, \u00d6lfelder und tempor\u00e4re Zufahrten.<\/p>","protected":false},"featured_media":1619,"template":"","meta":{"_gspb_post_css":""},"product_brand":[],"product_cat":[24,27],"product_tag":[139,200,278],"class_list":{"0":"post-1617","1":"product","2":"type-product","3":"status-publish","4":"has-post-thumbnail","6":"product_cat-ground-protection-road-mats","7":"product_cat-dura-mats","8":"product_tag-ground-protection","9":"product_tag-hdpe-track-mats","10":"product_tag-road-mats","12":"first","13":"instock","14":"shipping-taxable","15":"product-type-simple"},"_links":{"self":[{"href":"https:\/\/uhmwpemanufacture.com\/de\/wp-json\/wp\/v2\/product\/1617","targetHints":{"allow":["GET"]}}],"collection":[{"href":"https:\/\/uhmwpemanufacture.com\/de\/wp-json\/wp\/v2\/product"}],"about":[{"href":"https:\/\/uhmwpemanufacture.com\/de\/wp-json\/wp\/v2\/types\/product"}],"wp:featuredmedia":[{"embeddable":true,"href":"https:\/\/uhmwpemanufacture.com\/de\/wp-json\/wp\/v2\/media\/1619"}],"wp:attachment":[{"href":"https:\/\/uhmwpemanufacture.com\/de\/wp-json\/wp\/v2\/media?parent=1617"}],"wp:term":[{"taxonomy":"product_brand","embeddable":true,"href":"https:\/\/uhmwpemanufacture.com\/de\/wp-json\/wp\/v2\/product_brand?post=1617"},{"taxonomy":"product_cat","embeddable":true,"href":"https:\/\/uhmwpemanufacture.com\/de\/wp-json\/wp\/v2\/product_cat?post=1617"},{"taxonomy":"product_tag","embeddable":true,"href":"https:\/\/uhmwpemanufacture.com\/de\/wp-json\/wp\/v2\/product_tag?post=1617"}],"curies":[{"name":"wp","href":"https:\/\/api.w.org\/{rel}","templated":true}]}}