{"id":1644,"date":"2025-10-09T02:59:16","date_gmt":"2025-10-09T02:59:16","guid":{"rendered":"https:\/\/uhmwpemanufacture.com\/?post_type=product&#038;p=1644"},"modified":"2025-10-09T02:59:16","modified_gmt":"2025-10-09T02:59:16","slug":"wholesale-polyethylene-shock-resistance-uhmwpe-sheet-dealer","status":"publish","type":"product","link":"https:\/\/uhmwpemanufacture.com\/de\/wholesale-polyethylene-shock-resistance-uhmwpe-sheet-dealer\/","title":{"rendered":"Gro\u00dfhandel Polyethylen Schock Widerstand Uhmwpe Blatt H\u00e4ndler"},"content":{"rendered":"<h2>Gro\u00dfhandel Polyethylen Schock Widerstand UHMWPE Blatt Lieferant<\/h2>\n<p>Polyethylen-UHMWPE-Platten sind f\u00fcr hervorragende Sto\u00dffestigkeit, Elastizit\u00e4t und geringe Reibung ausgelegt. Diese aus ultrahochmolekularem Polyethylen hergestellten Platten bieten eine hervorragende Verschlei\u00dffestigkeit, Z\u00e4higkeit und chemische Stabilit\u00e4t, wodurch sie sich ideal f\u00fcr schwere industrielle Anwendungen eignen. Sie eignen sich perfekt f\u00fcr Auskleidungen, Sto\u00dfstangen, Maschinenkomponenten und Schutzplatten und minimieren Reibung, Ger\u00e4usche und den Verschlei\u00df der Ausr\u00fcstung. Unempfindlich gegen N\u00e4sse, Rost und hohe Temperaturen, garantieren UHMWPE-Platten eine lange Lebensdauer und gleichbleibende Effizienz. Erh\u00e4ltlich in verschiedenen Abmessungen und Farben f\u00fcr den Gro\u00dfhandel und individuelle Produktionsanforderungen.<\/p>","protected":false},"excerpt":{"rendered":"<p>UHMWPE-Polyethylenplatten bieten hervorragende Sto\u00dffestigkeit, Verschlei\u00dffestigkeit und geringe Reibung f\u00fcr den industriellen Einsatz. Sie sind ideal f\u00fcr Auskleidungen, Sto\u00dff\u00e4nger und Maschinenteile. Sie sind sto\u00dffest, feuchtigkeits- und korrosionsbest\u00e4ndig und gew\u00e4hrleisten eine zuverl\u00e4ssige Langzeitleistung in anspruchsvollen Umgebungen.<\/p>","protected":false},"featured_media":1645,"template":"","meta":{"_gspb_post_css":""},"product_brand":[],"product_cat":[15,17],"product_tag":[283,284,56],"class_list":{"0":"post-1644","1":"product","2":"type-product","3":"status-publish","4":"has-post-thumbnail","6":"product_cat-uhmwpe-hdpe-sheets-plates","7":"product_cat-uhmwpe-sheets","8":"product_tag-polyethylene-plate","9":"product_tag-shock-resistant-plastic","10":"product_tag-uhmwpe-sheet","12":"first","13":"instock","14":"shipping-taxable","15":"product-type-simple"},"_links":{"self":[{"href":"https:\/\/uhmwpemanufacture.com\/de\/wp-json\/wp\/v2\/product\/1644","targetHints":{"allow":["GET"]}}],"collection":[{"href":"https:\/\/uhmwpemanufacture.com\/de\/wp-json\/wp\/v2\/product"}],"about":[{"href":"https:\/\/uhmwpemanufacture.com\/de\/wp-json\/wp\/v2\/types\/product"}],"wp:featuredmedia":[{"embeddable":true,"href":"https:\/\/uhmwpemanufacture.com\/de\/wp-json\/wp\/v2\/media\/1645"}],"wp:attachment":[{"href":"https:\/\/uhmwpemanufacture.com\/de\/wp-json\/wp\/v2\/media?parent=1644"}],"wp:term":[{"taxonomy":"product_brand","embeddable":true,"href":"https:\/\/uhmwpemanufacture.com\/de\/wp-json\/wp\/v2\/product_brand?post=1644"},{"taxonomy":"product_cat","embeddable":true,"href":"https:\/\/uhmwpemanufacture.com\/de\/wp-json\/wp\/v2\/product_cat?post=1644"},{"taxonomy":"product_tag","embeddable":true,"href":"https:\/\/uhmwpemanufacture.com\/de\/wp-json\/wp\/v2\/product_tag?post=1644"}],"curies":[{"name":"wp","href":"https:\/\/api.w.org\/{rel}","templated":true}]}}