{"id":1661,"date":"2025-10-09T06:14:31","date_gmt":"2025-10-09T06:14:31","guid":{"rendered":"https:\/\/uhmwpemanufacture.com\/?post_type=product&#038;p=1661"},"modified":"2025-10-09T06:14:31","modified_gmt":"2025-10-09T06:14:31","slug":"uhmwpe-paving-board-ground-protection-panel-dura-mats-dealer","status":"publish","type":"product","link":"https:\/\/uhmwpemanufacture.com\/de\/uhmwpe-paving-board-ground-protection-panel-dura-mats-dealer\/","title":{"rendered":"Uhmwpe Paving Board Bodenschutzplatte Dura Mats H\u00e4ndler"},"content":{"rendered":"<h2>Uhmwpe Paving Board Bodenverteidigungsplatte Dura Mats Autohaus<\/h2>\n<p>Uhmwpe-Pflasterplatten sind f\u00fcr den robusten Bodenschutz im Baugewerbe, auf \u00d6lfeldern und auf Gelegenheitsbaustellen entwickelt worden. Diese Dura-Matten werden aus ultrahochmolekularem Polyethylen hergestellt, das eine bemerkenswerte Festigkeit, Schlagfestigkeit und Anpassungsf\u00e4higkeit bietet. Ihre rutschfeste rubinrote Oberfl\u00e4che gew\u00e4hrleistet eine sichere Traktion f\u00fcr Lastwagen und Maschinen auf weichem oder unebenem Untergrund. Sie sind leicht und dennoch robust, einfach zu verlegen, wiederverwendbar und resistent gegen Wasser, Korrosion und extreme Temperaturen. Sie eignen sich perfekt f\u00fcr den Bau von provisorischen Stra\u00dfen, Arbeitssystemen oder Zufahrtswegen und bieten eine verl\u00e4ssliche Sicherheit der Oberfl\u00e4che und eine lang anhaltende Effizienz, die in der Atmosph\u00e4re gefragt ist.<\/p>","protected":false},"excerpt":{"rendered":"<p>Strapazierf\u00e4hige UHMWPE-Pflasterplatten bieten strapazierf\u00e4higen Bodenschutz f\u00fcr Fahrzeuge und Maschinen auf weichen oder unebenen Oberfl\u00e4chen. Die mit einer rutschfesten Rautenstruktur versehenen Dura Mats sind leicht, wiederverwendbar und widerstandsf\u00e4hig gegen St\u00f6\u00dfe, Korrosion und raue Witterungsbedingungen - ideal f\u00fcr Baustellen und Arbeitsbereiche im Freien.<\/p>","protected":false},"featured_media":1677,"template":"","meta":{"_gspb_post_css":""},"product_brand":[],"product_cat":[24,27],"product_tag":[295,296,138],"class_list":{"0":"post-1661","1":"product","2":"type-product","3":"status-publish","4":"has-post-thumbnail","6":"product_cat-ground-protection-road-mats","7":"product_cat-dura-mats","8":"product_tag-ground-protection-board","9":"product_tag-temporary-road-panel","10":"product_tag-uhmwpe-mats","12":"first","13":"instock","14":"shipping-taxable","15":"product-type-simple"},"_links":{"self":[{"href":"https:\/\/uhmwpemanufacture.com\/de\/wp-json\/wp\/v2\/product\/1661","targetHints":{"allow":["GET"]}}],"collection":[{"href":"https:\/\/uhmwpemanufacture.com\/de\/wp-json\/wp\/v2\/product"}],"about":[{"href":"https:\/\/uhmwpemanufacture.com\/de\/wp-json\/wp\/v2\/types\/product"}],"wp:featuredmedia":[{"embeddable":true,"href":"https:\/\/uhmwpemanufacture.com\/de\/wp-json\/wp\/v2\/media\/1677"}],"wp:attachment":[{"href":"https:\/\/uhmwpemanufacture.com\/de\/wp-json\/wp\/v2\/media?parent=1661"}],"wp:term":[{"taxonomy":"product_brand","embeddable":true,"href":"https:\/\/uhmwpemanufacture.com\/de\/wp-json\/wp\/v2\/product_brand?post=1661"},{"taxonomy":"product_cat","embeddable":true,"href":"https:\/\/uhmwpemanufacture.com\/de\/wp-json\/wp\/v2\/product_cat?post=1661"},{"taxonomy":"product_tag","embeddable":true,"href":"https:\/\/uhmwpemanufacture.com\/de\/wp-json\/wp\/v2\/product_tag?post=1661"}],"curies":[{"name":"wp","href":"https:\/\/api.w.org\/{rel}","templated":true}]}}