{"id":1662,"date":"2025-10-09T04:01:23","date_gmt":"2025-10-09T04:01:23","guid":{"rendered":"https:\/\/uhmwpemanufacture.com\/?post_type=product&#038;p=1662"},"modified":"2025-10-09T04:01:23","modified_gmt":"2025-10-09T04:01:23","slug":"uhmwpe-dura-hdpe-rig-mats-temporary-paving-board-supplier","status":"publish","type":"product","link":"https:\/\/uhmwpemanufacture.com\/de\/uhmwpe-dura-hdpe-rig-mats-temporary-paving-board-supplier\/","title":{"rendered":"Uhmwpe Dura HDPE Rig Mats Temporary Paving Board Lieferant"},"content":{"rendered":"<h2>Uhmwpe Dura HDPE Rig Mats - Langlebige Option f\u00fcr tempor\u00e4re Pflasterung<\/h2>\n<p>Uhmwpe Dura HDPE-Bodenbel\u00e4ge bieten eine robuste, wiederverwertbare Oberfl\u00e4che f\u00fcr hochbelastete, kurzlebige Autobahnen, Baustellenzug\u00e4nge und Maschinenunterst\u00fctzung. Diese aus hochdichtem Polyethylen hergestellten Matten widerstehen Rost, Chemikalien und hartem Klima. Ihre unverwechselbare rubinrote Oberfl\u00e4che sorgt f\u00fcr au\u00dfergew\u00f6hnliche Griffigkeit, w\u00e4hrend pr\u00e4zisionsgeschnittene Handgriffe einen einfachen Transport und Aufbau erm\u00f6glichen. Diese dynamischen orangefarbenen, umweltfreundlichen und roten Matten eignen sich f\u00fcr den Einsatz im Baugewerbe, auf \u00d6lfeldern und bei Veranstaltungen im Au\u00dfenbereich. Sie vereinen Robustheit, Flexibilit\u00e4t und eine lange Lebensdauer f\u00fcr eine zuverl\u00e4ssige Bodensicherheit.<\/p>","protected":false},"excerpt":{"rendered":"<p>Hochfeste HDPE-Matten bieten stabile, tempor\u00e4re Fahrbahnen und Arbeitsplattformen f\u00fcr Baustellen, \u00d6lfelder und Veranstaltungen. Diese farbenfrohen Platten sind sto\u00dffest, korrosionsbest\u00e4ndig und widerstandsf\u00e4hig gegen extreme Temperaturen. Sie bieten zuverl\u00e4ssige Traktion und eine einfache Installation f\u00fcr den Schutz in jedem Gel\u00e4nde.<\/p>","protected":false},"featured_media":1665,"template":"","meta":{"_gspb_post_css":""},"product_brand":[],"product_cat":[24,27],"product_tag":[139,290,291],"class_list":{"0":"post-1662","1":"product","2":"type-product","3":"status-publish","4":"has-post-thumbnail","6":"product_cat-ground-protection-road-mats","7":"product_cat-dura-mats","8":"product_tag-ground-protection","9":"product_tag-hdpe-rig-mats","10":"product_tag-temporary-paving-board","12":"first","13":"instock","14":"shipping-taxable","15":"product-type-simple"},"_links":{"self":[{"href":"https:\/\/uhmwpemanufacture.com\/de\/wp-json\/wp\/v2\/product\/1662","targetHints":{"allow":["GET"]}}],"collection":[{"href":"https:\/\/uhmwpemanufacture.com\/de\/wp-json\/wp\/v2\/product"}],"about":[{"href":"https:\/\/uhmwpemanufacture.com\/de\/wp-json\/wp\/v2\/types\/product"}],"wp:featuredmedia":[{"embeddable":true,"href":"https:\/\/uhmwpemanufacture.com\/de\/wp-json\/wp\/v2\/media\/1665"}],"wp:attachment":[{"href":"https:\/\/uhmwpemanufacture.com\/de\/wp-json\/wp\/v2\/media?parent=1662"}],"wp:term":[{"taxonomy":"product_brand","embeddable":true,"href":"https:\/\/uhmwpemanufacture.com\/de\/wp-json\/wp\/v2\/product_brand?post=1662"},{"taxonomy":"product_cat","embeddable":true,"href":"https:\/\/uhmwpemanufacture.com\/de\/wp-json\/wp\/v2\/product_cat?post=1662"},{"taxonomy":"product_tag","embeddable":true,"href":"https:\/\/uhmwpemanufacture.com\/de\/wp-json\/wp\/v2\/product_tag?post=1662"}],"curies":[{"name":"wp","href":"https:\/\/api.w.org\/{rel}","templated":true}]}}