{"id":1666,"date":"2025-10-09T06:07:39","date_gmt":"2025-10-09T06:07:39","guid":{"rendered":"https:\/\/uhmwpemanufacture.com\/?post_type=product&#038;p=1666"},"modified":"2025-10-09T06:07:39","modified_gmt":"2025-10-09T06:07:39","slug":"uhmwpe-hockey-rink-dasher-board-custom-cut-pe-wholesaler","status":"publish","type":"product","link":"https:\/\/uhmwpemanufacture.com\/de\/uhmwpe-hockey-rink-dasher-board-custom-cut-pe-wholesaler\/","title":{"rendered":"UHMWPE Hockeybahn Dasher Board Custom Cut PE Gro\u00dfh\u00e4ndler"},"content":{"rendered":"<h2>UHMWPE Hockeybahn Dasher Board Custom Cut PE Gro\u00dfh\u00e4ndler<\/h2>\n<p>Die UHMWPE-Hockeyspielfeldplatten wurden f\u00fcr den professionellen und den Freizeitbereich entwickelt und zeichnen sich durch eine bemerkenswerte Robustheit und Sto\u00dffestigkeit aus. Diese aus ultrahochmolekularem Polyethylen hergestellten Platten bieten eine glatte, nicht haftende Oberfl\u00e4che, die das Reiben des Pucks und die Verletzungsgefahr f\u00fcr die Spieler reduziert. Individuell zugeschnittene Alternativen erm\u00f6glichen eine flexible Einrichtung f\u00fcr Innen- und Au\u00dfenbahnen. Mit ihrer witterungsbest\u00e4ndigen und rissfesten Wirkung sorgen diese PE-Platten f\u00fcr einen lang anhaltenden Einsatz in anspruchsvollen Umgebungen, was sie zur perfekten Wahl f\u00fcr Sportanlagen, Eislaufeinrichtungen und Trainingsbereiche macht, die nach einer zuverl\u00e4ssigen, wartungsarmen Option f\u00fcr Eisbahnhindernisse suchen.<\/p>","protected":false},"excerpt":{"rendered":"<p>Hochwertige UHMWPE-Eishockeybanden bieten eine glatte, haltbare Oberfl\u00e4che, die sich ideal f\u00fcr Eishallen und Trainingspl\u00e4tze eignet. Diese PE-Bretter sind sto\u00df-, riss- und verschlei\u00dffest und sorgen f\u00fcr ein hervorragendes Gleiten des Pucks und die Sicherheit der Spieler. Ma\u00dfgefertigte Gr\u00f6\u00dfen f\u00fcr den professionellen Einsatz und f\u00fcr den Freizeitbereich erh\u00e4ltlich.<\/p>","protected":false},"featured_media":1668,"template":"","meta":{"_gspb_post_css":""},"product_brand":[],"product_cat":[29,30],"product_tag":[294,292,293],"class_list":{"0":"post-1666","1":"product","2":"type-product","3":"status-publish","4":"has-post-thumbnail","6":"product_cat-ice-rink-products","7":"product_cat-hockey-ice-rink-dasher-boards","8":"product_tag-custom-pe-board","9":"product_tag-hockey-dasher-board","10":"product_tag-uhmwpe-rink-panel","12":"first","13":"instock","14":"shipping-taxable","15":"product-type-simple"},"_links":{"self":[{"href":"https:\/\/uhmwpemanufacture.com\/de\/wp-json\/wp\/v2\/product\/1666","targetHints":{"allow":["GET"]}}],"collection":[{"href":"https:\/\/uhmwpemanufacture.com\/de\/wp-json\/wp\/v2\/product"}],"about":[{"href":"https:\/\/uhmwpemanufacture.com\/de\/wp-json\/wp\/v2\/types\/product"}],"wp:featuredmedia":[{"embeddable":true,"href":"https:\/\/uhmwpemanufacture.com\/de\/wp-json\/wp\/v2\/media\/1668"}],"wp:attachment":[{"href":"https:\/\/uhmwpemanufacture.com\/de\/wp-json\/wp\/v2\/media?parent=1666"}],"wp:term":[{"taxonomy":"product_brand","embeddable":true,"href":"https:\/\/uhmwpemanufacture.com\/de\/wp-json\/wp\/v2\/product_brand?post=1666"},{"taxonomy":"product_cat","embeddable":true,"href":"https:\/\/uhmwpemanufacture.com\/de\/wp-json\/wp\/v2\/product_cat?post=1666"},{"taxonomy":"product_tag","embeddable":true,"href":"https:\/\/uhmwpemanufacture.com\/de\/wp-json\/wp\/v2\/product_tag?post=1666"}],"curies":[{"name":"wp","href":"https:\/\/api.w.org\/{rel}","templated":true}]}}