{"id":1685,"date":"2025-10-09T06:21:18","date_gmt":"2025-10-09T06:21:18","guid":{"rendered":"https:\/\/uhmwpemanufacture.com\/?post_type=product&#038;p=1685"},"modified":"2025-10-09T06:21:18","modified_gmt":"2025-10-09T06:21:18","slug":"wear-resistant-outrigger-pads-uhmw-crane-foot-support-plate","status":"publish","type":"product","link":"https:\/\/uhmwpemanufacture.com\/de\/wear-resistant-outrigger-pads-uhmw-crane-foot-support-plate\/","title":{"rendered":"Verschlei\u00dffeste Auslegerpads Uhmw Kranfu\u00dfst\u00fctzplatte"},"content":{"rendered":"<h2>Widerstandsf\u00e4hige Auslegerpads UHMW-Kranfu\u00dfst\u00fctzplatte<\/h2>\n<p>UHMW-Auslegerpads bieten hervorragende Festigkeit und Sicherheit f\u00fcr Kr\u00e4ne, Fahrzeuge und schwere Ger\u00e4te. Diese aus ultrahochmolekularem Polyethylen hergestellten Fu\u00dfauflagen bieten eine \u00fcberragende Verschlei\u00dffestigkeit, Effektabsorption und Loseverteilung auf weichem oder unregelm\u00e4\u00dfigem Boden. Ihre rutschfeste Oberfl\u00e4che und die pr\u00e4zisionsgeschnittenen Managements sorgen f\u00fcr eine einfache Handhabung, Sicherheit und Langlebigkeit, die bei Bau- und Ausbildungsverfahren gefragt sind. Als Ersatz f\u00fcr herk\u00f6mmliche Holz- oder Stahlpolster sind UHMW-Polster leicht, wetterfest und korrosionsbest\u00e4ndig und bieten dauerhafte Effizienz f\u00fcr kommerzielle, Bau- und Mobilkrananwendungen weltweit.<\/p>","protected":false},"excerpt":{"rendered":"<p>UHMW-Auslegerplatten bieten eine starke, stabile Bodenabst\u00fctzung f\u00fcr Kr\u00e4ne und schwere Maschinen. Sie sind leicht und dennoch haltbar, widerstehen Verschlei\u00df, St\u00f6\u00dfen und Korrosion und bieten eine sichere Lastverteilung auf weichen oder unebenen Oberfl\u00e4chen. Ideal f\u00fcr das Baugewerbe und industrielle Hebevorg\u00e4nge.<\/p>","protected":false},"featured_media":1686,"template":"","meta":{"_gspb_post_css":""},"product_brand":[],"product_cat":[15,20],"product_tag":[301,302,300],"class_list":{"0":"post-1685","1":"product","2":"type-product","3":"status-publish","4":"has-post-thumbnail","6":"product_cat-uhmwpe-hdpe-sheets-plates","7":"product_cat-crane-outrigger-pads","8":"product_tag-crane-support-plate","9":"product_tag-heavy-equipment-pad","10":"product_tag-uhmw-outrigger-pad","12":"first","13":"instock","14":"shipping-taxable","15":"product-type-simple"},"_links":{"self":[{"href":"https:\/\/uhmwpemanufacture.com\/de\/wp-json\/wp\/v2\/product\/1685","targetHints":{"allow":["GET"]}}],"collection":[{"href":"https:\/\/uhmwpemanufacture.com\/de\/wp-json\/wp\/v2\/product"}],"about":[{"href":"https:\/\/uhmwpemanufacture.com\/de\/wp-json\/wp\/v2\/types\/product"}],"wp:featuredmedia":[{"embeddable":true,"href":"https:\/\/uhmwpemanufacture.com\/de\/wp-json\/wp\/v2\/media\/1686"}],"wp:attachment":[{"href":"https:\/\/uhmwpemanufacture.com\/de\/wp-json\/wp\/v2\/media?parent=1685"}],"wp:term":[{"taxonomy":"product_brand","embeddable":true,"href":"https:\/\/uhmwpemanufacture.com\/de\/wp-json\/wp\/v2\/product_brand?post=1685"},{"taxonomy":"product_cat","embeddable":true,"href":"https:\/\/uhmwpemanufacture.com\/de\/wp-json\/wp\/v2\/product_cat?post=1685"},{"taxonomy":"product_tag","embeddable":true,"href":"https:\/\/uhmwpemanufacture.com\/de\/wp-json\/wp\/v2\/product_tag?post=1685"}],"curies":[{"name":"wp","href":"https:\/\/api.w.org\/{rel}","templated":true}]}}