{"id":1689,"date":"2025-10-09T06:24:02","date_gmt":"2025-10-09T06:24:02","guid":{"rendered":"https:\/\/uhmwpemanufacture.com\/?post_type=product&#038;p=1689"},"modified":"2025-10-09T06:24:02","modified_gmt":"2025-10-09T06:24:02","slug":"ultra-high-molecular-weight-polyethylene-hdpe-sheet-board","status":"publish","type":"product","link":"https:\/\/uhmwpemanufacture.com\/de\/ultra-high-molecular-weight-polyethylene-hdpe-sheet-board\/","title":{"rendered":"Platten aus ultrahochmolekularem Polyethylen HDPE"},"content":{"rendered":"<h2>Ultrahochmolekulares Polyethylen HDPE UHMWPE-Platte<\/h2>\n<p>Platten aus ultrahochmolekularem Polyethylen (UHMWPE) zeichnen sich durch hohe Z\u00e4higkeit, geringe Reibung und dauerhafte Verschlei\u00dffestigkeit aus. Diese wei\u00dfen HDPE-Platten bieten eine hervorragende Chemikalien-, Schlag- und Abriebfestigkeit und eignen sich daher f\u00fcr kommerzielle, aquatische und lebensmitteltaugliche Anwendungen. Die leichten und dennoch \u00e4u\u00dferst langlebigen UHMWPE-Platten garantieren eine reibungslose Leistung in F\u00f6rdersystemen, Auskleidungen und Sicherheitsfl\u00e4chen. Dank ihrer antihaftbeschichteten, feuchtigkeitsbest\u00e4ndigen Eigenschaften sind sie auch in anspruchsvollen Umgebungen sehr pflegeleicht. Ma\u00dfgefertigte Abmessungen und Dichten sind leicht erh\u00e4ltlich, um verschiedene technische und Produktionsanforderungen zu erf\u00fcllen.<\/p>","protected":false},"excerpt":{"rendered":"<p>UHMWPE-Platten bieten au\u00dfergew\u00f6hnliche Festigkeit, Verschlei\u00dffestigkeit und geringe Reibung. Diese HDPE-Platten sind ideal f\u00fcr Anwendungen in der Industrie, im Schiffsbau und in der Lebensmittelindustrie. Sie bieten eine hervorragende Schlag- und Chemikalienbest\u00e4ndigkeit sowie eine glatte, dauerhafte Leistung f\u00fcr den langfristigen Einsatz.<\/p>","protected":false},"featured_media":1695,"template":"","meta":{"_gspb_post_css":""},"product_brand":[],"product_cat":[15,18],"product_tag":[59,304,303],"class_list":{"0":"post-1689","1":"product","2":"type-product","3":"status-publish","4":"has-post-thumbnail","6":"product_cat-uhmwpe-hdpe-sheets-plates","7":"product_cat-hdpe-sheets","8":"product_tag-hdpe-sheet","9":"product_tag-polyethylene-panel","10":"product_tag-uhmwpe-board","12":"first","13":"instock","14":"shipping-taxable","15":"product-type-simple"},"_links":{"self":[{"href":"https:\/\/uhmwpemanufacture.com\/de\/wp-json\/wp\/v2\/product\/1689","targetHints":{"allow":["GET"]}}],"collection":[{"href":"https:\/\/uhmwpemanufacture.com\/de\/wp-json\/wp\/v2\/product"}],"about":[{"href":"https:\/\/uhmwpemanufacture.com\/de\/wp-json\/wp\/v2\/types\/product"}],"wp:featuredmedia":[{"embeddable":true,"href":"https:\/\/uhmwpemanufacture.com\/de\/wp-json\/wp\/v2\/media\/1695"}],"wp:attachment":[{"href":"https:\/\/uhmwpemanufacture.com\/de\/wp-json\/wp\/v2\/media?parent=1689"}],"wp:term":[{"taxonomy":"product_brand","embeddable":true,"href":"https:\/\/uhmwpemanufacture.com\/de\/wp-json\/wp\/v2\/product_brand?post=1689"},{"taxonomy":"product_cat","embeddable":true,"href":"https:\/\/uhmwpemanufacture.com\/de\/wp-json\/wp\/v2\/product_cat?post=1689"},{"taxonomy":"product_tag","embeddable":true,"href":"https:\/\/uhmwpemanufacture.com\/de\/wp-json\/wp\/v2\/product_tag?post=1689"}],"curies":[{"name":"wp","href":"https:\/\/api.w.org\/{rel}","templated":true}]}}