{"id":1722,"date":"2025-10-09T08:43:43","date_gmt":"2025-10-09T08:43:43","guid":{"rendered":"https:\/\/uhmwpemanufacture.com\/?post_type=product&#038;p=1722"},"modified":"2025-10-09T08:43:43","modified_gmt":"2025-10-09T08:43:43","slug":"heavy-duty-uhmwpe-plastic-outrigger-pad-crane-level-pads","status":"publish","type":"product","link":"https:\/\/uhmwpemanufacture.com\/de\/heavy-duty-uhmwpe-plastic-outrigger-pad-crane-level-pads\/","title":{"rendered":"Heavy Duty Uhmwpe Plastic Outrigger Pad Kran Ebene Pads"},"content":{"rendered":"<h2>Starke UHMWPE-Kunststoff-Auslegerpads Kranpegel-Pads<\/h2>\n<p>Diese strapazierf\u00e4higen UHMWPE-Kunststoffausleger sind f\u00fcr eine hervorragende Lotszirkulation und Bodensicherheit konzipiert. Sie sind so konstruiert, dass sie extremen Druck aushalten und verhindern, dass Kr\u00e4ne und schweres Ger\u00e4t auf weichen oder unebenen Oberfl\u00e4chen einsinken oder kippen. Die Polster sind mit einem elastischen roten Seil ausgestattet, das den Transport und die Positionierung erleichtert und so f\u00fcr optimale Effizienz auf Baustellen sorgt. Mit ihrer ausgezeichneten Verschlei\u00dffestigkeit, Sto\u00dffestigkeit und Witterungsbest\u00e4ndigkeit \u00fcbertreffen sie herk\u00f6mmliche Holz- oder Stahlunterlagen. Diese UHMWPE-Polster eignen sich f\u00fcr Kr\u00e4ne, Hebeb\u00fchnen und Bauger\u00e4te und bieten leichte Handhabung, dauerhafte Leistung und zuverl\u00e4ssige Sicherheit in anspruchsvollen Umgebungen.<\/p>","protected":false},"excerpt":{"rendered":"<p>Langlebige UHMWPE-Auslegerpads bieten eine stabile, rutschfeste Unterst\u00fctzung f\u00fcr Kr\u00e4ne und schwere Maschinen. Sie sind leicht und dennoch stark und widerstehen Verschlei\u00df, Korrosion und Witterungseinfl\u00fcssen und gew\u00e4hrleisten eine sichere und langfristige Leistung auf jedem Untergrund.<\/p>","protected":false},"featured_media":1724,"template":"","meta":{"_gspb_post_css":""},"product_brand":[],"product_cat":[15,21],"product_tag":[313,256,155],"class_list":{"0":"post-1722","1":"product","2":"type-product","3":"status-publish","4":"has-post-thumbnail","6":"product_cat-uhmwpe-hdpe-sheets-plates","7":"product_cat-uhmwpe-fender-pads","8":"product_tag-crane-support-pads","9":"product_tag-outrigger-pads","10":"product_tag-uhmwpe-plate","12":"first","13":"instock","14":"shipping-taxable","15":"product-type-simple"},"_links":{"self":[{"href":"https:\/\/uhmwpemanufacture.com\/de\/wp-json\/wp\/v2\/product\/1722","targetHints":{"allow":["GET"]}}],"collection":[{"href":"https:\/\/uhmwpemanufacture.com\/de\/wp-json\/wp\/v2\/product"}],"about":[{"href":"https:\/\/uhmwpemanufacture.com\/de\/wp-json\/wp\/v2\/types\/product"}],"wp:featuredmedia":[{"embeddable":true,"href":"https:\/\/uhmwpemanufacture.com\/de\/wp-json\/wp\/v2\/media\/1724"}],"wp:attachment":[{"href":"https:\/\/uhmwpemanufacture.com\/de\/wp-json\/wp\/v2\/media?parent=1722"}],"wp:term":[{"taxonomy":"product_brand","embeddable":true,"href":"https:\/\/uhmwpemanufacture.com\/de\/wp-json\/wp\/v2\/product_brand?post=1722"},{"taxonomy":"product_cat","embeddable":true,"href":"https:\/\/uhmwpemanufacture.com\/de\/wp-json\/wp\/v2\/product_cat?post=1722"},{"taxonomy":"product_tag","embeddable":true,"href":"https:\/\/uhmwpemanufacture.com\/de\/wp-json\/wp\/v2\/product_tag?post=1722"}],"curies":[{"name":"wp","href":"https:\/\/api.w.org\/{rel}","templated":true}]}}