{"id":1826,"date":"2025-10-09T10:40:13","date_gmt":"2025-10-09T10:40:13","guid":{"rendered":"https:\/\/uhmwpemanufacture.com\/?post_type=product&#038;p=1826"},"modified":"2025-10-09T10:40:13","modified_gmt":"2025-10-09T10:40:13","slug":"high-polymer-polyethylene-pavement-substrate-base-mat-vendor","status":"publish","type":"product","link":"https:\/\/uhmwpemanufacture.com\/de\/high-polymer-polyethylene-pavement-substrate-base-mat-vendor\/","title":{"rendered":"Hochpolymeres Polyethylen Pflastersubstrat Basismatte Anbieter"},"content":{"rendered":"<h2>Hochpolymeres Polyethylen Pflastersubstrat Basis Bodenbelag Anbieter<\/h2>\n<p>Fu\u00dfmatten aus hochpolymerem Polyethylen f\u00fcr Gehwege sind f\u00fcr au\u00dfergew\u00f6hnliche Haltbarkeit und Stabilit\u00e4t in stark beanspruchten Bodensicherheitsanwendungen konzipiert. Diese aus hochdichtem Polyethylen (HDPE) hergestellten Bodenbel\u00e4ge bieten eine hervorragende Sto\u00dffestigkeit, Rutschfestigkeit und dauerhafte Verschlei\u00dffestigkeit. Sie eignen sich f\u00fcr den Einsatz als Bodenbelag, Fahrbahnunterlage oder als Hilfsmittel f\u00fcr Werkzeuge und halten rauen Umweltbedingungen stand, w\u00e4hrend sie Bodensch\u00e4den verhindern. Sie sind leicht und dennoch hart und lassen sich sehr einfach verlegen, reinigen und wiederverwenden. Erh\u00e4ltlich in zahlreichen<\/p>","protected":false},"excerpt":{"rendered":"<p>Die Bodenmatten aus hochpolymerem Polyethylen zeichnen sich durch hervorragende Verschlei\u00dffestigkeit, Schlagz\u00e4higkeit und rutschhemmende Textur aus. Sie sind ideal f\u00fcr den Einsatz auf Stra\u00dfen, im Baugewerbe und bei schweren Maschinen und bieten lang anhaltende Stabilit\u00e4t, Korrosionsbest\u00e4ndigkeit und eine einfache Installation f\u00fcr eine dauerhafte Leistung.<\/p>","protected":false},"featured_media":1834,"template":"","meta":{"_gspb_post_css":""},"product_brand":[],"product_cat":[24,26],"product_tag":[340,339],"class_list":{"0":"post-1826","1":"product","2":"type-product","3":"status-publish","4":"has-post-thumbnail","6":"product_cat-ground-protection-road-mats","7":"product_cat-base-mats","8":"product_tag-pavement","9":"product_tag-polyethylene-mat","11":"first","12":"instock","13":"shipping-taxable","14":"product-type-simple"},"_links":{"self":[{"href":"https:\/\/uhmwpemanufacture.com\/de\/wp-json\/wp\/v2\/product\/1826","targetHints":{"allow":["GET"]}}],"collection":[{"href":"https:\/\/uhmwpemanufacture.com\/de\/wp-json\/wp\/v2\/product"}],"about":[{"href":"https:\/\/uhmwpemanufacture.com\/de\/wp-json\/wp\/v2\/types\/product"}],"wp:featuredmedia":[{"embeddable":true,"href":"https:\/\/uhmwpemanufacture.com\/de\/wp-json\/wp\/v2\/media\/1834"}],"wp:attachment":[{"href":"https:\/\/uhmwpemanufacture.com\/de\/wp-json\/wp\/v2\/media?parent=1826"}],"wp:term":[{"taxonomy":"product_brand","embeddable":true,"href":"https:\/\/uhmwpemanufacture.com\/de\/wp-json\/wp\/v2\/product_brand?post=1826"},{"taxonomy":"product_cat","embeddable":true,"href":"https:\/\/uhmwpemanufacture.com\/de\/wp-json\/wp\/v2\/product_cat?post=1826"},{"taxonomy":"product_tag","embeddable":true,"href":"https:\/\/uhmwpemanufacture.com\/de\/wp-json\/wp\/v2\/product_tag?post=1826"}],"curies":[{"name":"wp","href":"https:\/\/api.w.org\/{rel}","templated":true}]}}