{"id":1847,"date":"2025-10-09T10:58:52","date_gmt":"2025-10-09T10:58:52","guid":{"rendered":"https:\/\/uhmwpemanufacture.com\/?post_type=product&#038;p=1847"},"modified":"2025-10-09T10:58:52","modified_gmt":"2025-10-09T10:58:52","slug":"uhmwpe-brake-crane-jack-pads-uhmwpe-outrigger-pad-exporter","status":"publish","type":"product","link":"https:\/\/uhmwpemanufacture.com\/de\/uhmwpe-brake-crane-jack-pads-uhmwpe-outrigger-pad-exporter\/","title":{"rendered":"UHMWPE Bremse Kran Jack Pads UHMWPE Outrigger Pad Exporter"},"content":{"rendered":"<h2>UHMWPE-Bremse Kranwagenheber Pads UHMWPE Outrigger Pad H\u00e4ndler<\/h2>\n<p>UHMWPE-Bremskl\u00f6tze f\u00fcr Kranwagenheber bieten eine starke Tragf\u00e4higkeit, eine bemerkenswerte Widerstandsf\u00e4higkeit gegen Einfl\u00fcsse und eine au\u00dfergew\u00f6hnliche Langlebigkeit f\u00fcr Schwerlasttrainingsverfahren. Diese aus ultrahochmolekularem Polyethylen hergestellten Bremskl\u00f6tze sind leicht, korrosionsbest\u00e4ndig und nicht leitend und gew\u00e4hrleisten maximale Sicherheit und Bodenschutz f\u00fcr Kr\u00e4ne, Fahrzeuge und schwere Maschinen. Die rutschhemmende, ausgepr\u00e4gte Oberfl\u00e4che verhindert ein Ausrutschen, w\u00e4hrend die hohe Verschlei\u00dffestigkeit eine lange Lebensdauer auch bei rauen Bedingungen gew\u00e4hrleistet. Geeignet f\u00fcr Bau-, Transport- und kommerzielle Anwendungen, die eine zuverl\u00e4ssige Verteilung und Sicherheit der Lose erfordern.<\/p>","protected":false},"excerpt":{"rendered":"<p>Hochbelastbare UHMWPE-Bremskl\u00f6tze f\u00fcr Kranwagenheber, die f\u00fcr Stabilit\u00e4t, Lastverteilung und Bodenschutz ausgelegt sind. Leicht, verschlei\u00dffest und korrosionsbest\u00e4ndig, ideal f\u00fcr Kr\u00e4ne, Lastwagen und schwere Maschinen. Bietet sichere, dauerhafte Unterst\u00fctzung bei Bau- und Industriearbeiten.<\/p>","protected":false},"featured_media":1852,"template":"","meta":{"_gspb_post_css":""},"product_brand":[],"product_cat":[15,21],"product_tag":[346,347,345],"class_list":{"0":"post-1847","1":"product","2":"type-product","3":"status-publish","4":"has-post-thumbnail","6":"product_cat-uhmwpe-hdpe-sheets-plates","7":"product_cat-uhmwpe-fender-pads","8":"product_tag-crane-jack-pad","9":"product_tag-outrigger-pad","10":"product_tag-uhmwpe-pad","12":"first","13":"instock","14":"shipping-taxable","15":"product-type-simple"},"_links":{"self":[{"href":"https:\/\/uhmwpemanufacture.com\/de\/wp-json\/wp\/v2\/product\/1847","targetHints":{"allow":["GET"]}}],"collection":[{"href":"https:\/\/uhmwpemanufacture.com\/de\/wp-json\/wp\/v2\/product"}],"about":[{"href":"https:\/\/uhmwpemanufacture.com\/de\/wp-json\/wp\/v2\/types\/product"}],"wp:featuredmedia":[{"embeddable":true,"href":"https:\/\/uhmwpemanufacture.com\/de\/wp-json\/wp\/v2\/media\/1852"}],"wp:attachment":[{"href":"https:\/\/uhmwpemanufacture.com\/de\/wp-json\/wp\/v2\/media?parent=1847"}],"wp:term":[{"taxonomy":"product_brand","embeddable":true,"href":"https:\/\/uhmwpemanufacture.com\/de\/wp-json\/wp\/v2\/product_brand?post=1847"},{"taxonomy":"product_cat","embeddable":true,"href":"https:\/\/uhmwpemanufacture.com\/de\/wp-json\/wp\/v2\/product_cat?post=1847"},{"taxonomy":"product_tag","embeddable":true,"href":"https:\/\/uhmwpemanufacture.com\/de\/wp-json\/wp\/v2\/product_tag?post=1847"}],"curies":[{"name":"wp","href":"https:\/\/api.w.org\/{rel}","templated":true}]}}