{"id":1881,"date":"2025-10-10T01:49:33","date_gmt":"2025-10-10T01:49:33","guid":{"rendered":"https:\/\/uhmwpemanufacture.com\/?post_type=product&#038;p=1881"},"modified":"2025-10-10T01:49:33","modified_gmt":"2025-10-10T01:49:33","slug":"custom-high-quality-hockeyicerink-dasher-boards-wholesale","status":"publish","type":"product","link":"https:\/\/uhmwpemanufacture.com\/de\/custom-high-quality-hockeyicerink-dasher-boards-wholesale\/","title":{"rendered":"Benutzerdefinierte hohe Qualit\u00e4t Hockey(Eis)eisbahn Dasher Boards Gro\u00dfhandel"},"content":{"rendered":"<h2>Kundenspezifische hohe Qualit\u00e4t Hockey (Eis) Eisbahn Dasher Boards Gro\u00dfhandel<\/h2>\n<p>Diese ma\u00dfgefertigten, qualitativ hochwertigen Eishockeyspielfl\u00e4chen sind aus langlebigem, sto\u00dffestem HDPE hergestellt und f\u00fcr Spezial- und Freizeiteisbahnen entwickelt. Entwickelt f\u00fcr Z\u00e4higkeit und Flexibilit\u00e4t, bieten sie erstklassigen Puckr\u00fcckprall, Sicherheit und elastische Effizienz unter extremen Spielbedingungen. Die glatte, nicht korrodierende Oberfl\u00e4che sorgt f\u00fcr einen geringen Wartungsaufwand und ein hervorragendes \u00e4sthetisches Erscheinungsbild f\u00fcr jede Art von Eisbahn. Ideal f\u00fcr die Installation im Innen- und Au\u00dfenbereich, sind diese Bretter sehr einfach zu montieren, wetterfest und k\u00f6nnen in Gr\u00f6\u00dfe und Farbton individuell angepasst werden. Perfekt f\u00fcr Sportbereiche, Trainingseinrichtungen und den Bau von Eisbahnen weltweit.<\/p>","protected":false},"excerpt":{"rendered":"<p>Hochwertige, ma\u00dfgefertigte Eishockeyspielfl\u00e4chen aus strapazierf\u00e4higem HDPE f\u00fcr den professionellen Einsatz und den Freizeitbereich. Stark, sto\u00dffest, witterungsbest\u00e4ndig und einfach zu installieren, um eine lange Lebensdauer der Bahn im Innen- oder Au\u00dfenbereich zu gew\u00e4hrleisten.<\/p>","protected":false},"featured_media":1886,"template":"","meta":{"_gspb_post_css":""},"product_brand":[],"product_cat":[29,30],"product_tag":[288,81,356],"class_list":{"0":"post-1881","1":"product","2":"type-product","3":"status-publish","4":"has-post-thumbnail","6":"product_cat-ice-rink-products","7":"product_cat-hockey-ice-rink-dasher-boards","8":"product_tag-hdpe-rink-boards","9":"product_tag-hockey-dasher-boards","10":"product_tag-ice-rink-panels","12":"first","13":"instock","14":"shipping-taxable","15":"product-type-simple"},"_links":{"self":[{"href":"https:\/\/uhmwpemanufacture.com\/de\/wp-json\/wp\/v2\/product\/1881","targetHints":{"allow":["GET"]}}],"collection":[{"href":"https:\/\/uhmwpemanufacture.com\/de\/wp-json\/wp\/v2\/product"}],"about":[{"href":"https:\/\/uhmwpemanufacture.com\/de\/wp-json\/wp\/v2\/types\/product"}],"wp:featuredmedia":[{"embeddable":true,"href":"https:\/\/uhmwpemanufacture.com\/de\/wp-json\/wp\/v2\/media\/1886"}],"wp:attachment":[{"href":"https:\/\/uhmwpemanufacture.com\/de\/wp-json\/wp\/v2\/media?parent=1881"}],"wp:term":[{"taxonomy":"product_brand","embeddable":true,"href":"https:\/\/uhmwpemanufacture.com\/de\/wp-json\/wp\/v2\/product_brand?post=1881"},{"taxonomy":"product_cat","embeddable":true,"href":"https:\/\/uhmwpemanufacture.com\/de\/wp-json\/wp\/v2\/product_cat?post=1881"},{"taxonomy":"product_tag","embeddable":true,"href":"https:\/\/uhmwpemanufacture.com\/de\/wp-json\/wp\/v2\/product_tag?post=1881"}],"curies":[{"name":"wp","href":"https:\/\/api.w.org\/{rel}","templated":true}]}}