{"id":1955,"date":"2025-10-10T07:34:52","date_gmt":"2025-10-10T07:34:52","guid":{"rendered":"https:\/\/uhmwpemanufacture.com\/?post_type=product&#038;p=1955"},"modified":"2025-10-10T07:34:52","modified_gmt":"2025-10-10T07:34:52","slug":"coal-bunker-limit-plate-high-density-polyethylene-hdpe-sheets","status":"publish","type":"product","link":"https:\/\/uhmwpemanufacture.com\/de\/coal-bunker-limit-plate-high-density-polyethylene-hdpe-sheets\/","title":{"rendered":"Kohle-Bunker-Grenzplatte Polyethylen hoher Dichte Hdpe-Platten"},"content":{"rendered":"<h2>Kohlebunker-Beschr\u00e4nkungsplatte Platten aus Polyethylen hoher Dicke (HDPE)<\/h2>\n<p>Elastische und leistungsstarke Kohlebunkerbegrenzungsplatten aus hochwertigem HDPE-Material. Diese Platten bieten eine hervorragende Best\u00e4ndigkeit gegen Einfl\u00fcsse, Gebrauch und Korrosion und gew\u00e4hrleisten eine lange Lebensdauer, auch unter schwerer Belastung und in rauer Umgebung. Die Oberfl\u00e4che ist glatt, was eine sehr einfache Reinigung und eine geringere Materialhaftung erm\u00f6glicht. Geeignet f\u00fcr Kohlebunker, Materialtransport und gewerbliche Anwendungen. Leicht und sehr einfach zu installieren, mit einstellbaren Abmessungen und Dichtealternativen, um bestimmte Aufgabenanforderungen zu erf\u00fcllen.<\/p>","protected":false},"excerpt":{"rendered":"<p>Langlebige Kohlebunkerbegrenzungsplatte aus hochdichtem Polyethylen (HDPE). Bietet hervorragende Schlagfestigkeit, Verschlei\u00dffestigkeit und Korrosionsschutz. Ideal f\u00fcr Kohlebunker und industrielle Anwendungen. Leicht, einfach zu installieren und in der Gr\u00f6\u00dfe anpassbar.<\/p>","protected":false},"featured_media":1961,"template":"","meta":{"_gspb_post_css":""},"product_brand":[],"product_cat":[15,22],"product_tag":[337,59,344],"class_list":{"0":"post-1955","1":"product","2":"type-product","3":"status-publish","4":"has-post-thumbnail","6":"product_cat-uhmwpe-hdpe-sheets-plates","7":"product_cat-coal-bunker-limit-plates","8":"product_tag-coal-bunker-plate","9":"product_tag-hdpe-sheet","10":"product_tag-industrial-material","12":"first","13":"instock","14":"shipping-taxable","15":"product-type-simple"},"_links":{"self":[{"href":"https:\/\/uhmwpemanufacture.com\/de\/wp-json\/wp\/v2\/product\/1955","targetHints":{"allow":["GET"]}}],"collection":[{"href":"https:\/\/uhmwpemanufacture.com\/de\/wp-json\/wp\/v2\/product"}],"about":[{"href":"https:\/\/uhmwpemanufacture.com\/de\/wp-json\/wp\/v2\/types\/product"}],"wp:featuredmedia":[{"embeddable":true,"href":"https:\/\/uhmwpemanufacture.com\/de\/wp-json\/wp\/v2\/media\/1961"}],"wp:attachment":[{"href":"https:\/\/uhmwpemanufacture.com\/de\/wp-json\/wp\/v2\/media?parent=1955"}],"wp:term":[{"taxonomy":"product_brand","embeddable":true,"href":"https:\/\/uhmwpemanufacture.com\/de\/wp-json\/wp\/v2\/product_brand?post=1955"},{"taxonomy":"product_cat","embeddable":true,"href":"https:\/\/uhmwpemanufacture.com\/de\/wp-json\/wp\/v2\/product_cat?post=1955"},{"taxonomy":"product_tag","embeddable":true,"href":"https:\/\/uhmwpemanufacture.com\/de\/wp-json\/wp\/v2\/product_tag?post=1955"}],"curies":[{"name":"wp","href":"https:\/\/api.w.org\/{rel}","templated":true}]}}