{"id":1976,"date":"2025-10-10T07:52:08","date_gmt":"2025-10-10T07:52:08","guid":{"rendered":"https:\/\/uhmwpemanufacture.com\/?post_type=product&#038;p=1976"},"modified":"2025-10-10T07:52:08","modified_gmt":"2025-10-10T07:52:08","slug":"hdpe-composite-ground-protection-mats-for-access-roads","status":"publish","type":"product","link":"https:\/\/uhmwpemanufacture.com\/de\/hdpe-composite-ground-protection-mats-for-access-roads\/","title":{"rendered":"HDPE-Verbundbodenschutzmatten f\u00fcr Zufahrtswege"},"content":{"rendered":"<h2>HDPE-Compound-Bodenschutzmatten f\u00fcr befahrbare Wege<\/h2>\n<p>Langlebige Bodenschutzbel\u00e4ge aus HDPE-Verbundwerkstoff f\u00fcr risikofreie, sichere Zufahrtswege und Arbeitsb\u00fchnen. Diese langlebigen Bodenbel\u00e4ge verf\u00fcgen \u00fcber eine strukturierte Anti-Rutsch-Oberfl\u00e4che f\u00fcr bemerkenswerten Grip und verhindern, dass Fahrzeuge und Werkzeuge auf weichem oder unebenem Boden einsinken oder ausrutschen. Sie bestehen aus hochdichtem Polyethylen, sind leicht, witterungsbest\u00e4ndig und recycelbar und sorgen f\u00fcr eine belastbare Effizienz im Bau-, Energie- und Veranstaltungsbereich. Diese leicht zu montierenden und zu bewegenden Matten sch\u00fctzen effektiv Rasen, Schmutz und glatte Oberfl\u00e4chen und tragen schwere Lasten in schwierigen Umgebungen.<\/p>","protected":false},"excerpt":{"rendered":"<p>Hochbelastbare HDPE-Bodenschutzmatten bieten stabile, rutschfeste Zugangswege und Arbeitsplattformen. Langlebig, leicht und wiederverwendbar f\u00fcr den Einsatz im Bauwesen und in der Industrie.<\/p>","protected":false},"featured_media":1982,"template":"","meta":{"_gspb_post_css":""},"product_brand":[],"product_cat":[24,25],"product_tag":[72,366,367],"class_list":{"0":"post-1976","1":"product","2":"type-product","3":"status-publish","4":"has-post-thumbnail","6":"product_cat-ground-protection-road-mats","7":"product_cat-quick-mats","8":"product_tag-ground-protection-mats","9":"product_tag-hdpe-access-roads","10":"product_tag-heavy-duty-floor-mats","12":"first","13":"instock","14":"shipping-taxable","15":"product-type-simple"},"_links":{"self":[{"href":"https:\/\/uhmwpemanufacture.com\/de\/wp-json\/wp\/v2\/product\/1976","targetHints":{"allow":["GET"]}}],"collection":[{"href":"https:\/\/uhmwpemanufacture.com\/de\/wp-json\/wp\/v2\/product"}],"about":[{"href":"https:\/\/uhmwpemanufacture.com\/de\/wp-json\/wp\/v2\/types\/product"}],"wp:featuredmedia":[{"embeddable":true,"href":"https:\/\/uhmwpemanufacture.com\/de\/wp-json\/wp\/v2\/media\/1982"}],"wp:attachment":[{"href":"https:\/\/uhmwpemanufacture.com\/de\/wp-json\/wp\/v2\/media?parent=1976"}],"wp:term":[{"taxonomy":"product_brand","embeddable":true,"href":"https:\/\/uhmwpemanufacture.com\/de\/wp-json\/wp\/v2\/product_brand?post=1976"},{"taxonomy":"product_cat","embeddable":true,"href":"https:\/\/uhmwpemanufacture.com\/de\/wp-json\/wp\/v2\/product_cat?post=1976"},{"taxonomy":"product_tag","embeddable":true,"href":"https:\/\/uhmwpemanufacture.com\/de\/wp-json\/wp\/v2\/product_tag?post=1976"}],"curies":[{"name":"wp","href":"https:\/\/api.w.org\/{rel}","templated":true}]}}