{"id":1988,"date":"2025-10-10T07:59:13","date_gmt":"2025-10-10T07:59:13","guid":{"rendered":"https:\/\/uhmwpemanufacture.com\/?post_type=product&#038;p=1988"},"modified":"2025-10-10T07:59:13","modified_gmt":"2025-10-10T07:59:13","slug":"composite-construction-mats-ground-protection-mats-amphi-mat","status":"publish","type":"product","link":"https:\/\/uhmwpemanufacture.com\/de\/composite-construction-mats-ground-protection-mats-amphi-mat\/","title":{"rendered":"Komposit-Baumatten Bodenschutzmatten Amphi Mat"},"content":{"rendered":"<h2>Komposit-Baumatten Bodenverteidigungsmatten Amphi Mat<\/h2>\n<p>Hochfeste Bodenbel\u00e4ge aus Verbundwerkstoff f\u00fcr den Bau und die Konstruktion, die f\u00fcr einen hervorragenden Bodenschutz im Bauwesen, in der Industrie und bei Gelegenheiten hergestellt werden. Aus langlebigem HDPE-Material hergestellt, verf\u00fcgen diese Matten \u00fcber eine rutschfeste, rubinrote Oberfl\u00e4che f\u00fcr hervorragenden Grip und eine gute Verteilung der Partien. Sie eignen sich f\u00fcr die Schaffung eines stabilen, kurzzeitigen Zugangs zu Stra\u00dfen und Arbeitsb\u00fchnen und sch\u00fctzen Rasen, Schmutz und empfindliche Oberfl\u00e4chen vor schweren Sch\u00e4den durch Ger\u00e4te. Amphi Mats sind leicht, witterungsbest\u00e4ndig und sehr einfach zu montieren. Sie k\u00f6nnen mehrfach wiederverwendet werden und bieten dauerhaften Wert und Effizienz in schwierigen Umgebungen. Sie sind in verschiedenen Farbt\u00f6nen und Abmessungen erh\u00e4ltlich, um den unterschiedlichsten Anforderungen gerecht zu werden.<\/p>","protected":false},"excerpt":{"rendered":"<p>Langlebige Verbundwerkstoffmatten aus HDPE f\u00fcr zuverl\u00e4ssigen Bodenschutz. Die rutschfeste Oberfl\u00e4che gew\u00e4hrleistet Stabilit\u00e4t f\u00fcr schwere Ger\u00e4te auf jedem Terrain. Wiederverwendbar und leicht zu verlegen.<\/p>","protected":false},"featured_media":1992,"template":"","meta":{"_gspb_post_css":""},"product_brand":[],"product_cat":[24,28],"product_tag":[369,139,370],"class_list":{"0":"post-1988","1":"product","2":"type-product","3":"status-publish","4":"has-post-thumbnail","6":"product_cat-ground-protection-road-mats","7":"product_cat-amphi-mats","8":"product_tag-construction-mats","9":"product_tag-ground-protection","10":"product_tag-hdpe-amphi-mat","12":"first","13":"instock","14":"shipping-taxable","15":"product-type-simple"},"_links":{"self":[{"href":"https:\/\/uhmwpemanufacture.com\/de\/wp-json\/wp\/v2\/product\/1988","targetHints":{"allow":["GET"]}}],"collection":[{"href":"https:\/\/uhmwpemanufacture.com\/de\/wp-json\/wp\/v2\/product"}],"about":[{"href":"https:\/\/uhmwpemanufacture.com\/de\/wp-json\/wp\/v2\/types\/product"}],"wp:featuredmedia":[{"embeddable":true,"href":"https:\/\/uhmwpemanufacture.com\/de\/wp-json\/wp\/v2\/media\/1992"}],"wp:attachment":[{"href":"https:\/\/uhmwpemanufacture.com\/de\/wp-json\/wp\/v2\/media?parent=1988"}],"wp:term":[{"taxonomy":"product_brand","embeddable":true,"href":"https:\/\/uhmwpemanufacture.com\/de\/wp-json\/wp\/v2\/product_brand?post=1988"},{"taxonomy":"product_cat","embeddable":true,"href":"https:\/\/uhmwpemanufacture.com\/de\/wp-json\/wp\/v2\/product_cat?post=1988"},{"taxonomy":"product_tag","embeddable":true,"href":"https:\/\/uhmwpemanufacture.com\/de\/wp-json\/wp\/v2\/product_tag?post=1988"}],"curies":[{"name":"wp","href":"https:\/\/api.w.org\/{rel}","templated":true}]}}