{"id":2038,"date":"2025-10-10T11:27:30","date_gmt":"2025-10-10T11:27:30","guid":{"rendered":"https:\/\/uhmwpemanufacture.com\/?post_type=product&#038;p=2038"},"modified":"2025-10-10T11:27:30","modified_gmt":"2025-10-10T11:27:30","slug":"durable-lightweight-hockeyicerink-dasher-boards-factory","status":"publish","type":"product","link":"https:\/\/uhmwpemanufacture.com\/de\/durable-lightweight-hockeyicerink-dasher-boards-factory\/","title":{"rendered":"Langlebige, leichte Hockey(Eis)bahn-Brettchen Fabrik"},"content":{"rendered":"<h2>Langlebige leichte Hockey (Eis) Rink Dasher Boards Fabrik<\/h2>\n<p>Leistungsstarke Hockeyspielfeldbegrenzungsplatten aus elastischen und leichten HDPE- und UHMWPE-Produkten. Sie sind robust, anpassungsf\u00e4hig und dauerhaft widerstandsf\u00e4hig und bieten glatte, risikofreie Spielfeldbegrenzungen in professioneller Qualit\u00e4t f\u00fcr Innen- und Au\u00dfenpl\u00e4tze. Die gl\u00e4nzende Oberfl\u00e4che sorgt f\u00fcr ein au\u00dfergew\u00f6hnliches Gleiten des Pucks, w\u00e4hrend die langlebige Konstruktion Br\u00fcchen, N\u00e4sse und Temperaturschwankungen standh\u00e4lt. Sie sind einfach zu montieren und zu warten und k\u00f6nnen in Gr\u00f6\u00dfe, Farbton und Dicke an die Anforderungen von Profi- und Freizeitbahnen angepasst werden, was sie perfekt f\u00fcr Sportzentren, Trainingseinrichtungen und Eisfelder macht.<\/p>","protected":false},"excerpt":{"rendered":"<p>Strapazierf\u00e4hige und leichte Eishockeyspielfeldplatten aus HDPE und UHMWPE. Hervorragende Sto\u00dffestigkeit, sanftes Gleiten des Pucks und einfache Installation f\u00fcr Innen- und Au\u00dfeneisstadien. Kundenspezifische Gr\u00f6\u00dfen und Farben f\u00fcr den professionellen und Freizeitgebrauch erh\u00e4ltlich.<\/p>","protected":false},"featured_media":2042,"template":"","meta":{"_gspb_post_css":""},"product_brand":[],"product_cat":[29,30],"product_tag":[81,356,383],"class_list":{"0":"post-2038","1":"product","2":"type-product","3":"status-publish","4":"has-post-thumbnail","6":"product_cat-ice-rink-products","7":"product_cat-hockey-ice-rink-dasher-boards","8":"product_tag-hockey-dasher-boards","9":"product_tag-ice-rink-panels","10":"product_tag-uhmwpe-boards","12":"first","13":"instock","14":"shipping-taxable","15":"product-type-simple"},"_links":{"self":[{"href":"https:\/\/uhmwpemanufacture.com\/de\/wp-json\/wp\/v2\/product\/2038","targetHints":{"allow":["GET"]}}],"collection":[{"href":"https:\/\/uhmwpemanufacture.com\/de\/wp-json\/wp\/v2\/product"}],"about":[{"href":"https:\/\/uhmwpemanufacture.com\/de\/wp-json\/wp\/v2\/types\/product"}],"wp:featuredmedia":[{"embeddable":true,"href":"https:\/\/uhmwpemanufacture.com\/de\/wp-json\/wp\/v2\/media\/2042"}],"wp:attachment":[{"href":"https:\/\/uhmwpemanufacture.com\/de\/wp-json\/wp\/v2\/media?parent=2038"}],"wp:term":[{"taxonomy":"product_brand","embeddable":true,"href":"https:\/\/uhmwpemanufacture.com\/de\/wp-json\/wp\/v2\/product_brand?post=2038"},{"taxonomy":"product_cat","embeddable":true,"href":"https:\/\/uhmwpemanufacture.com\/de\/wp-json\/wp\/v2\/product_cat?post=2038"},{"taxonomy":"product_tag","embeddable":true,"href":"https:\/\/uhmwpemanufacture.com\/de\/wp-json\/wp\/v2\/product_tag?post=2038"}],"curies":[{"name":"wp","href":"https:\/\/api.w.org\/{rel}","templated":true}]}}