{"id":2102,"date":"2025-10-11T02:07:03","date_gmt":"2025-10-11T02:07:03","guid":{"rendered":"https:\/\/uhmwpemanufacture.com\/?post_type=product&#038;p=2102"},"modified":"2025-10-11T02:07:03","modified_gmt":"2025-10-11T02:07:03","slug":"heavy-duty-uhmwpe-cribbing-blocks-crane-outrigger-pads","status":"publish","type":"product","link":"https:\/\/uhmwpemanufacture.com\/de\/heavy-duty-uhmwpe-cribbing-blocks-crane-outrigger-pads\/","title":{"rendered":"Hochbelastbare UHMWPE-Krippenbl\u00f6cke Kranauslegerpads"},"content":{"rendered":"<h2 id=\"heavy-duty-uhmwpe-cribbing-blocks-crane-outrigger-pads\">Hochbelastbare UHMWPE-Krippenbl\u00f6cke Kranauslegerpads<\/h2>\n<p>Die Bilder zeigen langlebige, schwarze Krippenbl\u00f6cke f\u00fcr robuste Anwendungen. Diese Bl\u00f6cke verf\u00fcgen \u00fcber eine besondere, rutschfeste Oberfl\u00e4che, die maximalen Halt und Sicherheit bei schweren Lasten garantiert. Jeder Block ist an beiden Enden mit robusten orangefarbenen Seilen ausgestattet, die das Tragen, Platzieren und Wiederauffinden erleichtern. Durch ihre rechteckige, l\u00e4ngliche Form und ihre robuste Konstruktion eignen sie sich f\u00fcr den Einsatz als Kranauslegerpads und bieten zuverl\u00e4ssige Unterst\u00fctzung und Lastenverteilung auf verschiedenen Oberfl\u00e4chen. Die aus UHMWPE gefertigten Abst\u00fctzbl\u00f6cke sind extrem langlebig, unempfindlich gegen Einwirkungen, Chemikalien und Feuchtigkeit und gew\u00e4hrleisten eine dauerhafte Effizienz in den beliebten Industrie- und Bauumgebungen.<\/p>","protected":false},"excerpt":{"rendered":"<p>Diese hochbelastbaren UHMWPE-Krippenbl\u00f6cke verf\u00fcgen \u00fcber eine rutschfeste, strukturierte Oberseite und robuste Seilgriffe f\u00fcr eine einfache Handhabung. Sie eignen sich ideal als Kranauslegerpolster und bieten zuverl\u00e4ssige Unterst\u00fctzung und gleichm\u00e4\u00dfige Lastverteilung. Die Bl\u00f6cke sind au\u00dferordentlich haltbar und widerstehen St\u00f6\u00dfen, Chemikalien und Feuchtigkeit, sodass sie auch in anspruchsvollen Umgebungen lange halten.<\/p>","protected":false},"featured_media":2107,"template":"","meta":{"_gspb_post_css":""},"product_brand":[],"product_cat":[15,21],"product_tag":[65,256,396],"class_list":{"0":"post-2102","1":"product","2":"type-product","3":"status-publish","4":"has-post-thumbnail","6":"product_cat-uhmwpe-hdpe-sheets-plates","7":"product_cat-uhmwpe-fender-pads","8":"product_tag-cribbing-blocks","9":"product_tag-outrigger-pads","10":"product_tag-uhmwpe","12":"first","13":"instock","14":"shipping-taxable","15":"product-type-simple"},"_links":{"self":[{"href":"https:\/\/uhmwpemanufacture.com\/de\/wp-json\/wp\/v2\/product\/2102","targetHints":{"allow":["GET"]}}],"collection":[{"href":"https:\/\/uhmwpemanufacture.com\/de\/wp-json\/wp\/v2\/product"}],"about":[{"href":"https:\/\/uhmwpemanufacture.com\/de\/wp-json\/wp\/v2\/types\/product"}],"wp:featuredmedia":[{"embeddable":true,"href":"https:\/\/uhmwpemanufacture.com\/de\/wp-json\/wp\/v2\/media\/2107"}],"wp:attachment":[{"href":"https:\/\/uhmwpemanufacture.com\/de\/wp-json\/wp\/v2\/media?parent=2102"}],"wp:term":[{"taxonomy":"product_brand","embeddable":true,"href":"https:\/\/uhmwpemanufacture.com\/de\/wp-json\/wp\/v2\/product_brand?post=2102"},{"taxonomy":"product_cat","embeddable":true,"href":"https:\/\/uhmwpemanufacture.com\/de\/wp-json\/wp\/v2\/product_cat?post=2102"},{"taxonomy":"product_tag","embeddable":true,"href":"https:\/\/uhmwpemanufacture.com\/de\/wp-json\/wp\/v2\/product_tag?post=2102"}],"curies":[{"name":"wp","href":"https:\/\/api.w.org\/{rel}","templated":true}]}}