{"id":2115,"date":"2025-10-11T02:14:11","date_gmt":"2025-10-11T02:14:11","guid":{"rendered":"https:\/\/uhmwpemanufacture.com\/?post_type=product&#038;p=2115"},"modified":"2025-10-11T02:14:11","modified_gmt":"2025-10-11T02:14:11","slug":"nylon-sheet-plastic-polyethylene-hdpe-sheet-wholesaler","status":"publish","type":"product","link":"https:\/\/uhmwpemanufacture.com\/de\/nylon-sheet-plastic-polyethylene-hdpe-sheet-wholesaler\/","title":{"rendered":"Nylon Blatt Kunststoff Polyethylen HDPE Blatt Gro\u00dfh\u00e4ndler"},"content":{"rendered":"<h2 id=\"nylon-sheet-plastic-polyethylene-hdpe-sheet-wholesaler\">Nylon Blatt Kunststoff Polyethylen HDPE Blatt Gro\u00dfh\u00e4ndler<\/h2>\n<p>Die Fotos zeigen ein vielf\u00e4ltiges Angebot an hochwertigen Kunststoffplatten und -st\u00e4ben und verdeutlichen deren Flexibilit\u00e4t und Anwendungsm\u00f6glichkeiten. Ein Foto zeigt einen lebhaften Stapel quadratischer Platten in Rot, Umweltfreundlichkeit, Schwarz und Wei\u00df, der die Zug\u00e4nglichkeit mehrerer Farben und eine einheitliche, glatte Oberfl\u00e4che zeigt. Das zweite Bild geht noch einen Schritt weiter und zeigt eine breitere Palette von wei\u00dfen und schwarzen Platten sowie zahlreiche runde und individuell geformte St\u00e4be, die aus einem orangefarbenen und roten Stapel bestehen. Diese Kollektion ist optimal f\u00fcr einen H\u00e4ndler, der sich auf Nylon, Polyethylen und HDPE-Platten spezialisiert hat. Diese Materialien sind f\u00fcr ihre Robustheit, Widerstandsf\u00e4higkeit und Flexibilit\u00e4t bekannt und eignen sich daher f\u00fcr zahlreiche kommerzielle, gesch\u00e4ftliche und innovative Aufgaben.<\/p>","protected":false},"excerpt":{"rendered":"<p>Unser Gro\u00dfh\u00e4ndler bietet eine breite Palette von Nylon, Polyethylen und HDPE-Kunststoffplatten und -st\u00e4ben an. Diese langlebigen, sto\u00dffesten Materialien sind in verschiedenen Farben und Formen erh\u00e4ltlich und eignen sich perfekt f\u00fcr unz\u00e4hlige industrielle, kommerzielle und kreative Projekte und bieten vielseitige L\u00f6sungen f\u00fcr all Ihre Kunststoffanforderungen.<\/p>","protected":false},"featured_media":2120,"template":"","meta":{"_gspb_post_css":""},"product_brand":[],"product_cat":[23],"product_tag":[397,401,395],"class_list":{"0":"post-2115","1":"product","2":"type-product","3":"status-publish","4":"has-post-thumbnail","6":"product_cat-nylon-sheets","7":"product_tag-hdpe","8":"product_tag-nylon","9":"product_tag-plastic-sheets","11":"first","12":"instock","13":"shipping-taxable","14":"product-type-simple"},"_links":{"self":[{"href":"https:\/\/uhmwpemanufacture.com\/de\/wp-json\/wp\/v2\/product\/2115","targetHints":{"allow":["GET"]}}],"collection":[{"href":"https:\/\/uhmwpemanufacture.com\/de\/wp-json\/wp\/v2\/product"}],"about":[{"href":"https:\/\/uhmwpemanufacture.com\/de\/wp-json\/wp\/v2\/types\/product"}],"wp:featuredmedia":[{"embeddable":true,"href":"https:\/\/uhmwpemanufacture.com\/de\/wp-json\/wp\/v2\/media\/2120"}],"wp:attachment":[{"href":"https:\/\/uhmwpemanufacture.com\/de\/wp-json\/wp\/v2\/media?parent=2115"}],"wp:term":[{"taxonomy":"product_brand","embeddable":true,"href":"https:\/\/uhmwpemanufacture.com\/de\/wp-json\/wp\/v2\/product_brand?post=2115"},{"taxonomy":"product_cat","embeddable":true,"href":"https:\/\/uhmwpemanufacture.com\/de\/wp-json\/wp\/v2\/product_cat?post=2115"},{"taxonomy":"product_tag","embeddable":true,"href":"https:\/\/uhmwpemanufacture.com\/de\/wp-json\/wp\/v2\/product_tag?post=2115"}],"curies":[{"name":"wp","href":"https:\/\/api.w.org\/{rel}","templated":true}]}}