{"id":2126,"date":"2025-10-11T02:29:11","date_gmt":"2025-10-11T02:29:11","guid":{"rendered":"https:\/\/uhmwpemanufacture.com\/?post_type=product&#038;p=2126"},"modified":"2025-10-11T02:29:11","modified_gmt":"2025-10-11T02:29:11","slug":"custom-high-density-polyethylene-hdpe-board-wholesaler","status":"publish","type":"product","link":"https:\/\/uhmwpemanufacture.com\/de\/custom-high-density-polyethylene-hdpe-board-wholesaler\/","title":{"rendered":"Kundenspezifisches Polyethylen hoher Dichte HDPE-Platten Gro\u00dfh\u00e4ndler"},"content":{"rendered":"<h2 id=\"personalized-high-density-polyethylene-hdpe-board-dealer\">Personalisiertes High-Density Polyethylen (HDPE) Board H\u00e4ndler<\/h2>\n<p>Wir sind ein f\u00fchrender Gro\u00dfh\u00e4ndler f\u00fcr personalisierte Platten aus Polyethylen hoher Dichte (HDPE) und bieten eine Vielzahl von Farben und Dichten an, um Ihre spezifischen Anforderungen zu erf\u00fcllen. Unsere HDPE-Platten und -Stangen sind f\u00fcr ihre au\u00dfergew\u00f6hnliche Widerstandsf\u00e4higkeit, chemische Best\u00e4ndigkeit und Anpassungsf\u00e4higkeit bekannt, was sie perfekt f\u00fcr verschiedene industrielle und gewerbliche Anwendungen macht. Von gro\u00dfen, gestapelten wei\u00dfen Bl\u00f6cken, die f\u00fcr die Veredelung vorbereitet sind, bis hin zu einer Vielzahl von bunten Platten und zylindrischen Stangen sind unsere Artikel auf h\u00f6chste Qualit\u00e4t und Effizienz ausgelegt. Ganz gleich, ob Sie personalisierte Zuschnitte oder Detailma\u00dfe ben\u00f6tigen, wir bieten Ihnen zuverl\u00e4ssige und hochwertige HDPE-Optionen f\u00fcr alle Ihre Auftr\u00e4ge.<\/p>","protected":false},"excerpt":{"rendered":"<p>Custom High Density Polyethylene (HDPE) Board Wholesaler bietet eine breite Palette von HDPE-Platten und -St\u00e4ben in verschiedenen Farben und Gr\u00f6\u00dfen. Unsere Produkte sind langlebig, chemikalienbest\u00e4ndig und ideal f\u00fcr industrielle und gewerbliche Anwendungen. Sie sind in gro\u00dfen wei\u00dfen Bl\u00f6cken oder als farbig sortierte Platten und St\u00e4be erh\u00e4ltlich.<\/p>","protected":false},"featured_media":2127,"template":"","meta":{"_gspb_post_css":""},"product_brand":[],"product_cat":[29,32],"product_tag":[404,405,403],"class_list":{"0":"post-2126","1":"product","2":"type-product","3":"status-publish","4":"has-post-thumbnail","6":"product_cat-ice-rink-products","7":"product_cat-ice-synthetic-panels","8":"product_tag-custom-plastic","9":"product_tag-plastic-wholesaler","10":"product_tag-polyethylene","12":"first","13":"instock","14":"shipping-taxable","15":"product-type-simple"},"_links":{"self":[{"href":"https:\/\/uhmwpemanufacture.com\/de\/wp-json\/wp\/v2\/product\/2126","targetHints":{"allow":["GET"]}}],"collection":[{"href":"https:\/\/uhmwpemanufacture.com\/de\/wp-json\/wp\/v2\/product"}],"about":[{"href":"https:\/\/uhmwpemanufacture.com\/de\/wp-json\/wp\/v2\/types\/product"}],"wp:featuredmedia":[{"embeddable":true,"href":"https:\/\/uhmwpemanufacture.com\/de\/wp-json\/wp\/v2\/media\/2127"}],"wp:attachment":[{"href":"https:\/\/uhmwpemanufacture.com\/de\/wp-json\/wp\/v2\/media?parent=2126"}],"wp:term":[{"taxonomy":"product_brand","embeddable":true,"href":"https:\/\/uhmwpemanufacture.com\/de\/wp-json\/wp\/v2\/product_brand?post=2126"},{"taxonomy":"product_cat","embeddable":true,"href":"https:\/\/uhmwpemanufacture.com\/de\/wp-json\/wp\/v2\/product_cat?post=2126"},{"taxonomy":"product_tag","embeddable":true,"href":"https:\/\/uhmwpemanufacture.com\/de\/wp-json\/wp\/v2\/product_tag?post=2126"}],"curies":[{"name":"wp","href":"https:\/\/api.w.org\/{rel}","templated":true}]}}