{"id":2149,"date":"2025-10-11T02:46:25","date_gmt":"2025-10-11T02:46:25","guid":{"rendered":"https:\/\/uhmwpemanufacture.com\/?post_type=product&#038;p=2149"},"modified":"2025-10-11T02:46:25","modified_gmt":"2025-10-11T02:46:25","slug":"custom-paving-slabs-ground-protection-road-dura-mat-dealer","status":"publish","type":"product","link":"https:\/\/uhmwpemanufacture.com\/de\/custom-paving-slabs-ground-protection-road-dura-mat-dealer\/","title":{"rendered":"Kundenspezifische Pflasterplatten Bodenschutz Stra\u00dfe Dura Mat H\u00e4ndler"},"content":{"rendered":"<h2 id=\"custom-paving-slabs-ground-protection-road-dura-floor-covering-supplier\">Benutzerdefinierte Pflasterplatten Bodenschutz Stra\u00dfe Dura Bodenbelag Lieferant<\/h2>\n<p>Wir sind ein f\u00fchrender Anbieter von ma\u00dfgeschneiderten Gehwegplatten und Bodenschutzmatten, die f\u00fcr eine robuste, vor\u00fcbergehende Begehbarkeit und Oberfl\u00e4chensicherheit in schwierigen Umgebungen entwickelt wurden. Wie auf den Fotos zu sehen ist, verf\u00fcgen unsere robusten Matten \u00fcber ein einzigartiges Rautenmuster, das die Traktion erh\u00f6ht und sie perfekt f\u00fcr Baustellen, Anl\u00e4sse und alle Bereiche macht, die eine stabile, rutschfeste Bodenabdeckung erfordern. Wir bieten diese Matten in gro\u00dfen Mengen an, sch\u00f6n auf Paletten in unserem Lager gestapelt, bereit f\u00fcr den Vertrieb. Das zweite Bild zeigt ihre n\u00fctzliche Anwendung, die einen festen Weg \u00fcber schlammiges Terrain bietet. Unsere Bodenschutzbel\u00e4ge aus widerstandsf\u00e4higen, hochdichten Produkten verhindern Sch\u00e4den an empfindlichen Landschaften, verbessern die Zug\u00e4nglichkeit f\u00fcr Lastwagen und Fu\u00dfg\u00e4nger und verteilen gro\u00dfe Mengen effektiv. Wir liefern individuelle Abmessungen und Spezifikationen, um den verschiedenen Projektanforderungen gerecht zu werden, und garantieren eine seri\u00f6se Leistung bei unterschiedlichen Problemen.<\/p>","protected":false},"excerpt":{"rendered":"<p>Wir sind ein f\u00fchrender H\u00e4ndler von ma\u00dfgeschneiderten Pflasterplatten und Bodenschutzmatten f\u00fcr Stra\u00dfen. Unsere strapazierf\u00e4higen Matten verf\u00fcgen \u00fcber ein Rautenmuster f\u00fcr hervorragende Traktion und sind ideal f\u00fcr Baustellen, Veranstaltungen und tempor\u00e4re Zug\u00e4nge auf schwierigem Gel\u00e4nde wie Schlamm.<\/p>","protected":false},"featured_media":2154,"template":"","meta":{"_gspb_post_css":""},"product_brand":[],"product_cat":[24,26,27],"product_tag":[72,412,278],"class_list":{"0":"post-2149","1":"product","2":"type-product","3":"status-publish","4":"has-post-thumbnail","6":"product_cat-ground-protection-road-mats","7":"product_cat-base-mats","8":"product_cat-dura-mats","9":"product_tag-ground-protection-mats","10":"product_tag-paving-slabs","11":"product_tag-road-mats","13":"first","14":"instock","15":"shipping-taxable","16":"product-type-simple"},"_links":{"self":[{"href":"https:\/\/uhmwpemanufacture.com\/de\/wp-json\/wp\/v2\/product\/2149","targetHints":{"allow":["GET"]}}],"collection":[{"href":"https:\/\/uhmwpemanufacture.com\/de\/wp-json\/wp\/v2\/product"}],"about":[{"href":"https:\/\/uhmwpemanufacture.com\/de\/wp-json\/wp\/v2\/types\/product"}],"wp:featuredmedia":[{"embeddable":true,"href":"https:\/\/uhmwpemanufacture.com\/de\/wp-json\/wp\/v2\/media\/2154"}],"wp:attachment":[{"href":"https:\/\/uhmwpemanufacture.com\/de\/wp-json\/wp\/v2\/media?parent=2149"}],"wp:term":[{"taxonomy":"product_brand","embeddable":true,"href":"https:\/\/uhmwpemanufacture.com\/de\/wp-json\/wp\/v2\/product_brand?post=2149"},{"taxonomy":"product_cat","embeddable":true,"href":"https:\/\/uhmwpemanufacture.com\/de\/wp-json\/wp\/v2\/product_cat?post=2149"},{"taxonomy":"product_tag","embeddable":true,"href":"https:\/\/uhmwpemanufacture.com\/de\/wp-json\/wp\/v2\/product_tag?post=2149"}],"curies":[{"name":"wp","href":"https:\/\/api.w.org\/{rel}","templated":true}]}}