{"id":2156,"date":"2025-10-11T02:50:57","date_gmt":"2025-10-11T02:50:57","guid":{"rendered":"https:\/\/uhmwpemanufacture.com\/?post_type=product&#038;p=2156"},"modified":"2025-10-11T02:50:57","modified_gmt":"2025-10-11T02:50:57","slug":"outrigger-pad-ultra-high-molecular-weight-polyethylene-hdpe","status":"publish","type":"product","link":"https:\/\/uhmwpemanufacture.com\/de\/outrigger-pad-ultra-high-molecular-weight-polyethylene-hdpe\/","title":{"rendered":"Auslegerpolster Ultrahochmolekulares Polyethylen HDPE"},"content":{"rendered":"<h2 id=\"outrigger-pad-ultra-high-molecular-weight-polyethylene-hdpe\">Ausleger-Pad: Polyethylen mit ultrahohem Molekulargewicht HDPE<\/h2>\n<p>Unsere Auslegerpolster werden aus ultrahochmolekularem Polyethylen (UHMWPE) und HDPE hergestellt und bieten eine bemerkenswerte Festigkeit und Sicherheit f\u00fcr schwere Werkzeuge. Diese elastischen Pads verteilen die Lasten effektiv, sch\u00fctzen vor Besch\u00e4digungen der Oberfl\u00e4chen und erh\u00f6hen die Sicherheit w\u00e4hrend der Trainingsverfahren. Das erste Bild zeigt ein einzelnes quadratisches Auslegerpolster mit einem markanten runden Muster in der Mitte f\u00fcr besseren Halt und einem praktischen gr\u00fcnen Griff f\u00fcr den einfachen Transport. Das zweite Bild zeigt die praktische Anwendung, bei der der Fu\u00df eines Auslegers auf unebenem Gel\u00e4nde abgest\u00fctzt wird, wobei die robuste Tragf\u00e4higkeit und die Vorteile des Bodenschutzes deutlich werden. Unsere Auslegerpads aus UHMWPE und HDPE eignen sich f\u00fcr Kr\u00e4ne, Hubarbeitsb\u00fchnen und andere Ger\u00e4te, die eine stabile Unterst\u00fctzung ben\u00f6tigen, und sind unempfindlich gegen\u00fcber Wasser, Chemikalien und hohen Temperaturen. Sie sind ein zuverl\u00e4ssiger und dauerhafter Service f\u00fcr das Baugewerbe, den Energiesektor und den Landschaftsbau und sorgen f\u00fcr die Stabilit\u00e4t der Ausr\u00fcstung und die Sicherheit der Fahrer auf jeder Baustelle.<\/p>","protected":false},"excerpt":{"rendered":"<p>Unsere UHMWPE- und HDPE-Auslegerpolster bieten hervorragende Festigkeit und Stabilit\u00e4t f\u00fcr schwere Ger\u00e4te. Diese langlebigen Polster verteilen die Lasten effektiv, verhindern Oberfl\u00e4chensch\u00e4den und erh\u00f6hen die Sicherheit bei Hebevorg\u00e4ngen. Mit ihrem praktischen Griff sind sie ideal f\u00fcr Kr\u00e4ne und Hebeb\u00fchnen.<\/p>","protected":false},"featured_media":2162,"template":"","meta":{"_gspb_post_css":""},"product_brand":[],"product_cat":[15,20],"product_tag":[397,256,396],"class_list":{"0":"post-2156","1":"product","2":"type-product","3":"status-publish","4":"has-post-thumbnail","6":"product_cat-uhmwpe-hdpe-sheets-plates","7":"product_cat-crane-outrigger-pads","8":"product_tag-hdpe","9":"product_tag-outrigger-pads","10":"product_tag-uhmwpe","12":"first","13":"instock","14":"shipping-taxable","15":"product-type-simple"},"_links":{"self":[{"href":"https:\/\/uhmwpemanufacture.com\/de\/wp-json\/wp\/v2\/product\/2156","targetHints":{"allow":["GET"]}}],"collection":[{"href":"https:\/\/uhmwpemanufacture.com\/de\/wp-json\/wp\/v2\/product"}],"about":[{"href":"https:\/\/uhmwpemanufacture.com\/de\/wp-json\/wp\/v2\/types\/product"}],"wp:featuredmedia":[{"embeddable":true,"href":"https:\/\/uhmwpemanufacture.com\/de\/wp-json\/wp\/v2\/media\/2162"}],"wp:attachment":[{"href":"https:\/\/uhmwpemanufacture.com\/de\/wp-json\/wp\/v2\/media?parent=2156"}],"wp:term":[{"taxonomy":"product_brand","embeddable":true,"href":"https:\/\/uhmwpemanufacture.com\/de\/wp-json\/wp\/v2\/product_brand?post=2156"},{"taxonomy":"product_cat","embeddable":true,"href":"https:\/\/uhmwpemanufacture.com\/de\/wp-json\/wp\/v2\/product_cat?post=2156"},{"taxonomy":"product_tag","embeddable":true,"href":"https:\/\/uhmwpemanufacture.com\/de\/wp-json\/wp\/v2\/product_tag?post=2156"}],"curies":[{"name":"wp","href":"https:\/\/api.w.org\/{rel}","templated":true}]}}