{"id":2163,"date":"2025-10-11T02:55:32","date_gmt":"2025-10-11T02:55:32","guid":{"rendered":"https:\/\/uhmwpemanufacture.com\/?post_type=product&#038;p=2163"},"modified":"2025-10-11T02:55:32","modified_gmt":"2025-10-11T02:55:32","slug":"custom-high-quality-coal-bunker-limit-plate-manufacturer","status":"publish","type":"product","link":"https:\/\/uhmwpemanufacture.com\/de\/custom-high-quality-coal-bunker-limit-plate-manufacturer\/","title":{"rendered":"Benutzerdefinierte hohe Qualit\u00e4t Kohle Bunker Limit Platte Hersteller"},"content":{"rendered":"<h2 id=\"personalized-high-quality-coal-shelter-restriction-plate-manufacturer\">Personalisierte Hochqualit\u00e4tskohlenschutzplatten Hersteller<\/h2>\n<p>Wir sind ein f\u00fchrender Anbieter von ma\u00dfgefertigten Kohlebunker-Beschr\u00e4nkungsplatten h\u00f6chster Qualit\u00e4t, die f\u00fcr \u00fcberlegene Leistung und Langlebigkeit in industriellen Umgebungen ausgelegt sind. Unsere Platten sind aus langlebigen Materialien gefertigt, um der rauen Natur der Kohle und der st\u00e4ndigen starken Beanspruchung standzuhalten, was ein effektives und sicheres Verfahren der Kohlebunker gew\u00e4hrleistet. Wie auf dem Bild zu sehen ist, sind unsere schwarzen, quadratischen Begrenzungsplatten ordentlich auf Holzpaletten gestapelt, was unsere F\u00e4higkeit zur Massenproduktion und geordneten Lieferung zeigt. Jede Platte wird mit Pr\u00e4zision hergestellt und bietet eine hervorragende Verschlei\u00dffestigkeit und eine glatte Oberfl\u00e4che, die die Zirkulation der Kohle unterst\u00fctzt und gleichzeitig die Struktur des Bunkers sch\u00fctzt. Wir bieten anpassbare Abmessungen und Produktaufmachungen, die perfekt zu Ihren detaillierten Kohlesystemen passen, die Unterhaltskosten senken und die Funktionsf\u00e4higkeit erh\u00f6hen. Vertrauen Sie auf unser Wissen, wenn es um zuverl\u00e4ssige, leistungsstarke Kohlebunkerbegrenzungsplatten geht, die den strengen Kriterien der Branche entsprechen.<\/p>","protected":false},"excerpt":{"rendered":"<p>Wir stellen hochwertige Kohlebunkerbegrenzungsplatten nach Ma\u00df her. Diese aus robusten, verschlei\u00dffesten Materialien gefertigten Platten gew\u00e4hrleisten einen effizienten Kohlefluss und sch\u00fctzen die Bunkerstrukturen. Unsere pr\u00e4zisionsgefertigten Platten sind in gro\u00dfen Mengen erh\u00e4ltlich und bieten eine lange Lebensdauer in anspruchsvollen industriellen Umgebungen.<\/p>","protected":false},"featured_media":2164,"template":"","meta":{"_gspb_post_css":""},"product_brand":[],"product_cat":[15,22],"product_tag":[413,415,414],"class_list":{"0":"post-2163","1":"product","2":"type-product","3":"status-publish","4":"has-post-thumbnail","6":"product_cat-uhmwpe-hdpe-sheets-plates","7":"product_cat-coal-bunker-limit-plates","8":"product_tag-coal-bunker-plates","9":"product_tag-industrial-plastics","10":"product_tag-limit-plates","12":"first","13":"instock","14":"shipping-taxable","15":"product-type-simple"},"_links":{"self":[{"href":"https:\/\/uhmwpemanufacture.com\/de\/wp-json\/wp\/v2\/product\/2163","targetHints":{"allow":["GET"]}}],"collection":[{"href":"https:\/\/uhmwpemanufacture.com\/de\/wp-json\/wp\/v2\/product"}],"about":[{"href":"https:\/\/uhmwpemanufacture.com\/de\/wp-json\/wp\/v2\/types\/product"}],"wp:featuredmedia":[{"embeddable":true,"href":"https:\/\/uhmwpemanufacture.com\/de\/wp-json\/wp\/v2\/media\/2164"}],"wp:attachment":[{"href":"https:\/\/uhmwpemanufacture.com\/de\/wp-json\/wp\/v2\/media?parent=2163"}],"wp:term":[{"taxonomy":"product_brand","embeddable":true,"href":"https:\/\/uhmwpemanufacture.com\/de\/wp-json\/wp\/v2\/product_brand?post=2163"},{"taxonomy":"product_cat","embeddable":true,"href":"https:\/\/uhmwpemanufacture.com\/de\/wp-json\/wp\/v2\/product_cat?post=2163"},{"taxonomy":"product_tag","embeddable":true,"href":"https:\/\/uhmwpemanufacture.com\/de\/wp-json\/wp\/v2\/product_tag?post=2163"}],"curies":[{"name":"wp","href":"https:\/\/api.w.org\/{rel}","templated":true}]}}