{"id":2167,"date":"2025-10-11T03:00:32","date_gmt":"2025-10-11T03:00:32","guid":{"rendered":"https:\/\/uhmwpemanufacture.com\/?post_type=product&#038;p=2167"},"modified":"2025-10-11T03:00:32","modified_gmt":"2025-10-11T03:00:32","slug":"composite-ground-mat-amphi-mat-plastic-road-ground-mat","status":"publish","type":"product","link":"https:\/\/uhmwpemanufacture.com\/de\/composite-ground-mat-amphi-mat-plastic-road-ground-mat\/","title":{"rendered":"Komposit-Bodenmatte Amphi-Matte Kunststoff-Stra\u00dfenbodenmatte"},"content":{"rendered":"<h2 id=\"composite-ground-mat-amphi-mat-plastic-roadway-ground-floor-covering\">Komposit-Bodenmatte, Amphi-Matte Kunststoff-Fahrbahn-Bodenbelag<\/h2>\n<p>Wir bieten hochwertige Bodenbel\u00e4ge aus Verbundwerkstoff an, die auch als Amphi Mat-Kunststoffbodenbel\u00e4ge f\u00fcr Fahrbahnen bezeichnet werden und f\u00fcr eine bemerkenswerte kurzzeitige Begehbarkeit und Bodensicherheit geschaffen wurden. Diese strapazierf\u00e4higen Matten sind ideal f\u00fcr die Herstellung von stabilen Wegen, Arbeitssystemen und Zufahrten auf schwierigem Gel\u00e4nde wie Schlamm, Sand oder unebenen Fl\u00e4chen. Das Bild zeigt einen Stapel unserer strapazierf\u00e4higen Bodenbel\u00e4ge, die mit gelben B\u00e4ndern fest verschn\u00fcrt sind und von einem Gabelstapler transportiert werden, was ihre Bereitschaft f\u00fcr einen gro\u00dffl\u00e4chigen Einsatz und ihre einfache Handhabung unterstreicht. Jeder Bodenbelag verf\u00fcgt \u00fcber eine strukturierte Oberfl\u00e4che, die Autos und Fu\u00dfg\u00e4ngern hervorragenden Halt bietet, ein Ausrutschen verhindert und f\u00fcr Sicherheit sorgt. Unsere Bodenbel\u00e4ge werden aus widerstandsf\u00e4higen, hochdichten Verbundwerkstoffen hergestellt und sind unempfindlich gegen\u00fcber schweren Lasten, Chemikalien und extremen Witterungsbedingungen, was sie zu einer seri\u00f6sen Wahl f\u00fcr Baustellen, Veranstaltungen im Freien, Versorgungsarbeiten und vieles mehr macht. Wir bieten individuelle Gr\u00f6\u00dfen an, um den unterschiedlichen Anforderungen gerecht zu werden und einen effektiven Bodenschutz und eine zuverl\u00e4ssige Zug\u00e4nglichkeit der Baustelle sicherzustellen.<\/p>","protected":false},"excerpt":{"rendered":"<p>Unsere Bodenmatten aus Verbundwerkstoff, auch bekannt als Amphi Mat-Kunststoffstra\u00dfenmatten, bieten einen hervorragenden tempor\u00e4ren Zugang und Bodenschutz. Diese strapazierf\u00e4higen Matten sind ideal f\u00fcr schwieriges Gel\u00e4nde und bieten eine hervorragende Traktion f\u00fcr Fahrzeuge und Fu\u00dfg\u00e4nger und sorgen f\u00fcr Sicherheit und Effizienz auf jeder Baustelle.<\/p>","protected":false},"featured_media":2170,"template":"","meta":{"_gspb_post_css":""},"product_brand":[],"product_cat":[24,28,26],"product_tag":[417,392,416],"class_list":{"0":"post-2167","1":"product","2":"type-product","3":"status-publish","4":"has-post-thumbnail","6":"product_cat-ground-protection-road-mats","7":"product_cat-amphi-mats","8":"product_cat-base-mats","9":"product_tag-composite-mats","10":"product_tag-ground-mats","11":"product_tag-plastic-road-mats","13":"first","14":"instock","15":"shipping-taxable","16":"product-type-simple"},"_links":{"self":[{"href":"https:\/\/uhmwpemanufacture.com\/de\/wp-json\/wp\/v2\/product\/2167","targetHints":{"allow":["GET"]}}],"collection":[{"href":"https:\/\/uhmwpemanufacture.com\/de\/wp-json\/wp\/v2\/product"}],"about":[{"href":"https:\/\/uhmwpemanufacture.com\/de\/wp-json\/wp\/v2\/types\/product"}],"wp:featuredmedia":[{"embeddable":true,"href":"https:\/\/uhmwpemanufacture.com\/de\/wp-json\/wp\/v2\/media\/2170"}],"wp:attachment":[{"href":"https:\/\/uhmwpemanufacture.com\/de\/wp-json\/wp\/v2\/media?parent=2167"}],"wp:term":[{"taxonomy":"product_brand","embeddable":true,"href":"https:\/\/uhmwpemanufacture.com\/de\/wp-json\/wp\/v2\/product_brand?post=2167"},{"taxonomy":"product_cat","embeddable":true,"href":"https:\/\/uhmwpemanufacture.com\/de\/wp-json\/wp\/v2\/product_cat?post=2167"},{"taxonomy":"product_tag","embeddable":true,"href":"https:\/\/uhmwpemanufacture.com\/de\/wp-json\/wp\/v2\/product_tag?post=2167"}],"curies":[{"name":"wp","href":"https:\/\/api.w.org\/{rel}","templated":true}]}}