{"id":2176,"date":"2025-10-11T03:30:50","date_gmt":"2025-10-11T03:30:50","guid":{"rendered":"https:\/\/uhmwpemanufacture.com\/?post_type=product&#038;p=2176"},"modified":"2025-10-11T03:30:50","modified_gmt":"2025-10-11T03:30:50","slug":"heavy-duty-uhmwpe-pe-plastic-outrigger-pad-wholesaler","status":"publish","type":"product","link":"https:\/\/uhmwpemanufacture.com\/de\/heavy-duty-uhmwpe-pe-plastic-outrigger-pad-wholesaler\/","title":{"rendered":"Heavy Duty UHMWPE PE Kunststoff Ausleger Pad Gro\u00dfh\u00e4ndler"},"content":{"rendered":"<h2 id=\"sturdy-uhmwpe-outrigger-pads\">Stabile UHMWPE-Auslegerpads<\/h2>\n<p>Diese robusten UHMWPE (Ultra-High Molecular Weight Polyethylene) Auslegerpads wurden f\u00fcr au\u00dfergew\u00f6hnliche Unterst\u00fctzung und Sicherheit in verschiedenen kommerziellen Anwendungen entwickelt. Sie werden aus hochwertigem PE-Kunststoff hergestellt und bieten au\u00dfergew\u00f6hnliche Festigkeit, Elastizit\u00e4t und Widerstandsf\u00e4higkeit gegen Besch\u00e4digungen. Das erste Bild zeigt zwei Sammlungen gestapelter, rechteckiger schwarzer Pads mit strukturierter Oberfl\u00e4che und roten Seilen f\u00fcr eine einfache Handhabung, die von einem Designkran begleitet werden, um ihre Verwendung hervorzuheben. Das zweite Foto zeigt mehrere Haufen schwarzer, quadratischer Auslegerpads, einige mit kreisf\u00f6rmigen Eindr\u00fccken, auf einer blauen Palette in einer Werkstatt, die f\u00fcr den Gro\u00dfhandel vorbereitet sind. Diese Unterlagen sind ein wichtiger Gro\u00dfhandelsartikel f\u00fcr die Sicherheit und den Schutz vor Bodensch\u00e4den beim Betrieb schwerer Maschinen.<\/p>","protected":false},"excerpt":{"rendered":"<p>Diese robusten UHMWPE-Kunststoffabst\u00fctzungen bieten eine stabile Abst\u00fctzung f\u00fcr schwere Maschinen und verhindern Bodensch\u00e4den. Sie sind im Gro\u00dfhandel erh\u00e4ltlich, \u00e4u\u00dferst langlebig und verschlei\u00dffest und f\u00fcr einen sicheren industriellen Betrieb unerl\u00e4sslich.<\/p>","protected":false},"featured_media":2179,"template":"","meta":{"_gspb_post_css":""},"product_brand":[],"product_cat":[15,21],"product_tag":[418,256,396],"class_list":{"0":"post-2176","1":"product","2":"type-product","3":"status-publish","4":"has-post-thumbnail","6":"product_cat-uhmwpe-hdpe-sheets-plates","7":"product_cat-uhmwpe-fender-pads","8":"product_tag-heavy-duty","9":"product_tag-outrigger-pads","10":"product_tag-uhmwpe","12":"first","13":"instock","14":"shipping-taxable","15":"product-type-simple"},"_links":{"self":[{"href":"https:\/\/uhmwpemanufacture.com\/de\/wp-json\/wp\/v2\/product\/2176","targetHints":{"allow":["GET"]}}],"collection":[{"href":"https:\/\/uhmwpemanufacture.com\/de\/wp-json\/wp\/v2\/product"}],"about":[{"href":"https:\/\/uhmwpemanufacture.com\/de\/wp-json\/wp\/v2\/types\/product"}],"wp:featuredmedia":[{"embeddable":true,"href":"https:\/\/uhmwpemanufacture.com\/de\/wp-json\/wp\/v2\/media\/2179"}],"wp:attachment":[{"href":"https:\/\/uhmwpemanufacture.com\/de\/wp-json\/wp\/v2\/media?parent=2176"}],"wp:term":[{"taxonomy":"product_brand","embeddable":true,"href":"https:\/\/uhmwpemanufacture.com\/de\/wp-json\/wp\/v2\/product_brand?post=2176"},{"taxonomy":"product_cat","embeddable":true,"href":"https:\/\/uhmwpemanufacture.com\/de\/wp-json\/wp\/v2\/product_cat?post=2176"},{"taxonomy":"product_tag","embeddable":true,"href":"https:\/\/uhmwpemanufacture.com\/de\/wp-json\/wp\/v2\/product_tag?post=2176"}],"curies":[{"name":"wp","href":"https:\/\/api.w.org\/{rel}","templated":true}]}}