{"id":2180,"date":"2025-10-11T03:34:56","date_gmt":"2025-10-11T03:34:56","guid":{"rendered":"https:\/\/uhmwpemanufacture.com\/?post_type=product&#038;p=2180"},"modified":"2025-10-11T03:34:56","modified_gmt":"2025-10-11T03:34:56","slug":"nylon-materials-pp-pe-transmission-helical-gears-distributor","status":"publish","type":"product","link":"https:\/\/uhmwpemanufacture.com\/de\/nylon-materials-pp-pe-transmission-helical-gears-distributor\/","title":{"rendered":"Nylonwerkstoffe PP PE Getriebe Spiralr\u00e4der Verteiler"},"content":{"rendered":"<h2 id=\"nylon-pp-and-pe-transmission-helical-gears\">Nylon, PP und PE Getriebe-Schneckenr\u00e4der<\/h2>\n<p>Diese schr\u00e4gverzahnten Zahnr\u00e4der werden aus hochwertigem Nylon, PP (Polypropylen) und PE (Polyethylen) hergestellt und eignen sich daher hervorragend f\u00fcr verschiedene \u00dcbertragungsanwendungen. Sie wurden f\u00fcr eine reibungslose und effiziente Kraft\u00fcbertragung entwickelt und zeichnen sich durch hohe Robustheit, Ger\u00e4uscharmut und Widerstandsf\u00e4higkeit gegen Abnutzung und Verschlei\u00df aus. Die Fotos zeigen eine Sammlung dieser Kunststoffausr\u00fcstungen, haupts\u00e4chlich in blau, mit einigen wei\u00dfen auf dem ersten Bild, angeordnet in einem runden Muster. Das 2. Bild liefert einen n\u00e4heren Blick auf die detaillierte Schr\u00e4gverzahnung der Himmelszahnr\u00e4der. Als Zulieferer liefern wir seri\u00f6s diese notwendigen Komponenten f\u00fcr eine Vielzahl von Maschinen und Werkzeugen.<\/p>","protected":false},"excerpt":{"rendered":"<p>Als Vertriebsh\u00e4ndler bieten wir hochwertige Stirnradgetriebe aus Nylon, PP und PE an. Diese Getriebekomponenten aus Kunststoff sorgen f\u00fcr einen reibungslosen, langlebigen und leisen Betrieb verschiedener Maschinen. Sie sind in Blau und Wei\u00df erh\u00e4ltlich und bieten eine hervorragende Verschlei\u00df- und Korrosionsbest\u00e4ndigkeit.<\/p>","protected":false},"featured_media":2181,"template":"","meta":{"_gspb_post_css":""},"product_brand":[],"product_cat":[23,35],"product_tag":[419,420,421],"class_list":{"0":"post-2180","1":"product","2":"type-product","3":"status-publish","4":"has-post-thumbnail","6":"product_cat-nylon-sheets","7":"product_cat-pp-pe-products","8":"product_tag-helical-gears","9":"product_tag-plastic-gears","10":"product_tag-transmission-gears","12":"first","13":"instock","14":"shipping-taxable","15":"product-type-simple"},"_links":{"self":[{"href":"https:\/\/uhmwpemanufacture.com\/de\/wp-json\/wp\/v2\/product\/2180","targetHints":{"allow":["GET"]}}],"collection":[{"href":"https:\/\/uhmwpemanufacture.com\/de\/wp-json\/wp\/v2\/product"}],"about":[{"href":"https:\/\/uhmwpemanufacture.com\/de\/wp-json\/wp\/v2\/types\/product"}],"wp:featuredmedia":[{"embeddable":true,"href":"https:\/\/uhmwpemanufacture.com\/de\/wp-json\/wp\/v2\/media\/2181"}],"wp:attachment":[{"href":"https:\/\/uhmwpemanufacture.com\/de\/wp-json\/wp\/v2\/media?parent=2180"}],"wp:term":[{"taxonomy":"product_brand","embeddable":true,"href":"https:\/\/uhmwpemanufacture.com\/de\/wp-json\/wp\/v2\/product_brand?post=2180"},{"taxonomy":"product_cat","embeddable":true,"href":"https:\/\/uhmwpemanufacture.com\/de\/wp-json\/wp\/v2\/product_cat?post=2180"},{"taxonomy":"product_tag","embeddable":true,"href":"https:\/\/uhmwpemanufacture.com\/de\/wp-json\/wp\/v2\/product_tag?post=2180"}],"curies":[{"name":"wp","href":"https:\/\/api.w.org\/{rel}","templated":true}]}}